{"id":773848,"date":"2025-08-28T16:31:24","date_gmt":"2025-08-28T13:31:24","guid":{"rendered":"https:\/\/roveyayinevi.com.tr\/index.php\/urun\/nakil-ii\/"},"modified":"2026-04-15T03:39:58","modified_gmt":"2026-04-15T00:39:58","slug":"nakil-ii","status":"publish","type":"product","link":"https:\/\/roveyayinevi.com.tr\/index.php\/urun\/nakil-ii\/","title":{"rendered":"Nakil II"},"content":{"rendered":"<p>\u015eu iki suretin h\u00e2ricinde ise a\u015fk pervaza meyyal kanatlarla m\u00fczeyyen,  hun-r\u00eez pen\u00e7elerle m\u00fccehhezdir, yeisten ba\u015fka bir \u015fey b\u0131rakmaz.  A\u015fk, \u00e7i\u00e7eklerle meml\u00fb zevrak\u00e7e-i hay\u00e2l \u00fczerinde, \u00e2\u015f\u0131k ve \u00e2\u015f\u0131klar\u0131n  ilerledikleri bir sahil-i \u00fcmit-perver gibidir. Kar\u015f\u0131dan korular, defineler,  g\u00fcller, yaseminler ile m\u00fczeyyen s\u00eem\u00een \u00e7aylar\u0131 nazarlara arz-\u0131 letafet eder; lakin takarr\u00fcp edince o sahil-i muzlim, vah\u015f\u00ee, peri\u015fan h\u00e2l g\u00f6r\u00fcl\u00fcr; harap olmu\u015f, yenmi\u015f kayalar, ta\u015flar\u0131 aras\u0131ndan kurba\u011falar, y\u0131lanlar, \u00e7\u0131yanlar s\u00fcr\u00fcklenen m\u00fcteaffin batakl\u0131klar fark edilir. Lakin \u00e2\u015f\u0131klar, \u00e2\u015f\u0131kalar bunda da aldan\u0131yor. Zira \u00e7\u0131kmak \u00fczere bulunduklar\u0131 o tenha, s\u00e2kit sahilde hatta o m\u00fcteaffin batakl\u0131klar bile yoktur.\u201d -Bir Muh\u00e2vere [Theodore de Banville]   Halid Ziya U\u015fakl\u0131gil\u2019in N\u00e2kil adl\u0131 bu se\u00e7kisi, a\u015fk\u0131 ve evlili\u011fi insan\u0131n i\u00e7 d\u00fcnyas\u0131ndaki \u201contolojik bir bo\u015fluk\u201d i\u00e7inde yitip giden varolu\u015f h\u00e2lleri olarak resmeden hik\u00e2yelerden olu\u015fur. Kitab\u0131nda bir araya getirdi\u011fi metinler, hem bireysel se\u00e7im zevkini hem de d\u00f6nemin estetik ve d\u00fc\u015f\u00fcnsel atmosferini yans\u0131t\u0131r. U\u015fakl\u0131gil\u2019in se\u00e7ti\u011fi hik\u00e2yeler, realizmin bi\u00e7im ve duyu\u015f tarz\u0131n\u0131 benimseyen bir anlay\u0131\u015fla; a\u015fk\u0131, insan\u0131n i\u00e7 d\u00fcnyas\u0131ndaki buhranlar\u0131, varolu\u015fsal hi\u00e7li\u011fini yans\u0131tan bir eksende \u015fekillenir. <\/p>\n","protected":false},"excerpt":{"rendered":"<p>\u015eu iki suretin h\u00e2ricinde ise a\u015fk pervaza meyyal kanatlarla m\u00fczeyyen, hun-r\u00eez pen\u00e7elerle m\u00fccehhezdir, yeisten ba\u015fka bir \u015fey b\u0131rakmaz. A\u015fk, \u00e7i\u00e7eklerle meml\u00fb zevrak\u00e7e-i hay\u00e2l \u00fczerinde, \u00e2\u015f\u0131k ve<span class=\"excerpt-hellip\"> [\u2026]<\/span><\/p>\n","protected":false},"featured_media":0,"template":"","meta":{"_monsterinsights_skip_tracking":false,"_monsterinsights_sitenote_active":false,"_monsterinsights_sitenote_note":"","_monsterinsights_sitenote_category":0},"product_brand":[],"product_cat":[12291,12711],"product_tag":[],"class_list":{"0":"post-773848","1":"product","2":"type-product","3":"status-publish","5":"product_cat-edebiyat","6":"product_cat-roman-oyku","7":"pa_cilt-ciltsiz","8":"pa_tur-kitap","9":"pa_yayinevi-telve-kitap","10":"pa_yazar-halid-ziya-usakligil","12":"first","13":"instock","14":"sale","15":"shipping-taxable","16":"purchasable","17":"product-type-simple"},"_links":{"self":[{"href":"https:\/\/roveyayinevi.com.tr\/index.php\/wp-json\/wp\/v2\/product\/773848","targetHints":{"allow":["GET"]}}],"collection":[{"href":"https:\/\/roveyayinevi.com.tr\/index.php\/wp-json\/wp\/v2\/product"}],"about":[{"href":"https:\/\/roveyayinevi.com.tr\/index.php\/wp-json\/wp\/v2\/types\/product"}],"wp:attachment":[{"href":"https:\/\/roveyayinevi.com.tr\/index.php\/wp-json\/wp\/v2\/media?parent=773848"}],"wp:term":[{"taxonomy":"product_brand","embeddable":true,"href":"https:\/\/roveyayinevi.com.tr\/index.php\/wp-json\/wp\/v2\/product_brand?post=773848"},{"taxonomy":"product_cat","embeddable":true,"href":"https:\/\/roveyayinevi.com.tr\/index.php\/wp-json\/wp\/v2\/product_cat?post=773848"},{"taxonomy":"product_tag","embeddable":true,"href":"https:\/\/roveyayinevi.com.tr\/index.php\/wp-json\/wp\/v2\/product_tag?post=773848"}],"curies":[{"name":"wp","href":"https:\/\/api.w.org\/{rel}","templated":true}]}}