{"id":773847,"date":"2025-08-28T16:31:21","date_gmt":"2025-08-28T13:31:21","guid":{"rendered":"https:\/\/roveyayinevi.com.tr\/index.php\/urun\/nakil-i-cilt\/"},"modified":"2026-04-15T03:39:58","modified_gmt":"2026-04-15T00:39:58","slug":"nakil-i-cilt","status":"publish","type":"product","link":"https:\/\/roveyayinevi.com.tr\/index.php\/urun\/nakil-i-cilt\/","title":{"rendered":"Nakil  I.Cilt"},"content":{"rendered":"<p>\u0130kisi de ba\u015flamadan evvel derin bir nazarla bak\u0131\u015ft\u0131lar, bu nazarda bilmem ni\u00e7in g\u00f6zya\u015flar\u0131na benzer bir \u015fey vard\u0131. O vakit yekdi\u011ferini anlam\u0131\u015flarcas\u0131na gen\u00e7 adam\u0131n elleri fildi\u015flerinin \u00fczerinden bir pervaz-\u0131 seri ile u\u00e7tu. Odan\u0131n hava-i mahsurunda bir fery\u00e2d-\u0131 feci, bir nefha-i tayyar titredi. Bu nefha aras\u0131nda mu\u0308htez bir sesin bat\u00ee bir seyelan ile u\u00e7tu\u011fu i\u015fitildi. Gen\u00e7 k\u0131z\u0131n renksiz dudaklar\u0131ndan \u00e7\u0131kan bu sed\u00e2-y\u0131 ruh-perver ile delikanl\u0131n\u0131n parmaklar\u0131 ucundan u\u00e7u\u015fan billuri teraneler yekdi\u011feriyle leb-ber-leb ahenk olarak bir \u00e2lem-i sihrin bir lisan-\u0131 acibi gibi bir mecmua h\u00e2s\u0131l oldu. Evvela bu ses, o alet; hazin, aheste bir surette yuvarlan\u0131yordu. Fakat bir zaman geldi ki bir keman\u0131n k\u0131r\u0131lmas\u0131n\u0131, bir \u015fehk\u00e2n\u0131n patlamas\u0131n\u0131 and\u0131r\u0131r bir int\u0131rak-\u0131 esv\u00e2t ile sine-i h\u0131ra\u015f bir feryat i\u015fitildi.   Halid Ziya U\u015fakl\u0131gil modern d\u00f6nem T\u00fcrk edebiyat\u0131n\u0131n nesir alan\u0131ndaki \u00f6nc\u00fc isimlerindendir. Avrupai tarzda romanlar\u0131 ve hik\u00e2yeleriyle modern T\u00fcrk nesrini \u015fekillendiren kalemler aras\u0131nda yer al\u0131r. Realist tarzda kaleme ald\u0131\u011f\u0131 hik\u00e2yelerinde modernle\u015fme d\u00f6neminin \u00e7ok\u00e7a kar\u015f\u0131la\u015f\u0131lan tiplerini ve sorunlar\u0131n\u0131 ele alan yazar, N\u00e2kil adl\u0131 eserde Bat\u0131 edebiyat\u0131ndan \u00e7evirilere yer vermi\u015ftir. <\/p>\n","protected":false},"excerpt":{"rendered":"<p>\u0130kisi de ba\u015flamadan evvel derin bir nazarla bak\u0131\u015ft\u0131lar, bu nazarda bilmem ni\u00e7in g\u00f6zya\u015flar\u0131na benzer bir \u015fey vard\u0131. O vakit yekdi\u011ferini anlam\u0131\u015flarcas\u0131na gen\u00e7 adam\u0131n elleri fildi\u015flerinin \u00fczerinden<span class=\"excerpt-hellip\"> [\u2026]<\/span><\/p>\n","protected":false},"featured_media":0,"template":"","meta":{"_monsterinsights_skip_tracking":false,"_monsterinsights_sitenote_active":false,"_monsterinsights_sitenote_note":"","_monsterinsights_sitenote_category":0},"product_brand":[],"product_cat":[12291,12711],"product_tag":[],"class_list":{"0":"post-773847","1":"product","2":"type-product","3":"status-publish","5":"product_cat-edebiyat","6":"product_cat-roman-oyku","7":"pa_cilt-ciltsiz","8":"pa_tur-kitap","9":"pa_yayinevi-telve-kitap","10":"pa_yazar-halid-ziya-usakligil","12":"first","13":"instock","14":"sale","15":"shipping-taxable","16":"purchasable","17":"product-type-simple"},"_links":{"self":[{"href":"https:\/\/roveyayinevi.com.tr\/index.php\/wp-json\/wp\/v2\/product\/773847","targetHints":{"allow":["GET"]}}],"collection":[{"href":"https:\/\/roveyayinevi.com.tr\/index.php\/wp-json\/wp\/v2\/product"}],"about":[{"href":"https:\/\/roveyayinevi.com.tr\/index.php\/wp-json\/wp\/v2\/types\/product"}],"wp:attachment":[{"href":"https:\/\/roveyayinevi.com.tr\/index.php\/wp-json\/wp\/v2\/media?parent=773847"}],"wp:term":[{"taxonomy":"product_brand","embeddable":true,"href":"https:\/\/roveyayinevi.com.tr\/index.php\/wp-json\/wp\/v2\/product_brand?post=773847"},{"taxonomy":"product_cat","embeddable":true,"href":"https:\/\/roveyayinevi.com.tr\/index.php\/wp-json\/wp\/v2\/product_cat?post=773847"},{"taxonomy":"product_tag","embeddable":true,"href":"https:\/\/roveyayinevi.com.tr\/index.php\/wp-json\/wp\/v2\/product_tag?post=773847"}],"curies":[{"name":"wp","href":"https:\/\/api.w.org\/{rel}","templated":true}]}}