{"id":773845,"date":"2025-08-28T16:31:15","date_gmt":"2025-08-28T13:31:15","guid":{"rendered":"https:\/\/roveyayinevi.com.tr\/index.php\/urun\/heyhat-2\/"},"modified":"2026-04-15T03:39:58","modified_gmt":"2026-04-15T00:39:58","slug":"heyhat-2","status":"publish","type":"product","link":"https:\/\/roveyayinevi.com.tr\/index.php\/urun\/heyhat-2\/","title":{"rendered":"Heyhat"},"content":{"rendered":"<p>Ya siz hayat\u0131n\u0131z\u0131n b\u00fct\u00fcn senelerini m\u00fczi\u00e7 k\u00fb\u015fi\u015flerle ge\u00e7irmi\u015f olsayd\u0131n\u0131z, ondan sonra\u2026 G\u00f6zlerini kapayarak biraz durdu- ondan sonra hayat\u0131n\u0131zda daim\u00ee bir \u0131st\u0131rab\u0131n takib-i b\u00ee-insaf\u0131yla \u00e7\u0131ld\u0131rsayd\u0131n\u0131z, art\u0131k k\u00e2milen dinlenmek ihtiy\u00e2cat\u0131 duymaz m\u0131yd\u0131n\u0131z? \u0130\u015fte kar\u015f\u0131n\u0131zda cemiyetten usanm\u0131\u015f, hayat\u0131ndan yorulmu\u015f, u\u011fra\u015fmaktan, daima cenk etmekten b\u0131km\u0131\u015f, hayattan hi\u00e7bir nasib-i \u015fiir almad\u0131ktan sonra art\u0131k bekleyecek bir \u015feyi kalmam\u0131\u015f bir adam var ki buraya dinlenmek i\u00e7in gelmi\u015f ve \u00f6lmeden evvel bir daha yorulmak azmiyle dinlenmek i\u00e7in\u2026 Burada kendimden o kadar ho\u015fnudum ki b\u00fct\u00fcn insanlar\u0131 unutmak \u00fczereyim.   Sanatk\u00e2r\u0131n \u201ck\u00fc\u00e7\u00fck roman\u201d olarak adland\u0131rd\u0131\u011f\u0131 ve \u0130zmir\u2019de kaleme ald\u0131\u011f\u0131 son uzun hik\u00e2yesi Heyhat, mutsuz bir a\u015fk\u0131 konu almaktad\u0131r. Eserde, anlat\u0131 i\u00e7inde anlat\u0131 yap\u0131s\u0131 g\u00f6zlemlenmekte ve bu ba\u011flamda \u00e7er\u00e7eve \u00f6yk\u00fc \u00f6zelli\u011fi ta\u015f\u0131maktad\u0131r. Hik\u00e2ye, anlat\u0131c\u0131n\u0131n dinlenmek \u00fczere bir sahil k\u00f6y\u00fcne gitmesiyle ba\u015flar; bu durum, hik\u00e2yenin geli\u015fimini \u015fekillendiren temel bir ba\u015flang\u0131\u00e7 noktas\u0131 olu\u015fturmaktad\u0131r. <\/p>\n","protected":false},"excerpt":{"rendered":"<p>Ya siz hayat\u0131n\u0131z\u0131n b\u00fct\u00fcn senelerini m\u00fczi\u00e7 k\u00fb\u015fi\u015flerle ge\u00e7irmi\u015f olsayd\u0131n\u0131z, ondan sonra\u2026 G\u00f6zlerini kapayarak biraz durdu- ondan sonra hayat\u0131n\u0131zda daim\u00ee bir \u0131st\u0131rab\u0131n takib-i b\u00ee-insaf\u0131yla \u00e7\u0131ld\u0131rsayd\u0131n\u0131z, art\u0131k k\u00e2milen<span class=\"excerpt-hellip\"> [\u2026]<\/span><\/p>\n","protected":false},"featured_media":0,"template":"","meta":{"_monsterinsights_skip_tracking":false,"_monsterinsights_sitenote_active":false,"_monsterinsights_sitenote_note":"","_monsterinsights_sitenote_category":0},"product_brand":[],"product_cat":[12291,12711],"product_tag":[],"class_list":{"0":"post-773845","1":"product","2":"type-product","3":"status-publish","5":"product_cat-edebiyat","6":"product_cat-roman-oyku","7":"pa_cilt-ciltsiz","8":"pa_tur-kitap","9":"pa_yayinevi-telve-kitap","10":"pa_yazar-halid-ziya-usakligil","12":"first","13":"instock","14":"sale","15":"shipping-taxable","16":"purchasable","17":"product-type-simple"},"_links":{"self":[{"href":"https:\/\/roveyayinevi.com.tr\/index.php\/wp-json\/wp\/v2\/product\/773845","targetHints":{"allow":["GET"]}}],"collection":[{"href":"https:\/\/roveyayinevi.com.tr\/index.php\/wp-json\/wp\/v2\/product"}],"about":[{"href":"https:\/\/roveyayinevi.com.tr\/index.php\/wp-json\/wp\/v2\/types\/product"}],"wp:attachment":[{"href":"https:\/\/roveyayinevi.com.tr\/index.php\/wp-json\/wp\/v2\/media?parent=773845"}],"wp:term":[{"taxonomy":"product_brand","embeddable":true,"href":"https:\/\/roveyayinevi.com.tr\/index.php\/wp-json\/wp\/v2\/product_brand?post=773845"},{"taxonomy":"product_cat","embeddable":true,"href":"https:\/\/roveyayinevi.com.tr\/index.php\/wp-json\/wp\/v2\/product_cat?post=773845"},{"taxonomy":"product_tag","embeddable":true,"href":"https:\/\/roveyayinevi.com.tr\/index.php\/wp-json\/wp\/v2\/product_tag?post=773845"}],"curies":[{"name":"wp","href":"https:\/\/api.w.org\/{rel}","templated":true}]}}