{"id":773843,"date":"2025-08-28T16:31:12","date_gmt":"2025-08-28T13:31:12","guid":{"rendered":"https:\/\/roveyayinevi.com.tr\/index.php\/urun\/guzellik-ve-yucelik-duygulari-uzerine-gozlemler\/"},"modified":"2026-04-15T03:39:58","modified_gmt":"2026-04-15T00:39:58","slug":"guzellik-ve-yucelik-duygulari-uzerine-gozlemler","status":"publish","type":"product","link":"https:\/\/roveyayinevi.com.tr\/index.php\/urun\/guzellik-ve-yucelik-duygulari-uzerine-gozlemler\/","title":{"rendered":"Gu\u0308zellik ve Yu\u0308celik Duygular\u0131 \u00dczerine G\u00f6zlemler"},"content":{"rendered":"<p>Kant\u2019\u0131n 1764\u2019te yay\u0131mlad\u0131\u011f\u0131 G\u00fczellik ve Y\u00fccelik Duygular\u0131 \u00dczerine G\u00f6zlemler, onun felsefi d\u00fc\u015f\u00fcncesine ait erken ama etkili ad\u0131mlar\u0131ndan biridir. Ele\u015ftirel d\u00f6nem \u00f6ncesine ait bu metin, estetik yarg\u0131larla ahlaki duyarl\u0131l\u0131k aras\u0131ndaki ba\u011f\u0131 ara\u015ft\u0131r\u0131rken, Kant\u2019\u0131n ileride geli\u015ftirece\u011fi ahlak felsefesinin ve estetik kuram\u0131n\u0131n da ilk izlerini ta\u015f\u0131r. G\u00fczellik ile y\u00fccelik aras\u0131nda yapt\u0131\u011f\u0131 ayr\u0131m yaln\u0131zca estetik bir duyum fark\u0131 de\u011fil, ayn\u0131 zamanda insan do\u011fas\u0131, cinsiyetler aras\u0131 farklar ve ulusal karakterler \u00fczerine kapsaml\u0131 bir d\u00fc\u015f\u00fcnsel sorgulaman\u0131n ba\u015flang\u0131c\u0131d\u0131r. Bir taraftan \u00e7a\u011f\u0131n\u0131n entelekt\u00fcel atmosferine \u0131\u015f\u0131k tutan bu \u00f6nemli eser, di\u011fer tarafta Kant\u2019\u0131n sistematik felsefesine giden yolda \u00f6nemli bir e\u015fik olu\u015fturmu\u015ftur. Almanca asl\u0131ndan yap\u0131lan \u00f6zenli \u00e7evirisi ve kapsaml\u0131 sunu\u015f yaz\u0131s\u0131yla G\u00fczellik ve Y\u00fccelik Duygular\u0131 \u00dczerine G\u00f6zlemler, Kant\u2019\u0131 derinlemesine anlamak isteyenler i\u00e7in g\u00fc\u00e7l\u00fc bir ba\u015flang\u0131\u00e7 noktas\u0131. <\/p>\n","protected":false},"excerpt":{"rendered":"<p>Kant\u2019\u0131n 1764\u2019te yay\u0131mlad\u0131\u011f\u0131 G\u00fczellik ve Y\u00fccelik Duygular\u0131 \u00dczerine G\u00f6zlemler, onun felsefi d\u00fc\u015f\u00fcncesine ait erken ama etkili ad\u0131mlar\u0131ndan biridir. Ele\u015ftirel d\u00f6nem \u00f6ncesine ait bu metin, estetik yarg\u0131larla<span class=\"excerpt-hellip\"> [\u2026]<\/span><\/p>\n","protected":false},"featured_media":0,"template":"","meta":{"_monsterinsights_skip_tracking":false,"_monsterinsights_sitenote_active":false,"_monsterinsights_sitenote_note":"","_monsterinsights_sitenote_category":0},"product_brand":[],"product_cat":[20351,12388],"product_tag":[],"class_list":{"0":"post-773843","1":"product","2":"type-product","3":"status-publish","5":"product_cat-dusunce","6":"product_cat-felsefe","7":"pa_cilt-ciltsiz","8":"pa_tur-kitap","9":"pa_yayinevi-say-yayinlari","10":"pa_yazar-immanuel-kant","12":"first","13":"instock","14":"sale","15":"shipping-taxable","16":"purchasable","17":"product-type-simple"},"_links":{"self":[{"href":"https:\/\/roveyayinevi.com.tr\/index.php\/wp-json\/wp\/v2\/product\/773843","targetHints":{"allow":["GET"]}}],"collection":[{"href":"https:\/\/roveyayinevi.com.tr\/index.php\/wp-json\/wp\/v2\/product"}],"about":[{"href":"https:\/\/roveyayinevi.com.tr\/index.php\/wp-json\/wp\/v2\/types\/product"}],"wp:attachment":[{"href":"https:\/\/roveyayinevi.com.tr\/index.php\/wp-json\/wp\/v2\/media?parent=773843"}],"wp:term":[{"taxonomy":"product_brand","embeddable":true,"href":"https:\/\/roveyayinevi.com.tr\/index.php\/wp-json\/wp\/v2\/product_brand?post=773843"},{"taxonomy":"product_cat","embeddable":true,"href":"https:\/\/roveyayinevi.com.tr\/index.php\/wp-json\/wp\/v2\/product_cat?post=773843"},{"taxonomy":"product_tag","embeddable":true,"href":"https:\/\/roveyayinevi.com.tr\/index.php\/wp-json\/wp\/v2\/product_tag?post=773843"}],"curies":[{"name":"wp","href":"https:\/\/api.w.org\/{rel}","templated":true}]}}