{"id":773842,"date":"2025-08-28T16:31:10","date_gmt":"2025-08-28T13:31:10","guid":{"rendered":"https:\/\/roveyayinevi.com.tr\/index.php\/urun\/haz-ilkesinin-otesinde-2\/"},"modified":"2026-04-15T03:39:58","modified_gmt":"2026-04-15T00:39:58","slug":"haz-ilkesinin-otesinde-2","status":"publish","type":"product","link":"https:\/\/roveyayinevi.com.tr\/index.php\/urun\/haz-ilkesinin-otesinde-2\/","title":{"rendered":"Haz \u0130lkesinin \u00d6tesinde"},"content":{"rendered":"<p>Haz ilkesinin, ruhsal ayg\u0131t\u0131n birincil i\u015fleyi\u015f bi\u00e7imi oldu\u011funu; ancak organizman\u0131n kendini d\u0131\u015f d\u00fcnyan\u0131n zorluklar\u0131 kar\u015f\u0131s\u0131nda ortaya koyabilmesi a\u00e7\u0131s\u0131ndan en ba\u015f\u0131ndan itibaren yetersiz, hatta tehlikeli oldu\u011funu biliyoruz. Egonun kendini koruma d\u00fcrt\u00fclerinin etkisiyle, haz ilkesinin yerini ger\u00e7eklik ilkesi al\u0131r. Ger\u00e7eklik ilkesi, nihai haz amac\u0131ndan tamamen vazge\u00e7meden; hazz\u0131n ertelenmesini, baz\u0131 haz olas\u0131l\u0131klar\u0131ndan feragat edilmesini ve hazza giden uzun yolda ge\u00e7ici ho\u015fnutsuzluklara katlan\u0131lmas\u0131n\u0131 talep eder ve bunu uygular. Ancak haz ilkesi, \u201ce\u011fitilmesi\u201d \u00e7ok zor olan cinsel d\u00fcrt\u00fclerin kulland\u0131\u011f\u0131 bir \u00e7al\u0131\u015fma y\u00f6ntemi olarak uzun s\u00fcre varl\u0131\u011f\u0131n\u0131 s\u00fcrd\u00fcr\u00fcr ve bu d\u00fcrt\u00fclerden ya da egonun kendisinden yola \u00e7\u0131karak, \u00e7o\u011fu kez organizman\u0131n bir b\u00fct\u00fcn olarak zarar\u0131na olacak \u015fekilde ger\u00e7eklik ilkesini alt etmeyi ba\u015far\u0131r. Haz ilkesinin \u00f6tesinde ger\u00e7eklik ilkesi yer al\u0131r. <\/p>\n","protected":false},"excerpt":{"rendered":"<p>Haz ilkesinin, ruhsal ayg\u0131t\u0131n birincil i\u015fleyi\u015f bi\u00e7imi oldu\u011funu; ancak organizman\u0131n kendini d\u0131\u015f d\u00fcnyan\u0131n zorluklar\u0131 kar\u015f\u0131s\u0131nda ortaya koyabilmesi a\u00e7\u0131s\u0131ndan en ba\u015f\u0131ndan itibaren yetersiz, hatta tehlikeli oldu\u011funu biliyoruz.<span class=\"excerpt-hellip\"> [\u2026]<\/span><\/p>\n","protected":false},"featured_media":0,"template":"","meta":{"_monsterinsights_skip_tracking":false,"_monsterinsights_sitenote_active":false,"_monsterinsights_sitenote_note":"","_monsterinsights_sitenote_category":0},"product_brand":[],"product_cat":[12358,12357],"product_tag":[],"class_list":{"0":"post-773842","1":"product","2":"type-product","3":"status-publish","5":"product_cat-genel-psikoloji","6":"product_cat-psikoloji","7":"pa_cilt-ciltsiz","8":"pa_tur-kitap","9":"pa_yayinevi-say-yayinlari","10":"pa_yazar-sigmund-freud","12":"first","13":"instock","14":"sale","15":"shipping-taxable","16":"purchasable","17":"product-type-simple"},"_links":{"self":[{"href":"https:\/\/roveyayinevi.com.tr\/index.php\/wp-json\/wp\/v2\/product\/773842","targetHints":{"allow":["GET"]}}],"collection":[{"href":"https:\/\/roveyayinevi.com.tr\/index.php\/wp-json\/wp\/v2\/product"}],"about":[{"href":"https:\/\/roveyayinevi.com.tr\/index.php\/wp-json\/wp\/v2\/types\/product"}],"wp:attachment":[{"href":"https:\/\/roveyayinevi.com.tr\/index.php\/wp-json\/wp\/v2\/media?parent=773842"}],"wp:term":[{"taxonomy":"product_brand","embeddable":true,"href":"https:\/\/roveyayinevi.com.tr\/index.php\/wp-json\/wp\/v2\/product_brand?post=773842"},{"taxonomy":"product_cat","embeddable":true,"href":"https:\/\/roveyayinevi.com.tr\/index.php\/wp-json\/wp\/v2\/product_cat?post=773842"},{"taxonomy":"product_tag","embeddable":true,"href":"https:\/\/roveyayinevi.com.tr\/index.php\/wp-json\/wp\/v2\/product_tag?post=773842"}],"curies":[{"name":"wp","href":"https:\/\/api.w.org\/{rel}","templated":true}]}}