{"id":773841,"date":"2025-08-28T16:31:07","date_gmt":"2025-08-28T13:31:07","guid":{"rendered":"https:\/\/roveyayinevi.com.tr\/index.php\/urun\/asure-3\/"},"modified":"2026-04-15T03:39:58","modified_gmt":"2026-04-15T00:39:58","slug":"asure-3","status":"publish","type":"product","link":"https:\/\/roveyayinevi.com.tr\/index.php\/urun\/asure-3\/","title":{"rendered":"A\u015fure"},"content":{"rendered":"<p>Her malzemesiyle ayr\u0131 bir hik\u00e2ye, her ka\u015f\u0131\u011f\u0131yla ba\u015fka bir tat\u2026 \u0130\u00e7inde dostluk var, sevgi var, sab\u0131r var, bereket var. Bu kitapta sadece bir tatl\u0131n\u0131n de\u011fil, ayn\u0131 zamanda bir gelene\u011fin, bir payla\u015f\u0131m\u0131n, bir dayan\u0131\u015fman\u0131n izini s\u00fcreceksiniz. \u00c7ocuk edebiyat\u0131n\u0131n usta yazar\u0131 Ayla \u00c7\u0131naro\u011flu\u2019nun s\u0131cac\u0131k kelimeleriyle, Mustafa Delio\u011flu\u2019nun renkli d\u00fc\u015f d\u00fcnyas\u0131nda hayat bulan \u00e7izimleri birle\u015fiyor; \u00e7ocuklar\u0131 hem tatlar\u0131n hem de k\u00fclt\u00fcr\u00fcm\u00fcz\u00fcn i\u00e7ten bir yolculu\u011funa \u00e7\u0131kar\u0131yor. A\u015fure kazan\u0131 kaynarken anlat\u0131lan masallar, payla\u015f\u0131lan an\u0131lar bu sayfalarda yeniden can buluyor. Birlikte pi\u015firmeye, birlikte payla\u015fmaya var m\u0131s\u0131n\u0131z? <\/p>\n","protected":false},"excerpt":{"rendered":"<p>Her malzemesiyle ayr\u0131 bir hik\u00e2ye, her ka\u015f\u0131\u011f\u0131yla ba\u015fka bir tat\u2026 \u0130\u00e7inde dostluk var, sevgi var, sab\u0131r var, bereket var. Bu kitapta sadece bir tatl\u0131n\u0131n de\u011fil, ayn\u0131<span class=\"excerpt-hellip\"> [\u2026]<\/span><\/p>\n","protected":false},"featured_media":0,"template":"","meta":{"_monsterinsights_skip_tracking":false,"_monsterinsights_sitenote_active":false,"_monsterinsights_sitenote_note":"","_monsterinsights_sitenote_category":0},"product_brand":[],"product_cat":[12274,12284],"product_tag":[],"class_list":{"0":"post-773841","1":"product","2":"type-product","3":"status-publish","5":"product_cat-cocuk-ve-genclik-kitaplari","6":"product_cat-hikayeler","7":"pa_cilt-ciltsiz","8":"pa_tur-kitap","9":"pa_yayinevi-fom-kitap","10":"pa_yazar-ayla-cinaroglu","12":"first","13":"instock","14":"sale","15":"shipping-taxable","16":"purchasable","17":"product-type-simple"},"_links":{"self":[{"href":"https:\/\/roveyayinevi.com.tr\/index.php\/wp-json\/wp\/v2\/product\/773841","targetHints":{"allow":["GET"]}}],"collection":[{"href":"https:\/\/roveyayinevi.com.tr\/index.php\/wp-json\/wp\/v2\/product"}],"about":[{"href":"https:\/\/roveyayinevi.com.tr\/index.php\/wp-json\/wp\/v2\/types\/product"}],"wp:attachment":[{"href":"https:\/\/roveyayinevi.com.tr\/index.php\/wp-json\/wp\/v2\/media?parent=773841"}],"wp:term":[{"taxonomy":"product_brand","embeddable":true,"href":"https:\/\/roveyayinevi.com.tr\/index.php\/wp-json\/wp\/v2\/product_brand?post=773841"},{"taxonomy":"product_cat","embeddable":true,"href":"https:\/\/roveyayinevi.com.tr\/index.php\/wp-json\/wp\/v2\/product_cat?post=773841"},{"taxonomy":"product_tag","embeddable":true,"href":"https:\/\/roveyayinevi.com.tr\/index.php\/wp-json\/wp\/v2\/product_tag?post=773841"}],"curies":[{"name":"wp","href":"https:\/\/api.w.org\/{rel}","templated":true}]}}