{"id":773840,"date":"2025-08-28T16:31:04","date_gmt":"2025-08-28T13:31:04","guid":{"rendered":"https:\/\/roveyayinevi.com.tr\/index.php\/urun\/sizofren-aska-mektup\/"},"modified":"2026-04-15T03:39:58","modified_gmt":"2026-04-15T00:39:58","slug":"sizofren-aska-mektup","status":"publish","type":"product","link":"https:\/\/roveyayinevi.com.tr\/index.php\/urun\/sizofren-aska-mektup\/","title":{"rendered":"\u015eizofren A\u015fka Mektup"},"content":{"rendered":"<p>\u00b7         AYRA\u00c7 \u015e\u0130ZOFREN A\u015eKA MEKTUP   Bir \u015fizofrendim art\u0131k&#8230; Yalanlar s\u00f6yl\u00fcyordum, hem sana hem de ona&#8230; Kendimi tan\u0131yamaz olmu\u015ftum. Hangisi bendim? \u0130\u00e7imdeki, o g\u00fczelli\u011fiyle d\u00fcnyay\u0131 elde etmeye k\u0131\u015fk\u0131rt\u0131lm\u0131\u015f, karanl\u0131k ve ilgi tutsa\u011f\u0131 kad\u0131n m\u0131yd\u0131m; yoksa u\u011fruna hayat\u0131ndan vazge\u00e7meye haz\u0131r oldu\u011fu a\u015fk\u0131na mahkum, ezilmi\u015f, kap\u0131larda b\u0131rak\u0131lm\u0131\u015f, verdi\u011fi g\u00fcven ve ta\u015f\u0131d\u0131\u011f\u0131 masumiyetle sana cazip gelmeyen o sevdal\u0131 kad\u0131n m\u0131? \u0130kisi de olmak istemiyordum. Ama ikisinden de vazge\u00e7emiyordum. Sanki biri olmazsa di\u011feri y\u0131k\u0131lacak gibiydi. Birbirinden nefret eden ve birbirinin varl\u0131\u011f\u0131na tahamm\u00fcl edemeyen bu iki benlikle yaln\u0131z kald\u0131\u011f\u0131mda \u00e7\u0131ld\u0131racak gibi oluyor, a\u011f\u0131r a\u011f\u0131r ruhumu \u00f6ld\u00fcr\u00fcyordum. Art\u0131k yaln\u0131z kalmak dayan\u0131lmaz olmu\u015ftu benim i\u00e7in. Seni g\u00f6remedi\u011fim zamanlar ona gidiyor, onu g\u00f6remedi\u011fim zamanlar sana s\u0131\u011f\u0131n\u0131yordum. \u0130\u00e7imdeki bu birbirine ayk\u0131r\u0131 iki kad\u0131n beni durmadan diplere \u00e7ekiyordu&#8230;   \u015e\u0130ZOFREN A\u015eKIN G\u00dcNL\u00dcKLER\u0130   Ne ac\u0131mas\u0131z ne bencilim de\u011fil mi? Sana sahip olmak u\u011fruna Belki de t\u00fcketmek p\u0131narlar\u0131n\u0131 yapt\u0131\u011f\u0131m Bilmesem nas\u0131l bir y\u00fcre\u011fin oldu\u011funu Hi\u00e7 d\u00fc\u015f\u00fcnmem Ge\u00e7irirdim pen\u00e7elerimi en derin yaralar\u0131na Ama \u00f6yle g\u00fczel, \u00f6yle \u00e7ocuk ki y\u00fcre\u011fin Seni sana b\u0131rakmamak olacak en b\u00fcy\u00fck g\u00fcnah Ve biz Yery\u00fcz\u00fcn\u00fcn yar\u0131m kalm\u0131\u015f hik\u00e2yeleriyiz seninle T\u00fcm vedalar\u0131n ad\u0131yla.   Bir kad\u0131n ve bir erkek&#8230; Bir k\u0131\u015f gecesinde, kaderlerinin y\u0131llar \u00f6ncesinden d\u00fc\u011f\u00fcmlendi\u011fi B\u00fcy\u00fckada\u2019daki otelin farkl\u0131 odalar\u0131nda ya\u011fmurun sesini dinlemektedirler. Kad\u0131n tutkulu, \u015fefkatli ve hassast\u0131r. Erkek bencildir, haindir. O g\u00fczel kad\u0131n\u0131 y\u0131llar i\u00e7inde \u00e7ok k\u0131rm\u0131\u015ft\u0131r, bilir kendi kabahatlerini&#8230; Camlar\u0131n zang\u0131r zang\u0131r titredi\u011fi bu f\u0131rt\u0131nal\u0131 gece, belki de erke\u011fin son \u015fans\u0131 olacakt\u0131r. \u0130yi bilir a\u015fk\u0131n adaletsizli\u011fini. \u201cYa\u015fanan hi\u00e7bir \u015feyin kaybolmad\u0131\u011f\u0131n\u0131, ne ya\u015fanm\u0131\u015fsa bir yerde sakl\u0131 durdu\u011funu, bir g\u00fcn \u00f6n\u00fcne \u00e7\u0131kaca\u011f\u0131n\u0131, bundan ka\u00e7\u0131\u015f olamayaca\u011f\u0131n\u0131&#8230;\u201d Adal\u0131 Mikail\u2019in Kahvesi\u2019nde oturmu\u015f, \u201cHerkes kendisini aldatt\u0131\u011f\u0131 kadar su\u00e7lu!\u201d diye kendi kendine m\u0131r\u0131ldan\u0131rken, \u00e7ay\u0131n\u0131 i\u00e7er ve sadece bekler!<\/p>\n","protected":false},"excerpt":{"rendered":"<p>\u00b7 AYRA\u00c7 \u015e\u0130ZOFREN A\u015eKA MEKTUP Bir \u015fizofrendim art\u0131k&#8230; Yalanlar s\u00f6yl\u00fcyordum, hem sana hem de ona&#8230; Kendimi tan\u0131yamaz olmu\u015ftum. Hangisi bendim? \u0130\u00e7imdeki, o g\u00fczelli\u011fiyle d\u00fcnyay\u0131 elde etmeye<span class=\"excerpt-hellip\"> [\u2026]<\/span><\/p>\n","protected":false},"featured_media":0,"template":"","meta":{"_monsterinsights_skip_tracking":false,"_monsterinsights_sitenote_active":false,"_monsterinsights_sitenote_note":"","_monsterinsights_sitenote_category":0},"product_brand":[],"product_cat":[12777,12291],"product_tag":[],"class_list":{"0":"post-773840","1":"product","2":"type-product","3":"status-publish","5":"product_cat-deneme","6":"product_cat-edebiyat","7":"pa_cilt-ciltsiz","8":"pa_tur-kitap","9":"pa_yayinevi-dokuz-yayinlari","10":"pa_yazar-cezmi-ersoz","12":"first","13":"instock","14":"sale","15":"shipping-taxable","16":"purchasable","17":"product-type-simple"},"_links":{"self":[{"href":"https:\/\/roveyayinevi.com.tr\/index.php\/wp-json\/wp\/v2\/product\/773840","targetHints":{"allow":["GET"]}}],"collection":[{"href":"https:\/\/roveyayinevi.com.tr\/index.php\/wp-json\/wp\/v2\/product"}],"about":[{"href":"https:\/\/roveyayinevi.com.tr\/index.php\/wp-json\/wp\/v2\/types\/product"}],"wp:attachment":[{"href":"https:\/\/roveyayinevi.com.tr\/index.php\/wp-json\/wp\/v2\/media?parent=773840"}],"wp:term":[{"taxonomy":"product_brand","embeddable":true,"href":"https:\/\/roveyayinevi.com.tr\/index.php\/wp-json\/wp\/v2\/product_brand?post=773840"},{"taxonomy":"product_cat","embeddable":true,"href":"https:\/\/roveyayinevi.com.tr\/index.php\/wp-json\/wp\/v2\/product_cat?post=773840"},{"taxonomy":"product_tag","embeddable":true,"href":"https:\/\/roveyayinevi.com.tr\/index.php\/wp-json\/wp\/v2\/product_tag?post=773840"}],"curies":[{"name":"wp","href":"https:\/\/api.w.org\/{rel}","templated":true}]}}