{"id":773839,"date":"2025-08-28T16:31:01","date_gmt":"2025-08-28T13:31:01","guid":{"rendered":"https:\/\/roveyayinevi.com.tr\/index.php\/urun\/yok-karsiligi-yuzunun\/"},"modified":"2026-04-15T03:39:58","modified_gmt":"2026-04-15T00:39:58","slug":"yok-karsiligi-yuzunun","status":"publish","type":"product","link":"https:\/\/roveyayinevi.com.tr\/index.php\/urun\/yok-karsiligi-yuzunun\/","title":{"rendered":"Yok Kar\u015f\u0131l\u0131\u011f\u0131 Y\u00fcz\u00fcn\u00fcn"},"content":{"rendered":"<p>Senin sana ra\u011fmen bir y\u00fcz\u00fcn var, herkesin ilk a\u015fk\u0131na benzeyen. Beklemek kadar ac\u0131, anlamak kadar zor, nedensiz \u00f6l\u00fcmlerin suskunlu\u011fu gibi, yok kar\u015f\u0131l\u0131\u011f\u0131 y\u00fcz\u00fcn\u00fcn\u2026   Senin sana ra\u011fmen bir y\u00fcz\u00fcn var, herkesin ilk a\u015fk\u0131na benzeyen. Yak\u0131nla\u015ft\u0131k\u00e7a imk\u00e2ns\u0131z u\u00e7urumlar, nedensiz hayatlar\u0131n o b\u00fcy\u00fck ac\u0131s\u0131 gibi, yok kar\u015f\u0131l\u0131\u011f\u0131 y\u00fcz\u00fcn\u00fcn\u2026 <\/p>\n","protected":false},"excerpt":{"rendered":"<p>Senin sana ra\u011fmen bir y\u00fcz\u00fcn var, herkesin ilk a\u015fk\u0131na benzeyen. Beklemek kadar ac\u0131, anlamak kadar zor, nedensiz \u00f6l\u00fcmlerin suskunlu\u011fu gibi, yok kar\u015f\u0131l\u0131\u011f\u0131 y\u00fcz\u00fcn\u00fcn\u2026 Senin sana ra\u011fmen<span class=\"excerpt-hellip\"> [\u2026]<\/span><\/p>\n","protected":false},"featured_media":0,"template":"","meta":{"_monsterinsights_skip_tracking":false,"_monsterinsights_sitenote_active":false,"_monsterinsights_sitenote_note":"","_monsterinsights_sitenote_category":0},"product_brand":[],"product_cat":[12777,12291],"product_tag":[],"class_list":{"0":"post-773839","1":"product","2":"type-product","3":"status-publish","5":"product_cat-deneme","6":"product_cat-edebiyat","7":"pa_cilt-ciltsiz","8":"pa_tur-kitap","9":"pa_yayinevi-dokuz-yayinlari","10":"pa_yazar-cezmi-ersoz","12":"first","13":"instock","14":"sale","15":"shipping-taxable","16":"purchasable","17":"product-type-simple"},"_links":{"self":[{"href":"https:\/\/roveyayinevi.com.tr\/index.php\/wp-json\/wp\/v2\/product\/773839","targetHints":{"allow":["GET"]}}],"collection":[{"href":"https:\/\/roveyayinevi.com.tr\/index.php\/wp-json\/wp\/v2\/product"}],"about":[{"href":"https:\/\/roveyayinevi.com.tr\/index.php\/wp-json\/wp\/v2\/types\/product"}],"wp:attachment":[{"href":"https:\/\/roveyayinevi.com.tr\/index.php\/wp-json\/wp\/v2\/media?parent=773839"}],"wp:term":[{"taxonomy":"product_brand","embeddable":true,"href":"https:\/\/roveyayinevi.com.tr\/index.php\/wp-json\/wp\/v2\/product_brand?post=773839"},{"taxonomy":"product_cat","embeddable":true,"href":"https:\/\/roveyayinevi.com.tr\/index.php\/wp-json\/wp\/v2\/product_cat?post=773839"},{"taxonomy":"product_tag","embeddable":true,"href":"https:\/\/roveyayinevi.com.tr\/index.php\/wp-json\/wp\/v2\/product_tag?post=773839"}],"curies":[{"name":"wp","href":"https:\/\/api.w.org\/{rel}","templated":true}]}}