{"id":773837,"date":"2025-08-28T16:30:55","date_gmt":"2025-08-28T13:30:55","guid":{"rendered":"https:\/\/roveyayinevi.com.tr\/index.php\/urun\/hayallerini-yak-evi-isit\/"},"modified":"2026-04-15T03:39:58","modified_gmt":"2026-04-15T00:39:58","slug":"hayallerini-yak-evi-isit","status":"publish","type":"product","link":"https:\/\/roveyayinevi.com.tr\/index.php\/urun\/hayallerini-yak-evi-isit\/","title":{"rendered":"Hayallerini Yak Evi Is\u0131t"},"content":{"rendered":"<p>\u201c\u00c7\u00fcnk\u00fc i\u015fgal alt\u0131ndad\u0131r, a\u015fks\u0131z ya\u015fad\u0131\u011f\u0131m\u0131z d\u00fcnya topraklar\u0131, A\u015fk yoksa birer esirizdir asl\u0131nda. Sadece \u00e2\u015f\u0131k oldu\u011fumuzu hissetti\u011fimiz insan, bizi bu esaretten kurtar\u0131r.\u201d   Cezmi Ers\u00f6z\u2019\u00fcn dilin tekinsiz s\u0131n\u0131rlar\u0131nda gezindi\u011fi;  \u201cHayallerini Yak Evi Is\u0131t\u201d okurunu a\u015fk\u0131n \u00e7aresizli\u011fi \u00fczerine d\u00fc\u015f\u00fcnmeye sevk ediyor ve \u015fiirle deneme aras\u0131nda yeni bir t\u00fcr okuma deneyimi sunuyor. <\/p>\n","protected":false},"excerpt":{"rendered":"<p>\u201c\u00c7\u00fcnk\u00fc i\u015fgal alt\u0131ndad\u0131r, a\u015fks\u0131z ya\u015fad\u0131\u011f\u0131m\u0131z d\u00fcnya topraklar\u0131, A\u015fk yoksa birer esirizdir asl\u0131nda. Sadece \u00e2\u015f\u0131k oldu\u011fumuzu hissetti\u011fimiz insan, bizi bu esaretten kurtar\u0131r.\u201d Cezmi Ers\u00f6z\u2019\u00fcn dilin tekinsiz s\u0131n\u0131rlar\u0131nda<span class=\"excerpt-hellip\"> [\u2026]<\/span><\/p>\n","protected":false},"featured_media":0,"template":"","meta":{"_monsterinsights_skip_tracking":false,"_monsterinsights_sitenote_active":false,"_monsterinsights_sitenote_note":"","_monsterinsights_sitenote_category":0},"product_brand":[],"product_cat":[12777,12291],"product_tag":[],"class_list":{"0":"post-773837","1":"product","2":"type-product","3":"status-publish","5":"product_cat-deneme","6":"product_cat-edebiyat","7":"pa_cilt-ciltsiz","8":"pa_tur-kitap","9":"pa_yayinevi-dokuz-yayinlari","10":"pa_yazar-cezmi-ersoz","12":"first","13":"instock","14":"sale","15":"shipping-taxable","16":"purchasable","17":"product-type-simple"},"_links":{"self":[{"href":"https:\/\/roveyayinevi.com.tr\/index.php\/wp-json\/wp\/v2\/product\/773837","targetHints":{"allow":["GET"]}}],"collection":[{"href":"https:\/\/roveyayinevi.com.tr\/index.php\/wp-json\/wp\/v2\/product"}],"about":[{"href":"https:\/\/roveyayinevi.com.tr\/index.php\/wp-json\/wp\/v2\/types\/product"}],"wp:attachment":[{"href":"https:\/\/roveyayinevi.com.tr\/index.php\/wp-json\/wp\/v2\/media?parent=773837"}],"wp:term":[{"taxonomy":"product_brand","embeddable":true,"href":"https:\/\/roveyayinevi.com.tr\/index.php\/wp-json\/wp\/v2\/product_brand?post=773837"},{"taxonomy":"product_cat","embeddable":true,"href":"https:\/\/roveyayinevi.com.tr\/index.php\/wp-json\/wp\/v2\/product_cat?post=773837"},{"taxonomy":"product_tag","embeddable":true,"href":"https:\/\/roveyayinevi.com.tr\/index.php\/wp-json\/wp\/v2\/product_tag?post=773837"}],"curies":[{"name":"wp","href":"https:\/\/api.w.org\/{rel}","templated":true}]}}