{"id":773835,"date":"2025-08-28T16:30:49","date_gmt":"2025-08-28T13:30:49","guid":{"rendered":"https:\/\/roveyayinevi.com.tr\/index.php\/urun\/derinligine-kimse-sevgili-olamadi\/"},"modified":"2026-04-15T03:39:58","modified_gmt":"2026-04-15T00:39:58","slug":"derinligine-kimse-sevgili-olamadi","status":"publish","type":"product","link":"https:\/\/roveyayinevi.com.tr\/index.php\/urun\/derinligine-kimse-sevgili-olamadi\/","title":{"rendered":"Derinli\u011fine Kimse Sevgili Olamad\u0131"},"content":{"rendered":"<p>Kimi sevsem, onun hep uzakta bir sevdi\u011fi vard\u0131, unutamad\u0131\u011f\u0131, ilk a\u015fk\u0131 ya da onu terk edip giden sevgilisi&#8230; Kimi derinden sevsem, o bir ba\u015fkas\u0131n\u0131 derinden hat\u0131rlard\u0131. \u00d6ylesine \u00e7ok sevdim ki onlar\u0131, ba\u015fkalar\u0131na duyduklar\u0131 sevgiyi anlatmalar\u0131n\u0131, sessizce, i\u00e7im ac\u0131yla kanayarak dinledim. Beni yitirmekten hi\u00e7 korkmad\u0131lar; \u00e7\u00fcnk\u00fc onlara g\u00f6re fazla iyiydim; bu y\u00fczden ilk anda vazge\u00e7ilebilirdi benden.   Beni terk edenlerden tek bir iste\u011fim olurdu. &#8220;Ne olur, bir daha beni aramay\u0131n!&#8221; \u00c7\u00fcnk\u00fc ben kolay unutam\u0131yorum. \u00c7\u00fcnk\u00fc ben size duydu\u011fum o ak\u0131l d\u0131\u015f\u0131 a\u015fk y\u00fcz\u00fcnden keder bah\u00e7emi da\u011f\u0131t\u0131yorum. \u00c7ocuklu\u011fumun o g\u00fczel bah\u00e7esini. B\u00f6yle derdim onlara ama yine de ararlard\u0131 beni&#8230; Soluksuz ve umutsuz kald\u0131klar\u0131 bir gece mutlaka ak\u0131llar\u0131na ben gelirdim&#8230; O, yedek sevgili!&#8230;<\/p>\n","protected":false},"excerpt":{"rendered":"<p>Kimi sevsem, onun hep uzakta bir sevdi\u011fi vard\u0131, unutamad\u0131\u011f\u0131, ilk a\u015fk\u0131 ya da onu terk edip giden sevgilisi&#8230; Kimi derinden sevsem, o bir ba\u015fkas\u0131n\u0131 derinden hat\u0131rlard\u0131.<span class=\"excerpt-hellip\"> [\u2026]<\/span><\/p>\n","protected":false},"featured_media":0,"template":"","meta":{"_monsterinsights_skip_tracking":false,"_monsterinsights_sitenote_active":false,"_monsterinsights_sitenote_note":"","_monsterinsights_sitenote_category":0},"product_brand":[],"product_cat":[12777,12291],"product_tag":[],"class_list":{"0":"post-773835","1":"product","2":"type-product","3":"status-publish","5":"product_cat-deneme","6":"product_cat-edebiyat","7":"pa_cilt-ciltsiz","8":"pa_tur-kitap","9":"pa_yayinevi-dokuz-yayinlari","10":"pa_yazar-cezmi-ersoz","12":"first","13":"instock","14":"sale","15":"shipping-taxable","16":"purchasable","17":"product-type-simple"},"_links":{"self":[{"href":"https:\/\/roveyayinevi.com.tr\/index.php\/wp-json\/wp\/v2\/product\/773835","targetHints":{"allow":["GET"]}}],"collection":[{"href":"https:\/\/roveyayinevi.com.tr\/index.php\/wp-json\/wp\/v2\/product"}],"about":[{"href":"https:\/\/roveyayinevi.com.tr\/index.php\/wp-json\/wp\/v2\/types\/product"}],"wp:attachment":[{"href":"https:\/\/roveyayinevi.com.tr\/index.php\/wp-json\/wp\/v2\/media?parent=773835"}],"wp:term":[{"taxonomy":"product_brand","embeddable":true,"href":"https:\/\/roveyayinevi.com.tr\/index.php\/wp-json\/wp\/v2\/product_brand?post=773835"},{"taxonomy":"product_cat","embeddable":true,"href":"https:\/\/roveyayinevi.com.tr\/index.php\/wp-json\/wp\/v2\/product_cat?post=773835"},{"taxonomy":"product_tag","embeddable":true,"href":"https:\/\/roveyayinevi.com.tr\/index.php\/wp-json\/wp\/v2\/product_tag?post=773835"}],"curies":[{"name":"wp","href":"https:\/\/api.w.org\/{rel}","templated":true}]}}