{"id":773834,"date":"2025-08-28T16:30:46","date_gmt":"2025-08-28T13:30:46","guid":{"rendered":"https:\/\/roveyayinevi.com.tr\/index.php\/urun\/yine-seninle-geldi-hayat\/"},"modified":"2026-04-15T03:39:58","modified_gmt":"2026-04-15T00:39:58","slug":"yine-seninle-geldi-hayat","status":"publish","type":"product","link":"https:\/\/roveyayinevi.com.tr\/index.php\/urun\/yine-seninle-geldi-hayat\/","title":{"rendered":"Yine Seninle Geldi Hayat"},"content":{"rendered":"<p>Y\u0130NE SEN\u0130NLE GELD\u0130 HAYAT   \u201c\u0130nsan, her sabah do\u011fan g\u00fcne\u015ften utan\u0131r. \u0130nsan, er ya da ge\u00e7 gelen mevsimlerden utan\u0131r. \u0130nsan, onca y\u0131l susuz b\u0131rakt\u0131\u011f\u0131 Tanr\u0131\u2019s\u0131ndan utan\u0131r. \u0130nsan, bunca i\u015farete, bunca \u00f6zleme ra\u011fmen bir t\u00fcrl\u00fc gidemedi\u011fi yerlerden utan\u0131r. \u0130nsan, yanan bir hayattan onca y\u0131l bir kurtulu\u015f bekledi\u011fine utan\u0131r.\u201d      Kendisini 90\u2019l\u0131 y\u0131llardaki mizah-ta\u015flama yaz\u0131lar\u0131yla tan\u0131d\u0131\u011f\u0131m\u0131z Cezmi Ers\u00f6z\u2019\u00fcn usta kalemiyle; felsefeden, ili\u015fkilere en \u00e7ok da a\u015fka do\u011fru umars\u0131z ve bir o kadar da tutars\u0131z bir yolculu\u011fa \u00e7\u0131k\u0131yoruz. <\/p>\n","protected":false},"excerpt":{"rendered":"<p>Y\u0130NE SEN\u0130NLE GELD\u0130 HAYAT \u201c\u0130nsan, her sabah do\u011fan g\u00fcne\u015ften utan\u0131r. \u0130nsan, er ya da ge\u00e7 gelen mevsimlerden utan\u0131r. \u0130nsan, onca y\u0131l susuz b\u0131rakt\u0131\u011f\u0131 Tanr\u0131\u2019s\u0131ndan utan\u0131r. \u0130nsan,<span class=\"excerpt-hellip\"> [\u2026]<\/span><\/p>\n","protected":false},"featured_media":0,"template":"","meta":{"_monsterinsights_skip_tracking":false,"_monsterinsights_sitenote_active":false,"_monsterinsights_sitenote_note":"","_monsterinsights_sitenote_category":0},"product_brand":[],"product_cat":[12777,12291],"product_tag":[],"class_list":{"0":"post-773834","1":"product","2":"type-product","3":"status-publish","5":"product_cat-deneme","6":"product_cat-edebiyat","7":"pa_cilt-ciltsiz","8":"pa_tur-kitap","9":"pa_yayinevi-dokuz-yayinlari","10":"pa_yazar-cezmi-ersoz","12":"first","13":"instock","14":"sale","15":"shipping-taxable","16":"purchasable","17":"product-type-simple"},"_links":{"self":[{"href":"https:\/\/roveyayinevi.com.tr\/index.php\/wp-json\/wp\/v2\/product\/773834","targetHints":{"allow":["GET"]}}],"collection":[{"href":"https:\/\/roveyayinevi.com.tr\/index.php\/wp-json\/wp\/v2\/product"}],"about":[{"href":"https:\/\/roveyayinevi.com.tr\/index.php\/wp-json\/wp\/v2\/types\/product"}],"wp:attachment":[{"href":"https:\/\/roveyayinevi.com.tr\/index.php\/wp-json\/wp\/v2\/media?parent=773834"}],"wp:term":[{"taxonomy":"product_brand","embeddable":true,"href":"https:\/\/roveyayinevi.com.tr\/index.php\/wp-json\/wp\/v2\/product_brand?post=773834"},{"taxonomy":"product_cat","embeddable":true,"href":"https:\/\/roveyayinevi.com.tr\/index.php\/wp-json\/wp\/v2\/product_cat?post=773834"},{"taxonomy":"product_tag","embeddable":true,"href":"https:\/\/roveyayinevi.com.tr\/index.php\/wp-json\/wp\/v2\/product_tag?post=773834"}],"curies":[{"name":"wp","href":"https:\/\/api.w.org\/{rel}","templated":true}]}}