{"id":773832,"date":"2025-08-28T16:30:41","date_gmt":"2025-08-28T13:30:41","guid":{"rendered":"https:\/\/roveyayinevi.com.tr\/index.php\/urun\/birlikte-basarmak-organizasyonel-davranista-is-birligi-ve-iletisim\/"},"modified":"2026-04-15T03:39:57","modified_gmt":"2026-04-15T00:39:57","slug":"birlikte-basarmak-organizasyonel-davranista-is-birligi-ve-iletisim","status":"publish","type":"product","link":"https:\/\/roveyayinevi.com.tr\/index.php\/urun\/birlikte-basarmak-organizasyonel-davranista-is-birligi-ve-iletisim\/","title":{"rendered":"Birlikte Ba\u015farmak: Organizasyonel Davran\u0131\u015fta \u0130\u015f Birli\u011fi ve \u0130leti\u015fim"},"content":{"rendered":"<p>1. B\u00d6L\u00dcM Organizasyonel Davran\u0131\u015fta \u0130\u015f birli\u011fi: D\u00fcn Bug\u00fcn Yar\u0131n   2. B\u00d6L\u00dcM Organizasyonel K\u00fclt\u00fcr ve \u0130\u015f birli\u011fi   3. B\u00d6L\u00dcM Organizasyonel \u0130\u015f birli\u011fi ve \u0130novasyon   4. B\u00d6L\u00dcM Organizasyonel Liderlik ve \u0130\u015f birli\u011fi   5. B\u00d6L\u00dcM G\u00fc\u00e7, \u0130ktidar \u0130li\u015fkileri ve \u0130\u015f birli\u011fine Dayal\u0131 Liderlik   6. B\u00d6L\u00dcM \u00d6rg\u00fctsel Ya\u015famda Motivasyon ve \u0130\u015f birli\u011fi   7. B\u00d6L\u00dcM \u0130leti\u015fimin Organizasyonel Ba\u015far\u0131daki Rol\u00fc   8. B\u00d6L\u00dcM \u00c7al\u0131\u015fan Motivasyonu, \u0130\u00e7 \u0130leti\u015fim, Y\u00f6neti\u015fim ve \u0130\u015f birli\u011fi   9. B\u00d6L\u00dcM Ekip Dinamikleri Ba\u011flam\u0131nda Tak\u0131m \u00c7al\u0131\u015fmas\u0131nda \u0130leti\u015fim ve Ba\u015far\u0131 Stratejileri <\/p>\n","protected":false},"excerpt":{"rendered":"<p>1. B\u00d6L\u00dcM Organizasyonel Davran\u0131\u015fta \u0130\u015f birli\u011fi: D\u00fcn Bug\u00fcn Yar\u0131n 2. B\u00d6L\u00dcM Organizasyonel K\u00fclt\u00fcr ve \u0130\u015f birli\u011fi 3. B\u00d6L\u00dcM Organizasyonel \u0130\u015f birli\u011fi ve \u0130novasyon 4. B\u00d6L\u00dcM Organizasyonel<span class=\"excerpt-hellip\"> [\u2026]<\/span><\/p>\n","protected":false},"featured_media":0,"template":"","meta":{"_monsterinsights_skip_tracking":false,"_monsterinsights_sitenote_active":false,"_monsterinsights_sitenote_note":"","_monsterinsights_sitenote_category":0},"product_brand":[],"product_cat":[13043,17647],"product_tag":[],"class_list":{"0":"post-773832","1":"product","2":"type-product","3":"status-publish","5":"product_cat-ekonomi","6":"product_cat-is-dunyasi","7":"pa_cilt-ciltsiz","8":"pa_tur-kitap","9":"pa_yayinevi-gazi-kitabevi","10":"pa_yazar-kolektif","12":"first","13":"instock","14":"sale","15":"shipping-taxable","16":"purchasable","17":"product-type-simple"},"_links":{"self":[{"href":"https:\/\/roveyayinevi.com.tr\/index.php\/wp-json\/wp\/v2\/product\/773832","targetHints":{"allow":["GET"]}}],"collection":[{"href":"https:\/\/roveyayinevi.com.tr\/index.php\/wp-json\/wp\/v2\/product"}],"about":[{"href":"https:\/\/roveyayinevi.com.tr\/index.php\/wp-json\/wp\/v2\/types\/product"}],"wp:attachment":[{"href":"https:\/\/roveyayinevi.com.tr\/index.php\/wp-json\/wp\/v2\/media?parent=773832"}],"wp:term":[{"taxonomy":"product_brand","embeddable":true,"href":"https:\/\/roveyayinevi.com.tr\/index.php\/wp-json\/wp\/v2\/product_brand?post=773832"},{"taxonomy":"product_cat","embeddable":true,"href":"https:\/\/roveyayinevi.com.tr\/index.php\/wp-json\/wp\/v2\/product_cat?post=773832"},{"taxonomy":"product_tag","embeddable":true,"href":"https:\/\/roveyayinevi.com.tr\/index.php\/wp-json\/wp\/v2\/product_tag?post=773832"}],"curies":[{"name":"wp","href":"https:\/\/api.w.org\/{rel}","templated":true}]}}