{"id":773829,"date":"2025-08-28T16:30:29","date_gmt":"2025-08-28T13:30:29","guid":{"rendered":"https:\/\/roveyayinevi.com.tr\/index.php\/urun\/bir-subhanallah-masali\/"},"modified":"2026-01-28T04:03:18","modified_gmt":"2026-01-28T01:03:18","slug":"bir-subhanallah-masali","status":"publish","type":"product","link":"https:\/\/roveyayinevi.com.tr\/index.php\/urun\/bir-subhanallah-masali\/","title":{"rendered":"Bir S\u00fcbhanallah Masal\u0131"},"content":{"rendered":"<p>Kocaman ve bembeyaz bir top, panik i\u00e7inde bir Tav\u015fan ve nefes nefese kalan bir Tosba\u011fa! Derken olaylar samanlar\u0131n, topra\u011f\u0131n ve bembeyaz pamu\u011fun i\u00e7inde d\u00fc\u011f\u00fcmleniyor. Heyecanl\u0131 bir maceran\u0131n i\u00e7inde kaybolan kahramanlar\u0131m\u0131z muhte\u015fem bir kelimeyle tan\u0131\u015f\u0131yor: \u201cS\u00fcbhanallah!\u201d Bu masalda \u00e7ocuklar, hem \u00e7ok g\u00fclecek hem de Allah\u2019\u0131n kusursuz yaratt\u0131\u011f\u0131 \u015feyler kar\u015f\u0131s\u0131nda hayranl\u0131k duymay\u0131 \u00f6\u011frenecekler. \u00d6mer Faruk Paksu, 4-7 ya\u015f grubu \u00e7ocuklar\u0131m\u0131za \u201cS\u00fcbhanallah\u201d kelimesinin anlam\u0131n\u0131 ne\u015feli bir macerayla anlat\u0131yor. <\/p>\n","protected":false},"excerpt":{"rendered":"<p>Kocaman ve bembeyaz bir top, panik i\u00e7inde bir Tav\u015fan ve nefes nefese kalan bir Tosba\u011fa! Derken olaylar samanlar\u0131n, topra\u011f\u0131n ve bembeyaz pamu\u011fun i\u00e7inde d\u00fc\u011f\u00fcmleniyor. Heyecanl\u0131 bir<span class=\"excerpt-hellip\"> [\u2026]<\/span><\/p>\n","protected":false},"featured_media":0,"template":"","meta":{"_monsterinsights_skip_tracking":false,"_monsterinsights_sitenote_active":false,"_monsterinsights_sitenote_note":"","_monsterinsights_sitenote_category":0},"product_brand":[],"product_cat":[12274,12523],"product_tag":[],"class_list":{"0":"post-773829","1":"product","2":"type-product","3":"status-publish","5":"product_cat-cocuk-ve-genclik-kitaplari","6":"product_cat-masallar","7":"pa_cilt-ciltsiz","8":"pa_tur-kitap","9":"pa_yayinevi-aile-yayinlari","10":"pa_yazar-omer-faruk-paksu","12":"first","13":"instock","14":"sale","15":"shipping-taxable","16":"purchasable","17":"product-type-simple"},"_links":{"self":[{"href":"https:\/\/roveyayinevi.com.tr\/index.php\/wp-json\/wp\/v2\/product\/773829","targetHints":{"allow":["GET"]}}],"collection":[{"href":"https:\/\/roveyayinevi.com.tr\/index.php\/wp-json\/wp\/v2\/product"}],"about":[{"href":"https:\/\/roveyayinevi.com.tr\/index.php\/wp-json\/wp\/v2\/types\/product"}],"wp:attachment":[{"href":"https:\/\/roveyayinevi.com.tr\/index.php\/wp-json\/wp\/v2\/media?parent=773829"}],"wp:term":[{"taxonomy":"product_brand","embeddable":true,"href":"https:\/\/roveyayinevi.com.tr\/index.php\/wp-json\/wp\/v2\/product_brand?post=773829"},{"taxonomy":"product_cat","embeddable":true,"href":"https:\/\/roveyayinevi.com.tr\/index.php\/wp-json\/wp\/v2\/product_cat?post=773829"},{"taxonomy":"product_tag","embeddable":true,"href":"https:\/\/roveyayinevi.com.tr\/index.php\/wp-json\/wp\/v2\/product_tag?post=773829"}],"curies":[{"name":"wp","href":"https:\/\/api.w.org\/{rel}","templated":true}]}}