{"id":773828,"date":"2025-08-28T16:30:27","date_gmt":"2025-08-28T13:30:27","guid":{"rendered":"https:\/\/roveyayinevi.com.tr\/index.php\/urun\/bir-masallah-masali\/"},"modified":"2026-01-28T04:03:18","modified_gmt":"2026-01-28T01:03:18","slug":"bir-masallah-masali","status":"publish","type":"product","link":"https:\/\/roveyayinevi.com.tr\/index.php\/urun\/bir-masallah-masali\/","title":{"rendered":"Bir Ma\u015fallah Masal\u0131"},"content":{"rendered":"<p>Bir u\u00e7urtma, bir bisiklet, iki kafadar ve g\u00f6ky\u00fcz\u00fcne do\u011fru unutulmaz bir yolculuk! Tav\u015fan e\u011flencenin pe\u015finde, Tosba\u011fa dengede kalman\u0131n derdinde\u2026 Ama as\u0131l s\u00fcrpriz, g\u00f6ky\u00fcz\u00fcnde de\u011fil, papatyalar\u0131n aras\u0131nda onlar\u0131 bekliyor. Reng\u00e2renk \u00e7i\u00e7eklerin ve do\u011fan\u0131n mis kokusu i\u00e7inde muhte\u015fem bir kelime kalpleri ayd\u0131nlat\u0131yor: \u201cMa\u015fallah!\u201d Bu masalda \u00e7ocuklar, hem \u00e7ok g\u00fclecek hem de Allah\u2019\u0131n yaratt\u0131\u011f\u0131 g\u00fczellikleri takdir etmeyi \u00f6\u011frenecekler. \u00d6mer Faruk Paksu, 4-7 ya\u015f grubu \u00e7ocuklar\u0131m\u0131za \u201cMa\u015fallah\u201d kelimesinin anlam\u0131n\u0131 ve de\u011ferini e\u011flenceli bir macera e\u015fli\u011finde anlat\u0131yor. <\/p>\n","protected":false},"excerpt":{"rendered":"<p>Bir u\u00e7urtma, bir bisiklet, iki kafadar ve g\u00f6ky\u00fcz\u00fcne do\u011fru unutulmaz bir yolculuk! Tav\u015fan e\u011flencenin pe\u015finde, Tosba\u011fa dengede kalman\u0131n derdinde\u2026 Ama as\u0131l s\u00fcrpriz, g\u00f6ky\u00fcz\u00fcnde de\u011fil, papatyalar\u0131n aras\u0131nda<span class=\"excerpt-hellip\"> [\u2026]<\/span><\/p>\n","protected":false},"featured_media":0,"template":"","meta":{"_monsterinsights_skip_tracking":false,"_monsterinsights_sitenote_active":false,"_monsterinsights_sitenote_note":"","_monsterinsights_sitenote_category":0},"product_brand":[],"product_cat":[12274,12523],"product_tag":[],"class_list":{"0":"post-773828","1":"product","2":"type-product","3":"status-publish","5":"product_cat-cocuk-ve-genclik-kitaplari","6":"product_cat-masallar","7":"pa_cilt-ciltsiz","8":"pa_tur-kitap","9":"pa_yayinevi-aile-yayinlari","10":"pa_yazar-omer-faruk-paksu","12":"first","13":"instock","14":"sale","15":"shipping-taxable","16":"purchasable","17":"product-type-simple"},"_links":{"self":[{"href":"https:\/\/roveyayinevi.com.tr\/index.php\/wp-json\/wp\/v2\/product\/773828","targetHints":{"allow":["GET"]}}],"collection":[{"href":"https:\/\/roveyayinevi.com.tr\/index.php\/wp-json\/wp\/v2\/product"}],"about":[{"href":"https:\/\/roveyayinevi.com.tr\/index.php\/wp-json\/wp\/v2\/types\/product"}],"wp:attachment":[{"href":"https:\/\/roveyayinevi.com.tr\/index.php\/wp-json\/wp\/v2\/media?parent=773828"}],"wp:term":[{"taxonomy":"product_brand","embeddable":true,"href":"https:\/\/roveyayinevi.com.tr\/index.php\/wp-json\/wp\/v2\/product_brand?post=773828"},{"taxonomy":"product_cat","embeddable":true,"href":"https:\/\/roveyayinevi.com.tr\/index.php\/wp-json\/wp\/v2\/product_cat?post=773828"},{"taxonomy":"product_tag","embeddable":true,"href":"https:\/\/roveyayinevi.com.tr\/index.php\/wp-json\/wp\/v2\/product_tag?post=773828"}],"curies":[{"name":"wp","href":"https:\/\/api.w.org\/{rel}","templated":true}]}}