{"id":773827,"date":"2025-08-28T16:30:25","date_gmt":"2025-08-28T13:30:25","guid":{"rendered":"https:\/\/roveyayinevi.com.tr\/index.php\/urun\/bir-insallah-masali\/"},"modified":"2026-04-15T03:39:57","modified_gmt":"2026-04-15T00:39:57","slug":"bir-insallah-masali","status":"publish","type":"product","link":"https:\/\/roveyayinevi.com.tr\/index.php\/urun\/bir-insallah-masali\/","title":{"rendered":"Bir \u0130n\u015fallah Masal\u0131"},"content":{"rendered":"<p>Tav\u015fan\u2019\u0131n tek bir dile\u011fi vard\u0131: A\u011fac\u0131n dallar\u0131na g\u00fczel bir ev yapmak! \u00c7al\u0131\u015ft\u0131, \u00e7abalad\u0131 ama hi\u00e7bir \u015fey yolunda gitmedi. Ta ki Tosba\u011fa ona o muhte\u015fem kelimeyi hat\u0131rlatana dek: \u201c\u0130n\u015fallah!\u201d Ve bir anda her \u015fey nas\u0131l da de\u011fi\u015fti! Bu masalda \u00e7ocuklar, hem \u00e7ok g\u00fclecek hem de \u201c\u0130n\u015fallah\u201d demenin ne b\u00fcy\u00fck bir umut oldu\u011funu \u00f6\u011frenecekler. \u00d6mer Faruk Paksu, 4-7 ya\u015f grubu \u00e7ocuklar\u0131m\u0131za \u201c\u0130n\u015fallah\u201d kelimesinin muhte\u015fem g\u00fcc\u00fcn\u00fc keyifli bir macera e\u015fli\u011finde anlat\u0131yor. <\/p>\n","protected":false},"excerpt":{"rendered":"<p>Tav\u015fan\u2019\u0131n tek bir dile\u011fi vard\u0131: A\u011fac\u0131n dallar\u0131na g\u00fczel bir ev yapmak! \u00c7al\u0131\u015ft\u0131, \u00e7abalad\u0131 ama hi\u00e7bir \u015fey yolunda gitmedi. Ta ki Tosba\u011fa ona o muhte\u015fem kelimeyi hat\u0131rlatana<span class=\"excerpt-hellip\"> [\u2026]<\/span><\/p>\n","protected":false},"featured_media":0,"template":"","meta":{"_monsterinsights_skip_tracking":false,"_monsterinsights_sitenote_active":false,"_monsterinsights_sitenote_note":"","_monsterinsights_sitenote_category":0},"product_brand":[],"product_cat":[12274,12523],"product_tag":[],"class_list":{"0":"post-773827","1":"product","2":"type-product","3":"status-publish","5":"product_cat-cocuk-ve-genclik-kitaplari","6":"product_cat-masallar","7":"pa_cilt-ciltsiz","8":"pa_tur-kitap","9":"pa_yayinevi-aile-yayinlari","10":"pa_yazar-omer-faruk-paksu","12":"first","13":"instock","14":"sale","15":"shipping-taxable","16":"purchasable","17":"product-type-simple"},"_links":{"self":[{"href":"https:\/\/roveyayinevi.com.tr\/index.php\/wp-json\/wp\/v2\/product\/773827","targetHints":{"allow":["GET"]}}],"collection":[{"href":"https:\/\/roveyayinevi.com.tr\/index.php\/wp-json\/wp\/v2\/product"}],"about":[{"href":"https:\/\/roveyayinevi.com.tr\/index.php\/wp-json\/wp\/v2\/types\/product"}],"wp:attachment":[{"href":"https:\/\/roveyayinevi.com.tr\/index.php\/wp-json\/wp\/v2\/media?parent=773827"}],"wp:term":[{"taxonomy":"product_brand","embeddable":true,"href":"https:\/\/roveyayinevi.com.tr\/index.php\/wp-json\/wp\/v2\/product_brand?post=773827"},{"taxonomy":"product_cat","embeddable":true,"href":"https:\/\/roveyayinevi.com.tr\/index.php\/wp-json\/wp\/v2\/product_cat?post=773827"},{"taxonomy":"product_tag","embeddable":true,"href":"https:\/\/roveyayinevi.com.tr\/index.php\/wp-json\/wp\/v2\/product_tag?post=773827"}],"curies":[{"name":"wp","href":"https:\/\/api.w.org\/{rel}","templated":true}]}}