{"id":773826,"date":"2025-08-28T16:30:23","date_gmt":"2025-08-28T13:30:23","guid":{"rendered":"https:\/\/roveyayinevi.com.tr\/index.php\/urun\/bir-bismillah-masali\/"},"modified":"2026-01-28T04:03:18","modified_gmt":"2026-01-28T01:03:18","slug":"bir-bismillah-masali","status":"publish","type":"product","link":"https:\/\/roveyayinevi.com.tr\/index.php\/urun\/bir-bismillah-masali\/","title":{"rendered":"Bir Bismillah Masal\u0131"},"content":{"rendered":"<p>O sabah her \u015fey \u00e7ok s\u0131radand\u0131. Ta ki Tosba\u011fa, sab\u0131rs\u0131z Tav\u015fan\u2019\u0131n sesiyle uyanana kadar! Sonu\u00e7ta bisiklet s\u00fcrerek ba\u015flayan bu yolculu\u011fun g\u00f6ky\u00fcz\u00fcnden z\u0131rttadanak d\u00fc\u015fmelere, bir kalecinin kuca\u011f\u0131nda gol olmaya varaca\u011f\u0131n\u0131 kim bilebilirdi! Belli ki bir kelime eksikti: \u201cBismillah!\u201d Bu masalda \u00e7ocuklar, hem \u00e7ok g\u00fclecek hem de her g\u00fczel \u015feye, her yeni ad\u0131ma, her tatl\u0131 lokmaya \u201cBismillah\u201d ile ba\u015flaman\u0131n anlam\u0131n\u0131 ke\u015ffedecekler. \u00d6mer Faruk Paksu, 4-7 ya\u015f grubu \u00e7ocuklar\u0131m\u0131za \u201cBismillah\u201d kelimesinin muhte\u015femli\u011fini e\u011flence ve macera dolu bir yolculukla anlat\u0131yor. <\/p>\n","protected":false},"excerpt":{"rendered":"<p>O sabah her \u015fey \u00e7ok s\u0131radand\u0131. Ta ki Tosba\u011fa, sab\u0131rs\u0131z Tav\u015fan\u2019\u0131n sesiyle uyanana kadar! Sonu\u00e7ta bisiklet s\u00fcrerek ba\u015flayan bu yolculu\u011fun g\u00f6ky\u00fcz\u00fcnden z\u0131rttadanak d\u00fc\u015fmelere, bir kalecinin kuca\u011f\u0131nda<span class=\"excerpt-hellip\"> [\u2026]<\/span><\/p>\n","protected":false},"featured_media":0,"template":"","meta":{"_monsterinsights_skip_tracking":false,"_monsterinsights_sitenote_active":false,"_monsterinsights_sitenote_note":"","_monsterinsights_sitenote_category":0},"product_brand":[],"product_cat":[12274,12523],"product_tag":[],"class_list":{"0":"post-773826","1":"product","2":"type-product","3":"status-publish","5":"product_cat-cocuk-ve-genclik-kitaplari","6":"product_cat-masallar","7":"pa_cilt-ciltsiz","8":"pa_tur-kitap","9":"pa_yayinevi-aile-yayinlari","10":"pa_yazar-omer-faruk-paksu","12":"first","13":"instock","14":"sale","15":"shipping-taxable","16":"purchasable","17":"product-type-simple"},"_links":{"self":[{"href":"https:\/\/roveyayinevi.com.tr\/index.php\/wp-json\/wp\/v2\/product\/773826","targetHints":{"allow":["GET"]}}],"collection":[{"href":"https:\/\/roveyayinevi.com.tr\/index.php\/wp-json\/wp\/v2\/product"}],"about":[{"href":"https:\/\/roveyayinevi.com.tr\/index.php\/wp-json\/wp\/v2\/types\/product"}],"wp:attachment":[{"href":"https:\/\/roveyayinevi.com.tr\/index.php\/wp-json\/wp\/v2\/media?parent=773826"}],"wp:term":[{"taxonomy":"product_brand","embeddable":true,"href":"https:\/\/roveyayinevi.com.tr\/index.php\/wp-json\/wp\/v2\/product_brand?post=773826"},{"taxonomy":"product_cat","embeddable":true,"href":"https:\/\/roveyayinevi.com.tr\/index.php\/wp-json\/wp\/v2\/product_cat?post=773826"},{"taxonomy":"product_tag","embeddable":true,"href":"https:\/\/roveyayinevi.com.tr\/index.php\/wp-json\/wp\/v2\/product_tag?post=773826"}],"curies":[{"name":"wp","href":"https:\/\/api.w.org\/{rel}","templated":true}]}}