{"id":773825,"date":"2025-08-28T16:30:22","date_gmt":"2025-08-28T13:30:22","guid":{"rendered":"https:\/\/roveyayinevi.com.tr\/index.php\/urun\/muhtesem-kelimeler-5li-set\/"},"modified":"2026-01-28T04:03:18","modified_gmt":"2026-01-28T01:03:18","slug":"muhtesem-kelimeler-5li-set","status":"publish","type":"product","link":"https:\/\/roveyayinevi.com.tr\/index.php\/urun\/muhtesem-kelimeler-5li-set\/","title":{"rendered":"Muhte\u015fem Kelimeler (5\u2019li Set)"},"content":{"rendered":"<p>Tav\u015fan aceleci, Tosba\u011fa sab\u0131rl\u0131\u2026 Ama ikisi de \u00e7ok e\u011flenceli ve \u00e7ok merakl\u0131! Bazen bir u\u00e7urtman\u0131n pe\u015finden g\u00f6ky\u00fcz\u00fcne savruluyor, bazen bir pamuk y\u0131\u011f\u0131n\u0131n\u0131n i\u00e7inde top gibi yuvarlan\u0131yor, bazen minik bir kuzunun meleyi\u015fiyle yollara d\u00fc\u015f\u00fcyor, bazen de kendilerini bir festival alan\u0131n\u0131n i\u00e7inde buluyorlar. Ve her macerada muhte\u015fem bir kelime \u00f6\u011freniyorlar: Bismillah, \u0130n\u015fallah, Ma\u015fallah, S\u00fcbhanallah ve Elhamd\u00fclillah\u2026 \u00d6mer Faruk Paksu, 4-7 ya\u015f grubu \u00e7ocuklar\u0131m\u0131za bu be\u015f muhte\u015fem kelimeyi bol kahkaha, bir tutam macera ve mebzul miktarda duyguyu harmanlayarak anlat\u0131yor. Bu masallar\u0131 okuyan \u00e7ocuklar \u201cdillerini\u201d de \u201cdinleri\u201d ile uyumlu h\u00e2le getiriyor! <\/p>\n","protected":false},"excerpt":{"rendered":"<p>Tav\u015fan aceleci, Tosba\u011fa sab\u0131rl\u0131\u2026 Ama ikisi de \u00e7ok e\u011flenceli ve \u00e7ok merakl\u0131! Bazen bir u\u00e7urtman\u0131n pe\u015finden g\u00f6ky\u00fcz\u00fcne savruluyor, bazen bir pamuk y\u0131\u011f\u0131n\u0131n\u0131n i\u00e7inde top gibi yuvarlan\u0131yor,<span class=\"excerpt-hellip\"> [\u2026]<\/span><\/p>\n","protected":false},"featured_media":0,"template":"","meta":{"_monsterinsights_skip_tracking":false,"_monsterinsights_sitenote_active":false,"_monsterinsights_sitenote_note":"","_monsterinsights_sitenote_category":0},"product_brand":[],"product_cat":[12274,18802],"product_tag":[],"class_list":{"0":"post-773825","1":"product","2":"type-product","3":"status-publish","5":"product_cat-cocuk-ve-genclik-kitaplari","6":"product_cat-din-egitimi","7":"pa_cilt-ciltsiz","8":"pa_tur-kitap","9":"pa_yayinevi-aile-yayinlari","10":"pa_yazar-omer-faruk-paksu","12":"first","13":"instock","14":"sale","15":"shipping-taxable","16":"purchasable","17":"product-type-simple"},"_links":{"self":[{"href":"https:\/\/roveyayinevi.com.tr\/index.php\/wp-json\/wp\/v2\/product\/773825","targetHints":{"allow":["GET"]}}],"collection":[{"href":"https:\/\/roveyayinevi.com.tr\/index.php\/wp-json\/wp\/v2\/product"}],"about":[{"href":"https:\/\/roveyayinevi.com.tr\/index.php\/wp-json\/wp\/v2\/types\/product"}],"wp:attachment":[{"href":"https:\/\/roveyayinevi.com.tr\/index.php\/wp-json\/wp\/v2\/media?parent=773825"}],"wp:term":[{"taxonomy":"product_brand","embeddable":true,"href":"https:\/\/roveyayinevi.com.tr\/index.php\/wp-json\/wp\/v2\/product_brand?post=773825"},{"taxonomy":"product_cat","embeddable":true,"href":"https:\/\/roveyayinevi.com.tr\/index.php\/wp-json\/wp\/v2\/product_cat?post=773825"},{"taxonomy":"product_tag","embeddable":true,"href":"https:\/\/roveyayinevi.com.tr\/index.php\/wp-json\/wp\/v2\/product_tag?post=773825"}],"curies":[{"name":"wp","href":"https:\/\/api.w.org\/{rel}","templated":true}]}}