{"id":773822,"date":"2025-08-28T16:30:13","date_gmt":"2025-08-28T13:30:13","guid":{"rendered":"https:\/\/roveyayinevi.com.tr\/index.php\/urun\/banana-sioule-kaos-topu-2-cilt\/"},"modified":"2026-04-15T03:39:57","modified_gmt":"2026-04-15T00:39:57","slug":"banana-sioule-kaos-topu-2-cilt","status":"publish","type":"product","link":"https:\/\/roveyayinevi.com.tr\/index.php\/urun\/banana-sioule-kaos-topu-2-cilt\/","title":{"rendered":"Banana Sioule Kaos Topu   2. Cilt"},"content":{"rendered":"<p>Do\u011fu\u015ftan yetenekli olan Helena, sonunda babas\u0131n\u0131, \u00e7iftli\u011fini ve \u00e7ocukluk arkada\u015flar\u0131n\u0131 geride b\u0131rak\u0131p prestijli Sioule Y\u00fcksek Okulu\u2019na kat\u0131l\u0131r! Ancak ilk antrenmanlar hi\u00e7 de kolay ge\u00e7meyecektir. Helena\u2019n\u0131n etkileyici bir g\u00fcc\u00fc olsa da, burada seviye \u00e7ok y\u00fcksek ve tempo inan\u0131lmaz yorucudur! Tak\u0131m arkada\u015flar\u0131ndan Soni, hem fiziksel hem de taktiksel a\u00e7\u0131dan ciddi bir rakip olarak kar\u015f\u0131s\u0131na \u00e7\u0131kar. Helena, ac\u0131mas\u0131z Sioule d\u00fcnyas\u0131nda kendine bir yer edinmek ve artan \u00fcn\u00fcn\u00fcn getirdi\u011fi bask\u0131yla ba\u015f etmek zorundad\u0131r. Darbeler, g\u00f6zda\u011f\u0131 ve k\u0131skan\u00e7l\u0131k\u2026 Hepsi bu yolculukta onu bekliyor! Micha\u00ebl Sanlaville (Lastman), bu etkileyici \u00fc\u00e7lemeyle sh\u00f4nen t\u00fcr\u00fcne enerjik, duygusal ve unutulmaz bir a\u015fk mektubu yaz\u0131yor!<\/p>\n","protected":false},"excerpt":{"rendered":"<p>Do\u011fu\u015ftan yetenekli olan Helena, sonunda babas\u0131n\u0131, \u00e7iftli\u011fini ve \u00e7ocukluk arkada\u015flar\u0131n\u0131 geride b\u0131rak\u0131p prestijli Sioule Y\u00fcksek Okulu\u2019na kat\u0131l\u0131r! Ancak ilk antrenmanlar hi\u00e7 de kolay ge\u00e7meyecektir. Helena\u2019n\u0131n etkileyici<span class=\"excerpt-hellip\"> [\u2026]<\/span><\/p>\n","protected":false},"featured_media":0,"template":"","meta":{"_monsterinsights_skip_tracking":false,"_monsterinsights_sitenote_active":false,"_monsterinsights_sitenote_note":"","_monsterinsights_sitenote_category":0},"product_brand":[],"product_cat":[12416,12291],"product_tag":[],"class_list":{"0":"post-773822","1":"product","2":"type-product","3":"status-publish","5":"product_cat-cizgi-roman","6":"product_cat-edebiyat","7":"pa_cilt-ciltsiz","8":"pa_tur-kitap","9":"pa_yayinevi-artemis-yayinlari","10":"pa_yazar-michael-sanlaville","12":"first","13":"instock","14":"sale","15":"shipping-taxable","16":"purchasable","17":"product-type-simple"},"_links":{"self":[{"href":"https:\/\/roveyayinevi.com.tr\/index.php\/wp-json\/wp\/v2\/product\/773822","targetHints":{"allow":["GET"]}}],"collection":[{"href":"https:\/\/roveyayinevi.com.tr\/index.php\/wp-json\/wp\/v2\/product"}],"about":[{"href":"https:\/\/roveyayinevi.com.tr\/index.php\/wp-json\/wp\/v2\/types\/product"}],"wp:attachment":[{"href":"https:\/\/roveyayinevi.com.tr\/index.php\/wp-json\/wp\/v2\/media?parent=773822"}],"wp:term":[{"taxonomy":"product_brand","embeddable":true,"href":"https:\/\/roveyayinevi.com.tr\/index.php\/wp-json\/wp\/v2\/product_brand?post=773822"},{"taxonomy":"product_cat","embeddable":true,"href":"https:\/\/roveyayinevi.com.tr\/index.php\/wp-json\/wp\/v2\/product_cat?post=773822"},{"taxonomy":"product_tag","embeddable":true,"href":"https:\/\/roveyayinevi.com.tr\/index.php\/wp-json\/wp\/v2\/product_tag?post=773822"}],"curies":[{"name":"wp","href":"https:\/\/api.w.org\/{rel}","templated":true}]}}