{"id":773821,"date":"2025-08-28T16:30:11","date_gmt":"2025-08-28T13:30:11","guid":{"rendered":"https:\/\/roveyayinevi.com.tr\/index.php\/urun\/banana-sioule-kaos-topu-1-cilt\/"},"modified":"2026-04-15T03:39:57","modified_gmt":"2026-04-15T00:39:57","slug":"banana-sioule-kaos-topu-1-cilt","status":"publish","type":"product","link":"https:\/\/roveyayinevi.com.tr\/index.php\/urun\/banana-sioule-kaos-topu-1-cilt\/","title":{"rendered":"Banana Sioule Kaos Topu  1. Cilt"},"content":{"rendered":"<p>Sioule; T\u00fcm uluslararas\u0131 sporlar aras\u0131nda en serti, en tehlikelisi\u2026 ama ayn\u0131 zamanda en dikkat \u00e7ekicisi. Rugby ile yakar topun vah\u015fi bir kar\u0131\u015f\u0131m\u0131 olan bu spor, her ma\u00e7ta milyonlar\u0131 ekran ba\u015f\u0131na kilitliyor. Sosyal medya, baz\u0131lar\u0131 k\u00fcresel y\u0131ld\u0131z h\u00e2line gelen oyuncularla \u00e7alkalan\u0131yor. Ancak k\u0131rsalda sakin bir hayat s\u00fcren Helena, bu \u00e7\u0131lg\u0131nl\u0131\u011fa tamamen yabanc\u0131d\u0131r. Ta ki bir g\u00fcn, rastlant\u0131yla kar\u015f\u0131la\u015ft\u0131\u011f\u0131 bir top i\u00e7indeki tutkuyu uyand\u0131rana kadar. Birka\u00e7 omuz darbesi, biraz cesaret\u2026 ve art\u0131k hi\u00e7bir \u015fey eskisi gibi olmayacak. Belki de Helena\u2019n\u0131n kaderi Sioule\u2019\u00fcn \u00f6l\u00fcmc\u00fcl sahas\u0131nda yaz\u0131lacakt\u0131r. Micha\u00ebl Sanlaville (Lastman), bu etkileyici \u00fc\u00e7lemeyle sh\u00f4nen t\u00fcr\u00fcne enerjik, duygusal ve unutulmaz bir a\u015fk mektubu yaz\u0131yor! <\/p>\n","protected":false},"excerpt":{"rendered":"<p>Sioule; T\u00fcm uluslararas\u0131 sporlar aras\u0131nda en serti, en tehlikelisi\u2026 ama ayn\u0131 zamanda en dikkat \u00e7ekicisi. Rugby ile yakar topun vah\u015fi bir kar\u0131\u015f\u0131m\u0131 olan bu spor, her<span class=\"excerpt-hellip\"> [\u2026]<\/span><\/p>\n","protected":false},"featured_media":0,"template":"","meta":{"_monsterinsights_skip_tracking":false,"_monsterinsights_sitenote_active":false,"_monsterinsights_sitenote_note":"","_monsterinsights_sitenote_category":0},"product_brand":[],"product_cat":[12416,12291],"product_tag":[],"class_list":{"0":"post-773821","1":"product","2":"type-product","3":"status-publish","5":"product_cat-cizgi-roman","6":"product_cat-edebiyat","7":"pa_cilt-ciltsiz","8":"pa_tur-kitap","9":"pa_yayinevi-artemis-yayinlari","10":"pa_yazar-michael-sanlaville","12":"first","13":"instock","14":"sale","15":"shipping-taxable","16":"purchasable","17":"product-type-simple"},"_links":{"self":[{"href":"https:\/\/roveyayinevi.com.tr\/index.php\/wp-json\/wp\/v2\/product\/773821","targetHints":{"allow":["GET"]}}],"collection":[{"href":"https:\/\/roveyayinevi.com.tr\/index.php\/wp-json\/wp\/v2\/product"}],"about":[{"href":"https:\/\/roveyayinevi.com.tr\/index.php\/wp-json\/wp\/v2\/types\/product"}],"wp:attachment":[{"href":"https:\/\/roveyayinevi.com.tr\/index.php\/wp-json\/wp\/v2\/media?parent=773821"}],"wp:term":[{"taxonomy":"product_brand","embeddable":true,"href":"https:\/\/roveyayinevi.com.tr\/index.php\/wp-json\/wp\/v2\/product_brand?post=773821"},{"taxonomy":"product_cat","embeddable":true,"href":"https:\/\/roveyayinevi.com.tr\/index.php\/wp-json\/wp\/v2\/product_cat?post=773821"},{"taxonomy":"product_tag","embeddable":true,"href":"https:\/\/roveyayinevi.com.tr\/index.php\/wp-json\/wp\/v2\/product_tag?post=773821"}],"curies":[{"name":"wp","href":"https:\/\/api.w.org\/{rel}","templated":true}]}}