{"id":773819,"date":"2025-08-28T16:30:06","date_gmt":"2025-08-28T13:30:06","guid":{"rendered":"https:\/\/roveyayinevi.com.tr\/index.php\/urun\/sosyal-teori-ve-sosyal-hizmet\/"},"modified":"2026-04-15T03:39:57","modified_gmt":"2026-04-15T00:39:57","slug":"sosyal-teori-ve-sosyal-hizmet","status":"publish","type":"product","link":"https:\/\/roveyayinevi.com.tr\/index.php\/urun\/sosyal-teori-ve-sosyal-hizmet\/","title":{"rendered":"Sosyal Teori ve Sosyal Hizmet"},"content":{"rendered":"<p>Sosyal hizmet alan\u0131nda d\u00fcnyan\u0131n \u00f6nde gelen iki ara\u015ft\u0131rmac\u0131s\u0131 taraf\u0131ndan yaz\u0131lan bu \u00fcnl\u00fc kitap okuyuculara sosyal hizmet teorisi ve sosyal hizmet y\u00f6ntemleri tart\u0131\u015fmalar\u0131na katk\u0131da bulunan temel teorileri, teorisyenleri ve bak\u0131\u015f a\u00e7\u0131lar\u0131n\u0131 tan\u0131tmaktad\u0131r. Kitap, sosyal hizmet alan\u0131ndaki baz\u0131 se\u00e7kin uluslararas\u0131 ara\u015ft\u0131rmac\u0131lar\u0131 bir araya getirerek okuyucuyu sosyal hizmet hakk\u0131nda nas\u0131l d\u00fc\u015f\u00fcnd\u00fcklerini ele\u015ftirel bir \u015fekilde sorgulamaya davet ediyor.   Her b\u00f6l\u00fcm okuyucunun tart\u0131\u015f\u0131lan teori ve y\u00f6ntemleri kendi ki\u015fisel deneyimleriyle ili\u015fkilendirmesini sa\u011fl\u0131yor. Bu okuyucu dostu kitap, \u00f6\u011frencilerin ve uygulay\u0131c\u0131lar\u0131n \u00f6\u011frendikleri bilgileri yeniden de\u011ferlendirebilmeleri ve geni\u015fletebilmeleri i\u00e7in \u00f6\u011frenci sorular\u0131, s\u00f6zl\u00fckler ve okuma \u00f6nerileri de i\u00e7eriyor. 20 ve 21. y\u00fczy\u0131l\u0131n insanlar\u0131n\u0131 ve toplumlar\u0131n\u0131 anlamada etkili olan J\u00fcrgen Habermas, Anthony Giddens, Pierre Bourdieu, Michel Foucault ve Judith Butler gibi d\u00fc\u015f\u00fcn\u00fcrlerin kavram ve a\u00e7\u0131klamalar\u0131n\u0131 sosyal hizmet disiplini ve uygulamalar\u0131 ba\u011flam\u0131nda tart\u0131\u015fan kitap, sosyal hizmet teorisi ve ara\u015ft\u0131rma y\u00f6ntemleri, sosyal hizmet m\u00fcdahaleleri ve perspektifleri konular\u0131nda ders alan lisans ve y\u00fcksek lisans \u00f6\u011frencilerinin yan\u0131 s\u0131ra sosyal hizmet alan\u0131nda uzmanl\u0131k sonras\u0131 e\u011fitim alan \u00f6\u011frenciler ve ara\u015ft\u0131rmac\u0131lar i\u00e7in de de\u011ferli bir kaynak. <\/p>\n","protected":false},"excerpt":{"rendered":"<p>Sosyal hizmet alan\u0131nda d\u00fcnyan\u0131n \u00f6nde gelen iki ara\u015ft\u0131rmac\u0131s\u0131 taraf\u0131ndan yaz\u0131lan bu \u00fcnl\u00fc kitap okuyuculara sosyal hizmet teorisi ve sosyal hizmet y\u00f6ntemleri tart\u0131\u015fmalar\u0131na katk\u0131da bulunan temel teorileri,<span class=\"excerpt-hellip\"> [\u2026]<\/span><\/p>\n","protected":false},"featured_media":0,"template":"","meta":{"_monsterinsights_skip_tracking":false,"_monsterinsights_sitenote_active":false,"_monsterinsights_sitenote_note":"","_monsterinsights_sitenote_category":0},"product_brand":[],"product_cat":[12835,12324],"product_tag":[],"class_list":{"0":"post-773819","1":"product","2":"type-product","3":"status-publish","5":"product_cat-genel-sosyoloji","6":"product_cat-sosyoloji","7":"pa_cilt-ciltsiz","8":"pa_tur-kitap","9":"pa_yayinevi-nika-yayinevi","10":"pa_yazar-mel-gray-stephen-a-webb","12":"first","13":"instock","14":"sale","15":"shipping-taxable","16":"purchasable","17":"product-type-simple"},"_links":{"self":[{"href":"https:\/\/roveyayinevi.com.tr\/index.php\/wp-json\/wp\/v2\/product\/773819","targetHints":{"allow":["GET"]}}],"collection":[{"href":"https:\/\/roveyayinevi.com.tr\/index.php\/wp-json\/wp\/v2\/product"}],"about":[{"href":"https:\/\/roveyayinevi.com.tr\/index.php\/wp-json\/wp\/v2\/types\/product"}],"wp:attachment":[{"href":"https:\/\/roveyayinevi.com.tr\/index.php\/wp-json\/wp\/v2\/media?parent=773819"}],"wp:term":[{"taxonomy":"product_brand","embeddable":true,"href":"https:\/\/roveyayinevi.com.tr\/index.php\/wp-json\/wp\/v2\/product_brand?post=773819"},{"taxonomy":"product_cat","embeddable":true,"href":"https:\/\/roveyayinevi.com.tr\/index.php\/wp-json\/wp\/v2\/product_cat?post=773819"},{"taxonomy":"product_tag","embeddable":true,"href":"https:\/\/roveyayinevi.com.tr\/index.php\/wp-json\/wp\/v2\/product_tag?post=773819"}],"curies":[{"name":"wp","href":"https:\/\/api.w.org\/{rel}","templated":true}]}}