{"id":773816,"date":"2025-08-28T16:29:59","date_gmt":"2025-08-28T13:29:59","guid":{"rendered":"https:\/\/roveyayinevi.com.tr\/index.php\/urun\/hayvanlar-ilk-ara-bul-kitabim-ciltli\/"},"modified":"2026-04-15T03:39:57","modified_gmt":"2026-04-15T00:39:57","slug":"hayvanlar-ilk-ara-bul-kitabim-ciltli","status":"publish","type":"product","link":"https:\/\/roveyayinevi.com.tr\/index.php\/urun\/hayvanlar-ilk-ara-bul-kitabim-ciltli\/","title":{"rendered":"Hayvanlar \u2013 \u0130lk Ara-Bul Kitab\u0131m (Ciltli)"},"content":{"rendered":"<p>Ara-Bul yeni kelimelerle tan\u0131\u015f! K\u00fc\u00e7\u00fck kedi nereye saklanm\u0131\u015f? Yavru fil ne yapmay\u0131 seviyor? Peki, senin en sevdi\u011fin hayvan hangisi? \u00c7ocuklar g\u00fcnl\u00fck hayattaki temel kavramlar\u0131 ke\u015ffederken, nesneleri bulacak ve \u00fczerinde konu\u015fabilecekler. <\/p>\n","protected":false},"excerpt":{"rendered":"<p>Ara-Bul yeni kelimelerle tan\u0131\u015f! K\u00fc\u00e7\u00fck kedi nereye saklanm\u0131\u015f? Yavru fil ne yapmay\u0131 seviyor? Peki, senin en sevdi\u011fin hayvan hangisi? \u00c7ocuklar g\u00fcnl\u00fck hayattaki temel kavramlar\u0131 ke\u015ffederken, nesneleri<span class=\"excerpt-hellip\"> [\u2026]<\/span><\/p>\n","protected":false},"featured_media":0,"template":"","meta":{"_monsterinsights_skip_tracking":false,"_monsterinsights_sitenote_active":false,"_monsterinsights_sitenote_note":"","_monsterinsights_sitenote_category":0},"product_brand":[],"product_cat":[12274,12518],"product_tag":[],"class_list":{"0":"post-773816","1":"product","2":"type-product","3":"status-publish","5":"product_cat-cocuk-ve-genclik-kitaplari","6":"product_cat-okul-oncesi-kitaplar","7":"pa_cilt-ciltli","8":"pa_tur-kitap","9":"pa_yayinevi-is-bankasi-kultur-yayinlari","10":"pa_yazar-sandra-grimm","12":"first","13":"instock","14":"sale","15":"shipping-taxable","16":"purchasable","17":"product-type-simple"},"_links":{"self":[{"href":"https:\/\/roveyayinevi.com.tr\/index.php\/wp-json\/wp\/v2\/product\/773816","targetHints":{"allow":["GET"]}}],"collection":[{"href":"https:\/\/roveyayinevi.com.tr\/index.php\/wp-json\/wp\/v2\/product"}],"about":[{"href":"https:\/\/roveyayinevi.com.tr\/index.php\/wp-json\/wp\/v2\/types\/product"}],"wp:attachment":[{"href":"https:\/\/roveyayinevi.com.tr\/index.php\/wp-json\/wp\/v2\/media?parent=773816"}],"wp:term":[{"taxonomy":"product_brand","embeddable":true,"href":"https:\/\/roveyayinevi.com.tr\/index.php\/wp-json\/wp\/v2\/product_brand?post=773816"},{"taxonomy":"product_cat","embeddable":true,"href":"https:\/\/roveyayinevi.com.tr\/index.php\/wp-json\/wp\/v2\/product_cat?post=773816"},{"taxonomy":"product_tag","embeddable":true,"href":"https:\/\/roveyayinevi.com.tr\/index.php\/wp-json\/wp\/v2\/product_tag?post=773816"}],"curies":[{"name":"wp","href":"https:\/\/api.w.org\/{rel}","templated":true}]}}