{"id":773810,"date":"2025-08-28T16:29:44","date_gmt":"2025-08-28T13:29:44","guid":{"rendered":"https:\/\/roveyayinevi.com.tr\/index.php\/urun\/sirin-yolcularla-trende-bir-gun\/"},"modified":"2026-04-15T03:39:57","modified_gmt":"2026-04-15T00:39:57","slug":"sirin-yolcularla-trende-bir-gun","status":"publish","type":"product","link":"https:\/\/roveyayinevi.com.tr\/index.php\/urun\/sirin-yolcularla-trende-bir-gun\/","title":{"rendered":"\u015eirin Yolcularla Trende Bir G\u00fcn"},"content":{"rendered":"<p>Vuuut! Vuuut! Herkes trene! Trenleri sever misin? Bulut ile dedesi bay\u0131l\u0131yor trenlere. Hadi, sen de onlarla birlikte tren yolculuklar\u0131na \u00e7\u0131k ve en be\u011fendi\u011fin treni se\u00e7! Bakal\u0131m buharl\u0131 treni mi tercih edeceksin yatakl\u0131 trenli mi? Zebra Ekspresi mi yoksa S\u00fcper Deniz K\u0131y\u0131s\u0131 Seferi\u2019ni mi? \u00c7ok ama \u00e7ok heyecanl\u0131 bir macera! <\/p>\n","protected":false},"excerpt":{"rendered":"<p>Vuuut! Vuuut! Herkes trene! Trenleri sever misin? Bulut ile dedesi bay\u0131l\u0131yor trenlere. Hadi, sen de onlarla birlikte tren yolculuklar\u0131na \u00e7\u0131k ve en be\u011fendi\u011fin treni se\u00e7! Bakal\u0131m<span class=\"excerpt-hellip\"> [\u2026]<\/span><\/p>\n","protected":false},"featured_media":0,"template":"","meta":{"_monsterinsights_skip_tracking":false,"_monsterinsights_sitenote_active":false,"_monsterinsights_sitenote_note":"","_monsterinsights_sitenote_category":0},"product_brand":[],"product_cat":[12274,12518],"product_tag":[],"class_list":{"0":"post-773810","1":"product","2":"type-product","3":"status-publish","5":"product_cat-cocuk-ve-genclik-kitaplari","6":"product_cat-okul-oncesi-kitaplar","7":"pa_cilt-ciltsiz","8":"pa_tur-kitap","9":"pa_yayinevi-is-bankasi-kultur-yayinlari","10":"pa_yazar-sharon-rentta","12":"first","13":"instock","14":"sale","15":"shipping-taxable","16":"purchasable","17":"product-type-simple"},"_links":{"self":[{"href":"https:\/\/roveyayinevi.com.tr\/index.php\/wp-json\/wp\/v2\/product\/773810","targetHints":{"allow":["GET"]}}],"collection":[{"href":"https:\/\/roveyayinevi.com.tr\/index.php\/wp-json\/wp\/v2\/product"}],"about":[{"href":"https:\/\/roveyayinevi.com.tr\/index.php\/wp-json\/wp\/v2\/types\/product"}],"wp:attachment":[{"href":"https:\/\/roveyayinevi.com.tr\/index.php\/wp-json\/wp\/v2\/media?parent=773810"}],"wp:term":[{"taxonomy":"product_brand","embeddable":true,"href":"https:\/\/roveyayinevi.com.tr\/index.php\/wp-json\/wp\/v2\/product_brand?post=773810"},{"taxonomy":"product_cat","embeddable":true,"href":"https:\/\/roveyayinevi.com.tr\/index.php\/wp-json\/wp\/v2\/product_cat?post=773810"},{"taxonomy":"product_tag","embeddable":true,"href":"https:\/\/roveyayinevi.com.tr\/index.php\/wp-json\/wp\/v2\/product_tag?post=773810"}],"curies":[{"name":"wp","href":"https:\/\/api.w.org\/{rel}","templated":true}]}}