{"id":773808,"date":"2025-08-28T16:29:38","date_gmt":"2025-08-28T13:29:38","guid":{"rendered":"https:\/\/roveyayinevi.com.tr\/index.php\/urun\/bela-lugosi\/"},"modified":"2026-04-15T03:39:57","modified_gmt":"2026-04-15T00:39:57","slug":"bela-lugosi","status":"publish","type":"product","link":"https:\/\/roveyayinevi.com.tr\/index.php\/urun\/bela-lugosi\/","title":{"rendered":"Bela Lugosi"},"content":{"rendered":"<p>1931 y\u0131l\u0131nda Tod Browning\u2019in Dracula eserinde, Bela Lugosi\u2019yi solgun y\u00fcz hatl\u0131 bir vampir olarak izleyici kar\u015f\u0131s\u0131nda ke\u015ffediyoruz. Ger\u00e7ek ad\u0131 B\u00e9la Blask\u00f3 olan Lugosi, kendi anavatan\u0131 olan Macaristan\u2019dan gelen do\u011fal aksan\u0131yla kont karakterini e\u015fsiz bir \u015fekilde canland\u0131r\u0131yor. Bu b\u00fcy\u00fcleyici performans d\u00fcnya \u00e7ap\u0131nda yank\u0131 buluyor. Amerika\u2019ya yaln\u0131zca 100 dolar ve \u0130ngilizce 10 kelime bilerek gelen Lugosi i\u00e7in bu, tam anlam\u0131yla bir zirve noktas\u0131 oluyor! Ancak bu f\u0131rt\u0131nal\u0131, \u00e7apk\u0131n ve l\u00fckse d\u00fc\u015fk\u00fcn komedyenin hayat\u0131 hakk\u0131nda ne biliyoruz? T\u0131pk\u0131 Dracula\u2019n\u0131n tabutuna hapsoldu\u011fu gibi, Lugosi de korku rollerine s\u0131k\u0131\u015f\u0131p kal\u0131yor; zamanla uyu\u015fturucu bata\u011f\u0131na saplan\u0131yor ve unutulmaya y\u00fcz tutuyor. Yine de 5 evlilik ve 110\u2019dan fazla filmle Bela Lugosi, Hollywood\u2019un alt\u0131n \u00e7a\u011f\u0131n\u0131n \u00f6nemli akt\u00f6rlerinden biri olarak tan\u0131n\u0131yor. Bug\u00fcn, korku sinemas\u0131n\u0131n en ikonik fig\u00fcrlerinden biri olarak kabul ediliyor. Siyah, i\u00e7i k\u0131rm\u0131z\u0131 astarl\u0131 peleriniyle g\u00f6m\u00fclen Lugosi, Dracula gibi \u00f6l\u00fcms\u00fczle\u015fti.     Philippe Thirault ve Marion Mousse, ilk kez bir araya gelerek hem \u00fcrpertici hem de e\u011flenceli bir grafik romanla b\u00fcy\u00fck bir zorlu\u011fun alt\u0131ndan kalk\u0131yor. Bu roman, akt\u00f6r\u00fcn ki\u015fili\u011fiyle m\u00fckemmel bir uyum i\u00e7inde olan, hem yo\u011fun hem de bilgi dolu bir grafik yakla\u015f\u0131m\u0131yla dikkat \u00e7ekiyor. <\/p>\n","protected":false},"excerpt":{"rendered":"<p>1931 y\u0131l\u0131nda Tod Browning\u2019in Dracula eserinde, Bela Lugosi\u2019yi solgun y\u00fcz hatl\u0131 bir vampir olarak izleyici kar\u015f\u0131s\u0131nda ke\u015ffediyoruz. Ger\u00e7ek ad\u0131 B\u00e9la Blask\u00f3 olan Lugosi, kendi anavatan\u0131 olan<span class=\"excerpt-hellip\"> [\u2026]<\/span><\/p>\n","protected":false},"featured_media":0,"template":"","meta":{"_monsterinsights_skip_tracking":false,"_monsterinsights_sitenote_active":false,"_monsterinsights_sitenote_note":"","_monsterinsights_sitenote_category":0},"product_brand":[],"product_cat":[12416,12291],"product_tag":[],"class_list":{"0":"post-773808","1":"product","2":"type-product","3":"status-publish","5":"product_cat-cizgi-roman","6":"product_cat-edebiyat","7":"pa_cilt-ciltsiz","8":"pa_tur-kitap","9":"pa_yayinevi-kara-karga-yayinlari","10":"pa_yazar-philippe-thirault-marion-mousse","12":"first","13":"instock","14":"sale","15":"shipping-taxable","16":"purchasable","17":"product-type-simple"},"_links":{"self":[{"href":"https:\/\/roveyayinevi.com.tr\/index.php\/wp-json\/wp\/v2\/product\/773808","targetHints":{"allow":["GET"]}}],"collection":[{"href":"https:\/\/roveyayinevi.com.tr\/index.php\/wp-json\/wp\/v2\/product"}],"about":[{"href":"https:\/\/roveyayinevi.com.tr\/index.php\/wp-json\/wp\/v2\/types\/product"}],"wp:attachment":[{"href":"https:\/\/roveyayinevi.com.tr\/index.php\/wp-json\/wp\/v2\/media?parent=773808"}],"wp:term":[{"taxonomy":"product_brand","embeddable":true,"href":"https:\/\/roveyayinevi.com.tr\/index.php\/wp-json\/wp\/v2\/product_brand?post=773808"},{"taxonomy":"product_cat","embeddable":true,"href":"https:\/\/roveyayinevi.com.tr\/index.php\/wp-json\/wp\/v2\/product_cat?post=773808"},{"taxonomy":"product_tag","embeddable":true,"href":"https:\/\/roveyayinevi.com.tr\/index.php\/wp-json\/wp\/v2\/product_tag?post=773808"}],"curies":[{"name":"wp","href":"https:\/\/api.w.org\/{rel}","templated":true}]}}