{"id":773807,"date":"2025-08-28T16:29:35","date_gmt":"2025-08-28T13:29:35","guid":{"rendered":"https:\/\/roveyayinevi.com.tr\/index.php\/urun\/kucuk-elma-agaci\/"},"modified":"2026-04-15T03:39:57","modified_gmt":"2026-04-15T00:39:57","slug":"kucuk-elma-agaci","status":"publish","type":"product","link":"https:\/\/roveyayinevi.com.tr\/index.php\/urun\/kucuk-elma-agaci\/","title":{"rendered":"K\u00fc\u00e7\u00fck Elma A\u011fac\u0131"},"content":{"rendered":"<p>Elmalar\u0131n nas\u0131l yeti\u015fti\u011fini merak ettiniz mi? O halde, k\u00fc\u00e7\u00fck elma a\u011fac\u0131yla tan\u0131\u015fmal\u0131s\u0131n\u0131z! Muhte\u015fem \u00e7izimleriyle bu hik\u00e2ye, meyvelerin ya\u015fam d\u00f6ng\u00fcs\u00fcne m\u00fckemmel bir giri\u015f niteli\u011finde. <\/p>\n","protected":false},"excerpt":{"rendered":"<p>Elmalar\u0131n nas\u0131l yeti\u015fti\u011fini merak ettiniz mi? O halde, k\u00fc\u00e7\u00fck elma a\u011fac\u0131yla tan\u0131\u015fmal\u0131s\u0131n\u0131z! Muhte\u015fem \u00e7izimleriyle bu hik\u00e2ye, meyvelerin ya\u015fam d\u00f6ng\u00fcs\u00fcne m\u00fckemmel bir giri\u015f niteli\u011finde.<\/p>\n","protected":false},"featured_media":0,"template":"","meta":{"_monsterinsights_skip_tracking":false,"_monsterinsights_sitenote_active":false,"_monsterinsights_sitenote_note":"","_monsterinsights_sitenote_category":0},"product_brand":[],"product_cat":[12274,12518],"product_tag":[],"class_list":{"0":"post-773807","1":"product","2":"type-product","3":"status-publish","5":"product_cat-cocuk-ve-genclik-kitaplari","6":"product_cat-okul-oncesi-kitaplar","7":"pa_cilt-ciltsiz","8":"pa_tur-kitap","9":"pa_yayinevi-is-bankasi-kultur-yayinlari","10":"pa_yazar-willow-green","12":"first","13":"instock","14":"sale","15":"shipping-taxable","16":"purchasable","17":"product-type-simple"},"_links":{"self":[{"href":"https:\/\/roveyayinevi.com.tr\/index.php\/wp-json\/wp\/v2\/product\/773807","targetHints":{"allow":["GET"]}}],"collection":[{"href":"https:\/\/roveyayinevi.com.tr\/index.php\/wp-json\/wp\/v2\/product"}],"about":[{"href":"https:\/\/roveyayinevi.com.tr\/index.php\/wp-json\/wp\/v2\/types\/product"}],"wp:attachment":[{"href":"https:\/\/roveyayinevi.com.tr\/index.php\/wp-json\/wp\/v2\/media?parent=773807"}],"wp:term":[{"taxonomy":"product_brand","embeddable":true,"href":"https:\/\/roveyayinevi.com.tr\/index.php\/wp-json\/wp\/v2\/product_brand?post=773807"},{"taxonomy":"product_cat","embeddable":true,"href":"https:\/\/roveyayinevi.com.tr\/index.php\/wp-json\/wp\/v2\/product_cat?post=773807"},{"taxonomy":"product_tag","embeddable":true,"href":"https:\/\/roveyayinevi.com.tr\/index.php\/wp-json\/wp\/v2\/product_tag?post=773807"}],"curies":[{"name":"wp","href":"https:\/\/api.w.org\/{rel}","templated":true}]}}