{"id":773806,"date":"2025-08-28T16:29:34","date_gmt":"2025-08-28T13:29:34","guid":{"rendered":"https:\/\/roveyayinevi.com.tr\/index.php\/urun\/sah-mat-ask\/"},"modified":"2026-04-15T03:39:57","modified_gmt":"2026-04-15T00:39:57","slug":"sah-mat-ask","status":"publish","type":"product","link":"https:\/\/roveyayinevi.com.tr\/index.php\/urun\/sah-mat-ask\/","title":{"rendered":"\u015eah. Mat. A\u015fk."},"content":{"rendered":"<p>TUTKULU BEN! DER, \u00c2\u015eIK SEN! SEVEN \u0130SE B\u0130Z\u2026   A\u015fk bazen bulutlar\u0131n \u00fczerine \u00e7\u0131kar\u0131r, bazen de en karanl\u0131k \u00e7ukurlara hapseder. E\u011fer neden yanl\u0131\u015f ki\u015filere \u00e2\u015f\u0131k oldu\u011funu \u00e7\u00f6zemezsen hayal k\u0131r\u0131kl\u0131\u011f\u0131na u\u011fratmaya devam eder. \u00c7\u00fcnk\u00fc a\u015fk bir oyun de\u011fildir, ama kurallar\u0131n\u0131 bilmeyen yine de kaybeder.   Bu kitap, a\u015fk\u0131n b\u00fcy\u00fcs\u00fcn\u00fc ve d\u00f6n\u00fc\u015ft\u00fcr\u00fcc\u00fc g\u00f6lgesini bir arada anlat\u0131yor. Tutkunun ard\u0131ndaki ba\u011f\u0131ml\u0131l\u0131\u011f\u0131, kavu\u015fman\u0131n i\u00e7indeki korkuyu, sevmenin alt\u0131nda gizlenen kendilik aray\u0131\u015f\u0131n\u0131 ortaya \u00e7\u0131kar\u0131yor. Mitlerden psikolojiye, felsefeden bilimsel ara\u015ft\u0131rmalara kadar uzanan \u00e7ok katmanl\u0131 bir anlat\u0131mla, a\u015fk\u0131n i\u00e7inden ge\u00e7erken asl\u0131nda ne ya\u015fad\u0131\u011f\u0131m\u0131z\u0131 anlamam\u0131za yard\u0131mc\u0131 oluyor.   \u015eah. Mat. A\u015fk. yaln\u0131zca a\u015fk\u0131 anlatmakla kalmay\u0131p, a\u015fk\u0131n i\u00e7indeki \u201csen\u201di ar\u0131yor. Bu kitap bir \u00e7a\u011fr\u0131; kendi a\u015fk\u0131na, kendi hik\u00e2yene bir davet! Duygu ve d\u00fc\u015f\u00fcncelerine bir ayna&#8230; Hayal k\u0131r\u0131kl\u0131klar\u0131na bir ila\u00e7&#8230; Gelecekteki ili\u015fkilerine bir \u0131\u015f\u0131k&#8230; Sat\u0131rlar\u0131nda kendini ke\u015ffedece\u011fin bir durak&#8230;   \u00c7\u00fcnk\u00fc hayat\u0131nda bir \u015fey eksik. Ve bu kitap, onun ne oldu\u011funu sana hat\u0131rlatmak i\u00e7in yaz\u0131ld\u0131. <\/p>\n","protected":false},"excerpt":{"rendered":"<p>TUTKULU BEN! DER, \u00c2\u015eIK SEN! SEVEN \u0130SE B\u0130Z\u2026 A\u015fk bazen bulutlar\u0131n \u00fczerine \u00e7\u0131kar\u0131r, bazen de en karanl\u0131k \u00e7ukurlara hapseder. E\u011fer neden yanl\u0131\u015f ki\u015filere \u00e2\u015f\u0131k oldu\u011funu \u00e7\u00f6zemezsen<span class=\"excerpt-hellip\"> [\u2026]<\/span><\/p>\n","protected":false},"featured_media":0,"template":"","meta":{"_monsterinsights_skip_tracking":false,"_monsterinsights_sitenote_active":false,"_monsterinsights_sitenote_note":"","_monsterinsights_sitenote_category":0},"product_brand":[],"product_cat":[12364,12376],"product_tag":[],"class_list":{"0":"post-773806","1":"product","2":"type-product","3":"status-publish","5":"product_cat-genel-konular","6":"product_cat-kisisel-gelisim","7":"pa_cilt-ciltsiz","8":"pa_tur-kitap","9":"pa_yayinevi-destek-yayinlari","10":"pa_yazar-cem-goksel-ozargun","12":"first","13":"instock","14":"sale","15":"shipping-taxable","16":"purchasable","17":"product-type-simple"},"_links":{"self":[{"href":"https:\/\/roveyayinevi.com.tr\/index.php\/wp-json\/wp\/v2\/product\/773806","targetHints":{"allow":["GET"]}}],"collection":[{"href":"https:\/\/roveyayinevi.com.tr\/index.php\/wp-json\/wp\/v2\/product"}],"about":[{"href":"https:\/\/roveyayinevi.com.tr\/index.php\/wp-json\/wp\/v2\/types\/product"}],"wp:attachment":[{"href":"https:\/\/roveyayinevi.com.tr\/index.php\/wp-json\/wp\/v2\/media?parent=773806"}],"wp:term":[{"taxonomy":"product_brand","embeddable":true,"href":"https:\/\/roveyayinevi.com.tr\/index.php\/wp-json\/wp\/v2\/product_brand?post=773806"},{"taxonomy":"product_cat","embeddable":true,"href":"https:\/\/roveyayinevi.com.tr\/index.php\/wp-json\/wp\/v2\/product_cat?post=773806"},{"taxonomy":"product_tag","embeddable":true,"href":"https:\/\/roveyayinevi.com.tr\/index.php\/wp-json\/wp\/v2\/product_tag?post=773806"}],"curies":[{"name":"wp","href":"https:\/\/api.w.org\/{rel}","templated":true}]}}