{"id":773804,"date":"2025-08-28T16:29:30","date_gmt":"2025-08-28T13:29:30","guid":{"rendered":"https:\/\/roveyayinevi.com.tr\/index.php\/urun\/black-lagoon-3\/"},"modified":"2026-04-15T03:39:57","modified_gmt":"2026-04-15T00:39:57","slug":"black-lagoon-3","status":"publish","type":"product","link":"https:\/\/roveyayinevi.com.tr\/index.php\/urun\/black-lagoon-3\/","title":{"rendered":"Black Lagoon 3"},"content":{"rendered":"<p>Asya Denizlerinin En Delifi\u015fek Tayfas\u0131    Balalaika ve Hotel Moskova\u2019n\u0131n psikopat Rumen ikizler Hansel ve Gretel\u2019i yakalamak i\u00e7in i\u015fbirli\u011fi yapmas\u0131yla Roanpur, sava\u015f alan\u0131na d\u00f6ner. Bula\u015ft\u0131\u011f\u0131 bu kirli d\u00fcnyan\u0131n ger\u00e7ek y\u00fcz\u00fcn\u00fc g\u00f6ren Rock da zor zamanlar ge\u00e7irmektedir. Bir ter\u00f6rist grubu, Triad\u2019a bula\u015ft\u0131\u011f\u0131nda ise herkesten \u00f6nce silahlar\u0131 ku\u015fanan, her zamanki gibi Black Lagoon tayfas\u0131 olacakt\u0131r&#8230;   Gelmi\u015f ge\u00e7mi\u015f en delifi\u015fek kurye ekibiyle denize a\u00e7\u0131lmaya haz\u0131r olun! Patron Dutch, D\u00f6rt G\u00f6z Benny, \u00c7ift El Revy ve Japon Beyaz Yaka Rock ile g\u00fcverteye ho\u015f geldiniz! \u0130kinci D\u00fcnya Sava\u015f\u0131\u2019ndan kalma torpido gemisi Black Lagoon\u2019da binbir t\u00fcrl\u00fc macera, bu tayfay\u0131 bekliyor. Rus mafyas\u0131, \u00c7in mafyas\u0131 ve Kolombiyal\u0131 uyu\u015fturucu ka\u00e7ak\u00e7\u0131lar\u0131na bula\u015f\u0131p yasad\u0131\u015f\u0131 mallar\u0131n tesliminde de ba\u015flar\u0131 beladan kurtulmayan bu g\u00f6z\u00fc kara kuryelerin bir g\u00fcn\u00fc olays\u0131z ge\u00e7miyor&#8230; <\/p>\n","protected":false},"excerpt":{"rendered":"<p>Asya Denizlerinin En Delifi\u015fek Tayfas\u0131 Balalaika ve Hotel Moskova\u2019n\u0131n psikopat Rumen ikizler Hansel ve Gretel\u2019i yakalamak i\u00e7in i\u015fbirli\u011fi yapmas\u0131yla Roanpur, sava\u015f alan\u0131na d\u00f6ner. Bula\u015ft\u0131\u011f\u0131 bu kirli<span class=\"excerpt-hellip\"> [\u2026]<\/span><\/p>\n","protected":false},"featured_media":0,"template":"","meta":{"_monsterinsights_skip_tracking":false,"_monsterinsights_sitenote_active":false,"_monsterinsights_sitenote_note":"","_monsterinsights_sitenote_category":0},"product_brand":[],"product_cat":[12416,12291],"product_tag":[],"class_list":{"0":"post-773804","1":"product","2":"type-product","3":"status-publish","5":"product_cat-cizgi-roman","6":"product_cat-edebiyat","7":"pa_cilt-ciltsiz","8":"pa_tur-kitap","9":"pa_yayinevi-athica-yayinlari","10":"pa_yazar-rei-hiroe","12":"first","13":"instock","14":"sale","15":"shipping-taxable","16":"purchasable","17":"product-type-simple"},"_links":{"self":[{"href":"https:\/\/roveyayinevi.com.tr\/index.php\/wp-json\/wp\/v2\/product\/773804","targetHints":{"allow":["GET"]}}],"collection":[{"href":"https:\/\/roveyayinevi.com.tr\/index.php\/wp-json\/wp\/v2\/product"}],"about":[{"href":"https:\/\/roveyayinevi.com.tr\/index.php\/wp-json\/wp\/v2\/types\/product"}],"wp:attachment":[{"href":"https:\/\/roveyayinevi.com.tr\/index.php\/wp-json\/wp\/v2\/media?parent=773804"}],"wp:term":[{"taxonomy":"product_brand","embeddable":true,"href":"https:\/\/roveyayinevi.com.tr\/index.php\/wp-json\/wp\/v2\/product_brand?post=773804"},{"taxonomy":"product_cat","embeddable":true,"href":"https:\/\/roveyayinevi.com.tr\/index.php\/wp-json\/wp\/v2\/product_cat?post=773804"},{"taxonomy":"product_tag","embeddable":true,"href":"https:\/\/roveyayinevi.com.tr\/index.php\/wp-json\/wp\/v2\/product_tag?post=773804"}],"curies":[{"name":"wp","href":"https:\/\/api.w.org\/{rel}","templated":true}]}}