{"id":773802,"date":"2025-08-28T16:29:24","date_gmt":"2025-08-28T13:29:24","guid":{"rendered":"https:\/\/roveyayinevi.com.tr\/index.php\/urun\/nasil-prenses-oldum-6\/"},"modified":"2026-04-15T03:39:57","modified_gmt":"2026-04-15T00:39:57","slug":"nasil-prenses-oldum-6","status":"publish","type":"product","link":"https:\/\/roveyayinevi.com.tr\/index.php\/urun\/nasil-prenses-oldum-6\/","title":{"rendered":"Nas\u0131l Prenses Oldum 6"},"content":{"rendered":"<p>BABAMIN BAYILMASININ SEBEB\u0130 BEN M\u0130Y\u0130M?! BABAM, LUCAS SAYES\u0130NDE G\u00d6ZLER\u0130N\u0130 A\u00c7TI AMA H\u00c2L\u00c2 BEN\u0130 HATIRLAMIYOR&#8230; BABAMIN YAKALANDI\u011eI LANET\u0130 BOZMAK \u0130\u00c7\u0130N JENNETTE\u2019Y\u0130 S\u00dcREKL\u0130 ONUN YANINDA TUTUYORDUM AMA&#8230; \u201cBABA!!!\u201d BABAM KAN KUSARAK BAYILDI&#8230; S\u00d6YLE, LUCAS! BABAMI YA\u015eATMAK \u0130\u00c7\u0130N NE YAPMAM GEREK\u0130YOR? <\/p>\n","protected":false},"excerpt":{"rendered":"<p>BABAMIN BAYILMASININ SEBEB\u0130 BEN M\u0130Y\u0130M?! BABAM, LUCAS SAYES\u0130NDE G\u00d6ZLER\u0130N\u0130 A\u00c7TI AMA H\u00c2L\u00c2 BEN\u0130 HATIRLAMIYOR&#8230; BABAMIN YAKALANDI\u011eI LANET\u0130 BOZMAK \u0130\u00c7\u0130N JENNETTE\u2019Y\u0130 S\u00dcREKL\u0130 ONUN YANINDA TUTUYORDUM AMA&#8230; \u201cBABA!!!\u201d<span class=\"excerpt-hellip\"> [\u2026]<\/span><\/p>\n","protected":false},"featured_media":0,"template":"","meta":{"_monsterinsights_skip_tracking":false,"_monsterinsights_sitenote_active":false,"_monsterinsights_sitenote_note":"","_monsterinsights_sitenote_category":0},"product_brand":[],"product_cat":[12416,12291],"product_tag":[],"class_list":{"0":"post-773802","1":"product","2":"type-product","3":"status-publish","5":"product_cat-cizgi-roman","6":"product_cat-edebiyat","7":"pa_cilt-ciltsiz","8":"pa_tur-kitap","9":"pa_yayinevi-athica-yayinlari","10":"pa_yazar-plutus","12":"first","13":"instock","14":"sale","15":"shipping-taxable","16":"purchasable","17":"product-type-simple"},"_links":{"self":[{"href":"https:\/\/roveyayinevi.com.tr\/index.php\/wp-json\/wp\/v2\/product\/773802","targetHints":{"allow":["GET"]}}],"collection":[{"href":"https:\/\/roveyayinevi.com.tr\/index.php\/wp-json\/wp\/v2\/product"}],"about":[{"href":"https:\/\/roveyayinevi.com.tr\/index.php\/wp-json\/wp\/v2\/types\/product"}],"wp:attachment":[{"href":"https:\/\/roveyayinevi.com.tr\/index.php\/wp-json\/wp\/v2\/media?parent=773802"}],"wp:term":[{"taxonomy":"product_brand","embeddable":true,"href":"https:\/\/roveyayinevi.com.tr\/index.php\/wp-json\/wp\/v2\/product_brand?post=773802"},{"taxonomy":"product_cat","embeddable":true,"href":"https:\/\/roveyayinevi.com.tr\/index.php\/wp-json\/wp\/v2\/product_cat?post=773802"},{"taxonomy":"product_tag","embeddable":true,"href":"https:\/\/roveyayinevi.com.tr\/index.php\/wp-json\/wp\/v2\/product_tag?post=773802"}],"curies":[{"name":"wp","href":"https:\/\/api.w.org\/{rel}","templated":true}]}}