{"id":773800,"date":"2025-08-28T16:29:21","date_gmt":"2025-08-28T13:29:21","guid":{"rendered":"https:\/\/roveyayinevi.com.tr\/index.php\/urun\/manet-500-gorsel-esliginde-yasami-ve-eserleri-ciltli\/"},"modified":"2026-04-15T03:39:57","modified_gmt":"2026-04-15T00:39:57","slug":"manet-500-gorsel-esliginde-yasami-ve-eserleri-ciltli","status":"publish","type":"product","link":"https:\/\/roveyayinevi.com.tr\/index.php\/urun\/manet-500-gorsel-esliginde-yasami-ve-eserleri-ciltli\/","title":{"rendered":"Manet &#8211; 500 G\u00f6rsel E\u015fli\u011finde Ya\u015fam\u0131 ve Eserleri (Ciltli)"},"content":{"rendered":"<p>Frans\u0131z sanat\u00e7\u0131lar\u0131n en b\u00fcy\u00fcklerinden biri olan, \u00e7arp\u0131c\u0131 ger\u00e7ek\u00e7ili\u011fi nedeniyle ilk modern ressam diye nitelenen Edouard Manet hakk\u0131nda renkli ve ustal\u0131kl\u0131 bir anlat\u0131 Geleneksel kurumlardan kopu\u015fu ve Monet, C\u00e9zanne, Degas gibi \u00f6nc\u00fc sanat\u00e7\u0131larla ili\u015fkileri dahil olmak \u00fczere Manet\u2019nin hayat\u0131n\u0131n ve sanat\u0131n\u0131n canl\u0131 bir biyografisi Manet\u2019nin \u00f6nemli eserlerinden \u00e7o\u011funu ama\u00e7, teknik ve \u00fcslup analizleriyle birlikte sunan kapsaml\u0131 bir galeri Manet\u2019nin sanat\u0131, akademik kurumlar\u0131n geleneklerinden uzakla\u015ft\u0131rarak yeniden ger\u00e7ek hayata y\u00f6nlendirmesine dair detayl\u0131 bir de\u011ferlendirme Manet\u2019nin hayat\u0131n\u0131, sanat\u0131n\u0131 ve ba\u015fl\u0131ca \u00e7a\u011fda\u015flar\u0131n\u0131n eserlerini kapsayan 500 se\u00e7kin g\u00f6rsel <\/p>\n","protected":false},"excerpt":{"rendered":"<p>Frans\u0131z sanat\u00e7\u0131lar\u0131n en b\u00fcy\u00fcklerinden biri olan, \u00e7arp\u0131c\u0131 ger\u00e7ek\u00e7ili\u011fi nedeniyle ilk modern ressam diye nitelenen Edouard Manet hakk\u0131nda renkli ve ustal\u0131kl\u0131 bir anlat\u0131 Geleneksel kurumlardan kopu\u015fu ve<span class=\"excerpt-hellip\"> [\u2026]<\/span><\/p>\n","protected":false},"featured_media":0,"template":"","meta":{"_monsterinsights_skip_tracking":false,"_monsterinsights_sitenote_active":false,"_monsterinsights_sitenote_note":"","_monsterinsights_sitenote_category":0},"product_brand":[],"product_cat":[15733,12408],"product_tag":[],"class_list":{"0":"post-773800","1":"product","2":"type-product","3":"status-publish","5":"product_cat-resim","6":"product_cat-sanat","7":"pa_cilt-ciltli","8":"pa_tur-kitap","9":"pa_yayinevi-is-bankasi-kultur-yayinlari","10":"pa_yazar-nigel-rodgers","12":"first","13":"instock","14":"sale","15":"shipping-taxable","16":"purchasable","17":"product-type-simple"},"_links":{"self":[{"href":"https:\/\/roveyayinevi.com.tr\/index.php\/wp-json\/wp\/v2\/product\/773800","targetHints":{"allow":["GET"]}}],"collection":[{"href":"https:\/\/roveyayinevi.com.tr\/index.php\/wp-json\/wp\/v2\/product"}],"about":[{"href":"https:\/\/roveyayinevi.com.tr\/index.php\/wp-json\/wp\/v2\/types\/product"}],"wp:attachment":[{"href":"https:\/\/roveyayinevi.com.tr\/index.php\/wp-json\/wp\/v2\/media?parent=773800"}],"wp:term":[{"taxonomy":"product_brand","embeddable":true,"href":"https:\/\/roveyayinevi.com.tr\/index.php\/wp-json\/wp\/v2\/product_brand?post=773800"},{"taxonomy":"product_cat","embeddable":true,"href":"https:\/\/roveyayinevi.com.tr\/index.php\/wp-json\/wp\/v2\/product_cat?post=773800"},{"taxonomy":"product_tag","embeddable":true,"href":"https:\/\/roveyayinevi.com.tr\/index.php\/wp-json\/wp\/v2\/product_tag?post=773800"}],"curies":[{"name":"wp","href":"https:\/\/api.w.org\/{rel}","templated":true}]}}