{"id":773799,"date":"2025-08-28T16:29:19","date_gmt":"2025-08-28T13:29:19","guid":{"rendered":"https:\/\/roveyayinevi.com.tr\/index.php\/urun\/molekuller-kisa-bir-giris\/"},"modified":"2026-04-15T03:39:57","modified_gmt":"2026-04-15T00:39:57","slug":"molekuller-kisa-bir-giris","status":"publish","type":"product","link":"https:\/\/roveyayinevi.com.tr\/index.php\/urun\/molekuller-kisa-bir-giris\/","title":{"rendered":"Molek\u00fcller \u2013 K\u0131sa Bir Giri\u015f"},"content":{"rendered":"<p>\u201dKendi molek\u00fcler yap\u0131m\u0131z\u0131 anlayarak belki de kimyan\u0131n bize sundu\u011fu \u015feylerin de\u011ferini bilmeye, do\u011fal ya da yapay baz\u0131 maddeler bizi zehirlerken baz\u0131lar\u0131n\u0131n neden iyile\u015ftirdi\u011fini anlamaya ba\u015flayabiliriz.\u201d Canl\u0131 bir h\u00fccrenin i\u00e7erisinde ya\u015fananlar\u0131 birbirleriyle ileti\u015fim kuran, i\u015fbirli\u011fine giden, rekabete giren, durmaks\u0131z\u0131n hareket eden molek\u00fcllerle dolup ta\u015fan bir kente benzetebiliriz. Kimyac\u0131lar\u0131n molek\u00fcler d\u00fcnyay\u0131 nas\u0131l g\u00f6rd\u00fcklerini anlatan bu k\u0131sa giri\u015f kitab\u0131nda Philip Ball molek\u00fcllerin i\u00e7imizde ve etraf\u0131m\u0131zda oynad\u0131\u011f\u0131 hayati rol\u00fc g\u00f6zler \u00f6n\u00fcne seriyor. Canl\u0131 sistemlerdeki molek\u00fcllere \u0131\u015f\u0131k tutarak sentetik kimyan\u0131n organik molek\u00fcllerden nas\u0131l ilham ald\u0131\u011f\u0131n\u0131 \u00f6rnekleriyle aktar\u0131yor. Tek bir d\u00f6llenmi\u015f yumurtan\u0131n nas\u0131l \u00e7ok h\u00fccreli canl\u0131lara, \u00f6rne\u011fin Mozart gibi bir insana d\u00f6n\u00fc\u015febildi\u011fini, sabah\u0131n erken saatlerinde \u00e7iy yedi\u011finde \u00f6r\u00fcmcek ipe\u011fini \u00e7\u00f6z\u00fcnmez k\u0131lan \u015feyin ne oldu\u011funu, t\u00fcm bu molek\u00fcler dinamizmin laboratuvarlarda nas\u0131l yakalanabildi\u011fini ve daha nice \u015fa\u015f\u0131rt\u0131c\u0131 bilgiyi aktaran yazar, kimyaya y\u00fczy\u0131l\u0131m\u0131z\u0131n en yarat\u0131c\u0131 bilimlerinden biri olarak yeni bir g\u00f6zle bakmam\u0131z\u0131 sa\u011fl\u0131yor. <\/p>\n","protected":false},"excerpt":{"rendered":"<p>\u201dKendi molek\u00fcler yap\u0131m\u0131z\u0131 anlayarak belki de kimyan\u0131n bize sundu\u011fu \u015feylerin de\u011ferini bilmeye, do\u011fal ya da yapay baz\u0131 maddeler bizi zehirlerken baz\u0131lar\u0131n\u0131n neden iyile\u015ftirdi\u011fini anlamaya ba\u015flayabiliriz.\u201d Canl\u0131<span class=\"excerpt-hellip\"> [\u2026]<\/span><\/p>\n","protected":false},"featured_media":0,"template":"","meta":{"_monsterinsights_skip_tracking":false,"_monsterinsights_sitenote_active":false,"_monsterinsights_sitenote_note":"","_monsterinsights_sitenote_category":0},"product_brand":[],"product_cat":[13005,15998],"product_tag":[],"class_list":{"0":"post-773799","1":"product","2":"type-product","3":"status-publish","5":"product_cat-bilim-muhendislik","6":"product_cat-bilim-tarihi","7":"pa_cilt-ciltsiz","8":"pa_tur-kitap","9":"pa_yayinevi-is-bankasi-kultur-yayinlari","10":"pa_yazar-philip-ball","12":"first","13":"instock","14":"sale","15":"shipping-taxable","16":"purchasable","17":"product-type-simple"},"_links":{"self":[{"href":"https:\/\/roveyayinevi.com.tr\/index.php\/wp-json\/wp\/v2\/product\/773799","targetHints":{"allow":["GET"]}}],"collection":[{"href":"https:\/\/roveyayinevi.com.tr\/index.php\/wp-json\/wp\/v2\/product"}],"about":[{"href":"https:\/\/roveyayinevi.com.tr\/index.php\/wp-json\/wp\/v2\/types\/product"}],"wp:attachment":[{"href":"https:\/\/roveyayinevi.com.tr\/index.php\/wp-json\/wp\/v2\/media?parent=773799"}],"wp:term":[{"taxonomy":"product_brand","embeddable":true,"href":"https:\/\/roveyayinevi.com.tr\/index.php\/wp-json\/wp\/v2\/product_brand?post=773799"},{"taxonomy":"product_cat","embeddable":true,"href":"https:\/\/roveyayinevi.com.tr\/index.php\/wp-json\/wp\/v2\/product_cat?post=773799"},{"taxonomy":"product_tag","embeddable":true,"href":"https:\/\/roveyayinevi.com.tr\/index.php\/wp-json\/wp\/v2\/product_tag?post=773799"}],"curies":[{"name":"wp","href":"https:\/\/api.w.org\/{rel}","templated":true}]}}