{"id":773798,"date":"2025-08-28T16:29:16","date_gmt":"2025-08-28T13:29:16","guid":{"rendered":"https:\/\/roveyayinevi.com.tr\/index.php\/urun\/karnaval\/"},"modified":"2026-04-15T03:39:57","modified_gmt":"2026-04-15T00:39:57","slug":"karnaval","status":"publish","type":"product","link":"https:\/\/roveyayinevi.com.tr\/index.php\/urun\/karnaval\/","title":{"rendered":"Karnaval"},"content":{"rendered":"<p>\u201cKarnaval roman\u0131, esas\u0131nda Osmanl\u0131 sosyal hayat\u0131na tamamen yabanc\u0131 bir e\u011flence tarz\u0131 olan balo ve karnavallar\u0131n aile hayat\u0131nda, kad\u0131n-erkek m\u00fcnasebetlerinde tamiri kabil olmayan yaralar a\u00e7t\u0131\u011f\u0131n\u0131 g\u00f6sterir. Ahmet Mithat\u2019\u0131n bu roman\u0131 da Fel\u00e2tun Bey ile R\u00e2k\u0131m Efendi gibi, alafrangal\u0131\u011f\u0131n hicvidir.\u201d                                                                                                                                  Orhan Okay Terc\u00fcman-\u0131 Hakikat gazetesinde tefrika edildikten sonra 1881 y\u0131l\u0131nda kitapla\u015ft\u0131r\u0131lan Karnaval\u2019da Ahmet Mithat Efendi, Beyo\u011flu\u2019nda gayrim\u00fcslimler taraf\u0131ndan d\u00fczenlenen karnaval ve balolar\u0131 ele al\u0131r. Bu e\u011flencelere kat\u0131lan ve ayn\u0131 kad\u0131na g\u00f6n\u00fcl veren Zek\u00e2i Bey ile Resmi Efendi ad\u0131nda iki Osmanl\u0131 gencinin a\u015fk, ihanet ve entrika dolu maceralar\u0131 anlat\u0131l\u0131rken ayn\u0131 zamanda d\u00f6nemin konak hayat\u0131, e\u011flence mek\u00e2nlar\u0131, alafrangal\u0131\u011f\u0131n vitrini olan Beyo\u011flu ve \u00e7evresi de sosyok\u00fclt\u00fcrel g\u00f6r\u00fcn\u00fcm\u00fcyle g\u00f6zler \u00f6n\u00fcne serilir. <\/p>\n","protected":false},"excerpt":{"rendered":"<p>\u201cKarnaval roman\u0131, esas\u0131nda Osmanl\u0131 sosyal hayat\u0131na tamamen yabanc\u0131 bir e\u011flence tarz\u0131 olan balo ve karnavallar\u0131n aile hayat\u0131nda, kad\u0131n-erkek m\u00fcnasebetlerinde tamiri kabil olmayan yaralar a\u00e7t\u0131\u011f\u0131n\u0131 g\u00f6sterir. Ahmet<span class=\"excerpt-hellip\"> [\u2026]<\/span><\/p>\n","protected":false},"featured_media":0,"template":"","meta":{"_monsterinsights_skip_tracking":false,"_monsterinsights_sitenote_active":false,"_monsterinsights_sitenote_note":"","_monsterinsights_sitenote_category":0},"product_brand":[],"product_cat":[12291,12711],"product_tag":[],"class_list":{"0":"post-773798","1":"product","2":"type-product","3":"status-publish","5":"product_cat-edebiyat","6":"product_cat-roman-oyku","7":"pa_cilt-ciltsiz","8":"pa_tur-kitap","9":"pa_yayinevi-is-bankasi-kultur-yayinlari","10":"pa_yazar-ahmet-mithat-efendi","12":"first","13":"instock","14":"sale","15":"shipping-taxable","16":"purchasable","17":"product-type-simple"},"_links":{"self":[{"href":"https:\/\/roveyayinevi.com.tr\/index.php\/wp-json\/wp\/v2\/product\/773798","targetHints":{"allow":["GET"]}}],"collection":[{"href":"https:\/\/roveyayinevi.com.tr\/index.php\/wp-json\/wp\/v2\/product"}],"about":[{"href":"https:\/\/roveyayinevi.com.tr\/index.php\/wp-json\/wp\/v2\/types\/product"}],"wp:attachment":[{"href":"https:\/\/roveyayinevi.com.tr\/index.php\/wp-json\/wp\/v2\/media?parent=773798"}],"wp:term":[{"taxonomy":"product_brand","embeddable":true,"href":"https:\/\/roveyayinevi.com.tr\/index.php\/wp-json\/wp\/v2\/product_brand?post=773798"},{"taxonomy":"product_cat","embeddable":true,"href":"https:\/\/roveyayinevi.com.tr\/index.php\/wp-json\/wp\/v2\/product_cat?post=773798"},{"taxonomy":"product_tag","embeddable":true,"href":"https:\/\/roveyayinevi.com.tr\/index.php\/wp-json\/wp\/v2\/product_tag?post=773798"}],"curies":[{"name":"wp","href":"https:\/\/api.w.org\/{rel}","templated":true}]}}