{"id":773797,"date":"2025-08-28T16:29:13","date_gmt":"2025-08-28T13:29:13","guid":{"rendered":"https:\/\/roveyayinevi.com.tr\/index.php\/urun\/karanlik-yollar-ciltli\/"},"modified":"2026-04-15T03:39:57","modified_gmt":"2026-04-15T00:39:57","slug":"karanlik-yollar-ciltli","status":"publish","type":"product","link":"https:\/\/roveyayinevi.com.tr\/index.php\/urun\/karanlik-yollar-ciltli\/","title":{"rendered":"Karanl\u0131k Yollar (Ciltli)"},"content":{"rendered":"<p>\u0130van Bunin\u2019in 1937-1944 y\u0131llar\u0131 aras\u0131nda kaleme ald\u0131\u011f\u0131 \u00f6yk\u00fclerden olu\u015fan Karanl\u0131k Yollar, Nobel \u00f6d\u00fcll\u00fc yazar\u0131n ustal\u0131k eseri olarak tan\u0131nmaktad\u0131r. Yazar\u0131n ilk \u00e7al\u0131\u015fmalar\u0131ndan beri zihnini me\u015fgul eden a\u015fk temas\u0131, Karanl\u0131k Yollar\u2019daki \u00f6yk\u00fclerde ayk\u0131r\u0131, sivri ve kabullenmesi zor bi\u00e7imleriyle yeniden belirir. Bunin\u2019in yarat\u0131c\u0131l\u0131\u011f\u0131nda a\u015fk, insan\u0131n i\u00e7inde bulundu\u011fu trajik evrenin dokusudur. \u0130deal ile ger\u00e7eklik aras\u0131ndaki kar\u015f\u0131tl\u0131k, ten ile ruhun \u00e7eki\u015fmesi, g\u00fcd\u00fcler ile ak\u0131l aras\u0131nda savrulu\u015flar iki d\u00fcnya sava\u015f\u0131n\u0131n, devrimlerin y\u0131k\u0131p ge\u00e7ti\u011fi bir tarih aral\u0131\u011f\u0131nda a\u015fk\u0131 ayn\u0131 anda hem g\u00fc\u00e7l\u00fc bir ya\u015famsal ba\u011f hem de \u00f6l\u00fcmc\u00fcl bir kopu\u015f haline getirir. Rus edebiyat\u0131nda insan ruhunun ele avuca gelmez y\u00f6nlerini s\u00f6zc\u00fckleriyle yakalayan \u00f6zg\u00fcn \u00fcslubuyla Bunin, a\u015fka bak\u0131\u015f\u0131m\u0131za k\u0131rk ayr\u0131 \u00f6yk\u00fcde meydan okuyor. <\/p>\n","protected":false},"excerpt":{"rendered":"<p>\u0130van Bunin\u2019in 1937-1944 y\u0131llar\u0131 aras\u0131nda kaleme ald\u0131\u011f\u0131 \u00f6yk\u00fclerden olu\u015fan Karanl\u0131k Yollar, Nobel \u00f6d\u00fcll\u00fc yazar\u0131n ustal\u0131k eseri olarak tan\u0131nmaktad\u0131r. Yazar\u0131n ilk \u00e7al\u0131\u015fmalar\u0131ndan beri zihnini me\u015fgul eden a\u015fk<span class=\"excerpt-hellip\"> [\u2026]<\/span><\/p>\n","protected":false},"featured_media":0,"template":"","meta":{"_monsterinsights_skip_tracking":false,"_monsterinsights_sitenote_active":false,"_monsterinsights_sitenote_note":"","_monsterinsights_sitenote_category":0},"product_brand":[],"product_cat":[12291,12711],"product_tag":[],"class_list":{"0":"post-773797","1":"product","2":"type-product","3":"status-publish","5":"product_cat-edebiyat","6":"product_cat-roman-oyku","7":"pa_cilt-ciltsiz","8":"pa_tur-kitap","9":"pa_yayinevi-is-bankasi-kultur-yayinlari","10":"pa_yazar-ivan-bunin","12":"first","13":"instock","14":"sale","15":"shipping-taxable","16":"purchasable","17":"product-type-simple"},"_links":{"self":[{"href":"https:\/\/roveyayinevi.com.tr\/index.php\/wp-json\/wp\/v2\/product\/773797","targetHints":{"allow":["GET"]}}],"collection":[{"href":"https:\/\/roveyayinevi.com.tr\/index.php\/wp-json\/wp\/v2\/product"}],"about":[{"href":"https:\/\/roveyayinevi.com.tr\/index.php\/wp-json\/wp\/v2\/types\/product"}],"wp:attachment":[{"href":"https:\/\/roveyayinevi.com.tr\/index.php\/wp-json\/wp\/v2\/media?parent=773797"}],"wp:term":[{"taxonomy":"product_brand","embeddable":true,"href":"https:\/\/roveyayinevi.com.tr\/index.php\/wp-json\/wp\/v2\/product_brand?post=773797"},{"taxonomy":"product_cat","embeddable":true,"href":"https:\/\/roveyayinevi.com.tr\/index.php\/wp-json\/wp\/v2\/product_cat?post=773797"},{"taxonomy":"product_tag","embeddable":true,"href":"https:\/\/roveyayinevi.com.tr\/index.php\/wp-json\/wp\/v2\/product_tag?post=773797"}],"curies":[{"name":"wp","href":"https:\/\/api.w.org\/{rel}","templated":true}]}}