{"id":773784,"date":"2025-08-28T16:28:39","date_gmt":"2025-08-28T13:28:39","guid":{"rendered":"https:\/\/roveyayinevi.com.tr\/index.php\/urun\/scientia\/"},"modified":"2026-04-15T03:39:56","modified_gmt":"2026-04-15T00:39:56","slug":"scientia","status":"publish","type":"product","link":"https:\/\/roveyayinevi.com.tr\/index.php\/urun\/scientia\/","title":{"rendered":"Scientia"},"content":{"rendered":"<p>Gelece\u011fin s\u0131n\u0131r tan\u0131mayan teknolojisinde, insanl\u0131k kendi kimli\u011fini yeniden tan\u0131ml\u0131yor. Bir kad\u0131n hayat\u0131ndan vazge\u00e7ip bedenini kiraya veriyor\u2026Bir ba\u015fkas\u0131, \u00f6len k\u0131z\u0131n\u0131n klonunda teselli ar\u0131yor\u2026Scientia, ya\u015fam\u0131n s\u0131n\u0131rlar\u0131n\u0131 zorlayan yedi \u00e7arp\u0131c\u0131 \u00f6yk\u00fcyle bilimin karanl\u0131k y\u00fcz\u00fcne ve insan do\u011fas\u0131n\u0131n derinliklerine cesur bir bak\u0131\u015f at\u0131yor.Etik s\u0131n\u0131rlar silikle\u015firken ilerlemenin bedeli ne olmal\u0131? <\/p>\n","protected":false},"excerpt":{"rendered":"<p>Gelece\u011fin s\u0131n\u0131r tan\u0131mayan teknolojisinde, insanl\u0131k kendi kimli\u011fini yeniden tan\u0131ml\u0131yor. Bir kad\u0131n hayat\u0131ndan vazge\u00e7ip bedenini kiraya veriyor\u2026Bir ba\u015fkas\u0131, \u00f6len k\u0131z\u0131n\u0131n klonunda teselli ar\u0131yor\u2026Scientia, ya\u015fam\u0131n s\u0131n\u0131rlar\u0131n\u0131 zorlayan yedi<span class=\"excerpt-hellip\"> [\u2026]<\/span><\/p>\n","protected":false},"featured_media":0,"template":"","meta":{"_monsterinsights_skip_tracking":false,"_monsterinsights_sitenote_active":false,"_monsterinsights_sitenote_note":"","_monsterinsights_sitenote_category":0},"product_brand":[],"product_cat":[12416,12291],"product_tag":[],"class_list":{"0":"post-773784","1":"product","2":"type-product","3":"status-publish","5":"product_cat-cizgi-roman","6":"product_cat-edebiyat","7":"pa_cilt-ciltsiz","8":"pa_tur-kitap","9":"pa_yayinevi-ithaki-yayinlari","10":"pa_yazar-seici-toda","12":"first","13":"instock","14":"sale","15":"shipping-taxable","16":"purchasable","17":"product-type-simple"},"_links":{"self":[{"href":"https:\/\/roveyayinevi.com.tr\/index.php\/wp-json\/wp\/v2\/product\/773784","targetHints":{"allow":["GET"]}}],"collection":[{"href":"https:\/\/roveyayinevi.com.tr\/index.php\/wp-json\/wp\/v2\/product"}],"about":[{"href":"https:\/\/roveyayinevi.com.tr\/index.php\/wp-json\/wp\/v2\/types\/product"}],"wp:attachment":[{"href":"https:\/\/roveyayinevi.com.tr\/index.php\/wp-json\/wp\/v2\/media?parent=773784"}],"wp:term":[{"taxonomy":"product_brand","embeddable":true,"href":"https:\/\/roveyayinevi.com.tr\/index.php\/wp-json\/wp\/v2\/product_brand?post=773784"},{"taxonomy":"product_cat","embeddable":true,"href":"https:\/\/roveyayinevi.com.tr\/index.php\/wp-json\/wp\/v2\/product_cat?post=773784"},{"taxonomy":"product_tag","embeddable":true,"href":"https:\/\/roveyayinevi.com.tr\/index.php\/wp-json\/wp\/v2\/product_tag?post=773784"}],"curies":[{"name":"wp","href":"https:\/\/api.w.org\/{rel}","templated":true}]}}