{"id":773782,"date":"2025-08-28T16:28:33","date_gmt":"2025-08-28T13:28:33","guid":{"rendered":"https:\/\/roveyayinevi.com.tr\/index.php\/urun\/melmoth\/"},"modified":"2026-04-15T03:39:56","modified_gmt":"2026-04-15T00:39:56","slug":"melmoth","status":"publish","type":"product","link":"https:\/\/roveyayinevi.com.tr\/index.php\/urun\/melmoth\/","title":{"rendered":"Melmoth"},"content":{"rendered":"<p>\u201cGotik bir ba\u015fyap\u0131t.\u201d \u2013Entertainment Weekly   Acaba Tanr\u0131 du\u0308\u015fmemize izin verirken, b\u00f6ylesine derine du\u0308\u015fece\u011fimizi biliyor muydu?   Masallarda ve geceleri ate\u015f ba\u015f\u0131nda anlat\u0131lan u\u0308rpertici hik\u00e2yelerde bahsi ge\u00e7en bir tu\u0308r lanetli, Tan\u0131k Melmoth&#8230; Upuzun boyu, kapkara silueti, g\u00f6zlemeye ba\u015flad\u0131klar\u0131n\u0131 asla terk etmeyen bir u\u0308rperti&#8230; Ama insan\u0131n kendi tarihi ve gu\u0308nahlar\u0131 kar\u015f\u0131s\u0131nda bu tekinsiz kad\u0131n umulmad\u0131k bir masumiyettir belki de. Y\u0131llard\u0131r \u00e7evirmen olarak ya\u015fad\u0131\u011f\u0131 Prag sokaklar\u0131nda kar\u015f\u0131la\u015ft\u0131\u011f\u0131 tek dostundan \u00f6\u011frendi\u011fi Melmoth efsanesine kendini kapt\u0131ran Helen Franklin, eski \u00e7a\u011flar\u0131n \u0130ngiliz engizisyonundan ge\u00e7en yu\u0308zy\u0131l\u0131n soyk\u0131r\u0131mlar\u0131na, Kahire\u2019den Prag\u2019a insanl\u0131\u011f\u0131n karanl\u0131\u011f\u0131na dair hik\u00e2yeleri toplarken, bu yolda kar\u015f\u0131s\u0131na \u00e7\u0131kan farkl\u0131 huysuz kad\u0131nlar\u0131n da i\u00e7yu\u0308zlerini \u00f6\u011frendik\u00e7e karanl\u0131\u011f\u0131n dokusunu s\u00f6kmeye ba\u015flayacakt\u0131r. Essex Y\u0131lan\u0131\u2019n\u0131n yazar\u0131 Sarah Perry\u2019nin bu \u00e7a\u011fda\u015f Melmoth yorumu, omuz ba\u015f\u0131ndan bakan\u0131n, durmadan kaybolan\u0131n ve u\u0308rku\u0308tu\u0308cu\u0308 olan\u0131n pe\u015finde giderken \u00f6\u011frenilen gu\u0308nahlarla kefaretlerin roman\u0131.   \u201cYu\u0308rek Burgusu\u2019ndan beri tu\u0308m iyi hayalet hik\u00e2yelerindeki en iyi numaray\u0131 kullanarak sizi kavr\u0131yor: \u00d6nu\u0308nu\u0308zde ger\u00e7ekten bir hayalet mi var? Yoksa kendi gizli gu\u0308nahlar\u0131n\u0131z\u0131n ve arzular\u0131n\u0131z\u0131n yans\u0131mas\u0131n\u0131 m\u0131 g\u00f6ru\u0308yorsunuz? \u0130nsandan daha korkun\u00e7 olan ne olabilir?\u201d \u2013New York Times <\/p>\n","protected":false},"excerpt":{"rendered":"<p>\u201cGotik bir ba\u015fyap\u0131t.\u201d \u2013Entertainment Weekly Acaba Tanr\u0131 du\u0308\u015fmemize izin verirken, b\u00f6ylesine derine du\u0308\u015fece\u011fimizi biliyor muydu? Masallarda ve geceleri ate\u015f ba\u015f\u0131nda anlat\u0131lan u\u0308rpertici hik\u00e2yelerde bahsi ge\u00e7en bir<span class=\"excerpt-hellip\"> [\u2026]<\/span><\/p>\n","protected":false},"featured_media":0,"template":"","meta":{"_monsterinsights_skip_tracking":false,"_monsterinsights_sitenote_active":false,"_monsterinsights_sitenote_note":"","_monsterinsights_sitenote_category":0},"product_brand":[],"product_cat":[12291,12711],"product_tag":[],"class_list":{"0":"post-773782","1":"product","2":"type-product","3":"status-publish","5":"product_cat-edebiyat","6":"product_cat-roman-oyku","7":"pa_cilt-ciltsiz","8":"pa_tur-kitap","9":"pa_yayinevi-ithaki-yayinlari","10":"pa_yazar-sarah-perry","12":"first","13":"instock","14":"sale","15":"shipping-taxable","16":"purchasable","17":"product-type-simple"},"_links":{"self":[{"href":"https:\/\/roveyayinevi.com.tr\/index.php\/wp-json\/wp\/v2\/product\/773782","targetHints":{"allow":["GET"]}}],"collection":[{"href":"https:\/\/roveyayinevi.com.tr\/index.php\/wp-json\/wp\/v2\/product"}],"about":[{"href":"https:\/\/roveyayinevi.com.tr\/index.php\/wp-json\/wp\/v2\/types\/product"}],"wp:attachment":[{"href":"https:\/\/roveyayinevi.com.tr\/index.php\/wp-json\/wp\/v2\/media?parent=773782"}],"wp:term":[{"taxonomy":"product_brand","embeddable":true,"href":"https:\/\/roveyayinevi.com.tr\/index.php\/wp-json\/wp\/v2\/product_brand?post=773782"},{"taxonomy":"product_cat","embeddable":true,"href":"https:\/\/roveyayinevi.com.tr\/index.php\/wp-json\/wp\/v2\/product_cat?post=773782"},{"taxonomy":"product_tag","embeddable":true,"href":"https:\/\/roveyayinevi.com.tr\/index.php\/wp-json\/wp\/v2\/product_tag?post=773782"}],"curies":[{"name":"wp","href":"https:\/\/api.w.org\/{rel}","templated":true}]}}