{"id":773778,"date":"2025-08-28T16:28:23","date_gmt":"2025-08-28T13:28:23","guid":{"rendered":"https:\/\/roveyayinevi.com.tr\/index.php\/urun\/surgunden-anavatana\/"},"modified":"2026-04-15T03:39:56","modified_gmt":"2026-04-15T00:39:56","slug":"surgunden-anavatana","status":"publish","type":"product","link":"https:\/\/roveyayinevi.com.tr\/index.php\/urun\/surgunden-anavatana\/","title":{"rendered":"S\u00fcrg\u00fcnden Anavatana"},"content":{"rendered":"<p>\u201cDedemin dedesi Sultan V. Murad 1876\u2019da k\u00fc\u00e7\u00fck biraderi Sultan II. Abd\u00fclhamid d\u00f6neminde, ailesiyle birlikte \u00c7\u0131ra\u011fan Saray\u0131\u2019nda nezaret alt\u0131na al\u0131nm\u0131\u015ft\u0131. Bu zorunlu tecrit 1904\u2019teki vefat\u0131na kadar tam yirmi sekiz y\u0131l devam etti. Sultan Murad\u2019\u0131n torunu olan b\u00fcy\u00fckbabam Ahmed Nihad Efendi de sarayda d\u00fcnyaya geldi ve hayat\u0131n\u0131n ilk yirmi bir senesi, d\u0131\u015far\u0131daki d\u00fcnyay\u0131 g\u00f6rmedi. \u015eimdi neredeyse y\u00fcz elli y\u0131l sonra ben de ecdad\u0131m\u0131n saray\u0131n\u0131n kar\u015f\u0131s\u0131nda, Bo\u011faz\u2019\u0131n Anadolu yakas\u0131ndaki kona\u011f\u0131mda hat\u0131rat\u0131m\u0131 kaleme al\u0131yorum.\u201d Osman Selahaddin Osmano\u011flu Osmanl\u0131 tarihinde babas\u0131 \u015fehzade, annesi sultan olan tek \u015fehzadedir. Babas\u0131 Ali V\u00e2s\u0131b Efendi, Sultan V. Murad\u2019\u0131n torununun o\u011flu, annesi Emine Mukbile Sultan ise Sultan V. Mehmed Re\u015fad\u2019\u0131n torunudur. Osmanl\u0131 ailesinin mecbur tutuldu\u011fu s\u00fcrg\u00fcn sebebiyle d\u00fcnyaya g\u00f6zlerini vatan topraklar\u0131n\u0131n d\u0131\u015f\u0131nda a\u00e7mak zorunda kalan Osman Selahaddin Osmano\u011flu, \u201cS\u00fcrg\u00fcnden Anavatana\u201d ba\u015fl\u0131kl\u0131 hat\u0131rat\u0131nda uzun bir \u00f6mr\u00fcn muhasebesini yap\u0131yor. \u00c7ocuklu\u011funu ve ilk gen\u00e7li\u011fini ge\u00e7irdi\u011fi \u0130skenderiye g\u00fcnlerini, \u0130ngiltere\u2019de finans y\u00f6netimi alan\u0131nda \u00e7al\u0131\u015ft\u0131\u011f\u0131 y\u0131llar\u0131 ve nihayet \u00f6mr\u00fcn\u00fcn T\u00fcrkiye\u2019ye yerle\u015ftikten sonraki devresini anlat\u0131yor. Hayat\u0131 boyunca, sadece Osmanl\u0131 hanedan\u0131ndan de\u011fil M\u0131s\u0131r, \u00dcrd\u00fcn, Arnavutluk, Bulgaristan, Romanya, \u0130talya gibi kraliyet ailelerinden pek \u00e7ok ki\u015fi ile de m\u00fcnasebetler kurmu\u015f olan Osman Selahaddin Osmano\u011flu, taht\u0131ndan ayr\u0131 d\u00fc\u015fm\u00fc\u015f bir miras\u0131n izini s\u00fcr\u00fcyor.<\/p>\n","protected":false},"excerpt":{"rendered":"<p>\u201cDedemin dedesi Sultan V. Murad 1876\u2019da k\u00fc\u00e7\u00fck biraderi Sultan II. Abd\u00fclhamid d\u00f6neminde, ailesiyle birlikte \u00c7\u0131ra\u011fan Saray\u0131\u2019nda nezaret alt\u0131na al\u0131nm\u0131\u015ft\u0131. Bu zorunlu tecrit 1904\u2019teki vefat\u0131na kadar tam<span class=\"excerpt-hellip\"> [\u2026]<\/span><\/p>\n","protected":false},"featured_media":0,"template":"","meta":{"_monsterinsights_skip_tracking":false,"_monsterinsights_sitenote_active":false,"_monsterinsights_sitenote_note":"","_monsterinsights_sitenote_category":0},"product_brand":[],"product_cat":[13946,12304],"product_tag":[],"class_list":{"0":"post-773778","1":"product","2":"type-product","3":"status-publish","5":"product_cat-biyografi-otobiyografi","6":"product_cat-tarih","7":"pa_cilt-ciltsiz","8":"pa_tur-kitap","9":"pa_yayinevi-timas-yayinlari","10":"pa_yazar-osman-selahaddin-osmanoglu","12":"first","13":"instock","14":"sale","15":"shipping-taxable","16":"purchasable","17":"product-type-simple"},"_links":{"self":[{"href":"https:\/\/roveyayinevi.com.tr\/index.php\/wp-json\/wp\/v2\/product\/773778","targetHints":{"allow":["GET"]}}],"collection":[{"href":"https:\/\/roveyayinevi.com.tr\/index.php\/wp-json\/wp\/v2\/product"}],"about":[{"href":"https:\/\/roveyayinevi.com.tr\/index.php\/wp-json\/wp\/v2\/types\/product"}],"wp:attachment":[{"href":"https:\/\/roveyayinevi.com.tr\/index.php\/wp-json\/wp\/v2\/media?parent=773778"}],"wp:term":[{"taxonomy":"product_brand","embeddable":true,"href":"https:\/\/roveyayinevi.com.tr\/index.php\/wp-json\/wp\/v2\/product_brand?post=773778"},{"taxonomy":"product_cat","embeddable":true,"href":"https:\/\/roveyayinevi.com.tr\/index.php\/wp-json\/wp\/v2\/product_cat?post=773778"},{"taxonomy":"product_tag","embeddable":true,"href":"https:\/\/roveyayinevi.com.tr\/index.php\/wp-json\/wp\/v2\/product_tag?post=773778"}],"curies":[{"name":"wp","href":"https:\/\/api.w.org\/{rel}","templated":true}]}}