{"id":773773,"date":"2025-08-28T16:28:14","date_gmt":"2025-08-28T13:28:14","guid":{"rendered":"https:\/\/roveyayinevi.com.tr\/index.php\/urun\/gaslighting-2\/"},"modified":"2026-04-15T03:39:56","modified_gmt":"2026-04-15T00:39:56","slug":"gaslighting-2","status":"publish","type":"product","link":"https:\/\/roveyayinevi.com.tr\/index.php\/urun\/gaslighting-2\/","title":{"rendered":"Gaslighting"},"content":{"rendered":"<p>Bu kadar hassas olma. Bir \u015feyleri kafanda kuruyorsun. Sadece \u015faka yap\u0131yordum! Onu kastetmedim! Bu c\u00fcmleler size de tan\u0131d\u0131k geliyor mu?  Gaslighting, ki\u015finin alg\u0131lar\u0131n\u0131, duygular\u0131n\u0131 ve hat\u0131ralar\u0131n\u0131 sistemli ve sinsi bi\u00e7imde sarsarak onu kendi akl\u0131ndan \u015f\u00fcphe eder hale getirmektir. Ve bu tesad\u00fcf de\u011fil; bir iktidar bi\u00e7imi, bir \u015fiddet y\u00f6ntemidir. Bu kitap, sizi hem ki\u015fisel hem toplumsal d\u00fczeyde ger\u00e7eklik, g\u00fcven ve etik \u00fczerine derin bir sorgulamaya davet ediyor. Kate Abramson, gaslighting\u2019i yal\u0131n psikolojik tan\u0131mlar\u0131n \u00f6tesine ta\u015f\u0131yor; bu kavram\u0131n etik, ki\u015filer aras\u0131 ve politik boyutlar\u0131n\u0131 g\u00f6zler \u00f6n\u00fcne seriyor. G\u00fcnl\u00fck hayattan \u00f6rneklerle beslenen ve g\u00fc\u00e7l\u00fc bir felsefi temele dayanan bu \u00e7al\u0131\u015fma, bireyleri gaslighting\u2019e maruz b\u0131rakan etkile\u015fimleri ince bir titizlikle \u00e7\u00f6z\u00fcml\u00fcyor.   \u201cHer yerde kar\u015f\u0131m\u0131za \u00e7\u0131kan ama \u00e7o\u011fu zaman yanl\u0131\u015f anla\u015f\u0131lan bu terime dair \u00f6\u011fretici bir inceleme\u2026 Abramson, gaslighting\u2019in g\u00fcvene nas\u0131l dayand\u0131\u011f\u0131na dair \u00f6nemli noktalar ortaya koyuyor ve kitab\u0131, okurlar\u0131 \u2018ya\u015fad\u0131klar\u0131 deneyimleri ba\u015fkalar\u0131n\u0131n \u00e7arp\u0131tmas\u0131na izin vermemek i\u00e7in a\u00e7\u0131k ve net bir \u015fekilde ifade etmeye\u2019 te\u015fvik eden umut verici bir notla bitiriyor.\u201d \u2014 Publishers Weekly \u201cGaslighting \u00fczerine hem mikro hem makro d\u00fczeyde, yaln\u0131zca ne oldu\u011funu de\u011fil, ne olmad\u0131\u011f\u0131n\u0131 da kapsayan b\u00fcy\u00fcleyici ve \u00f6zg\u00fcn bir inceleme.\u201d \u2014 Karen R. Koenig, New York Journal of Books<\/p>\n","protected":false},"excerpt":{"rendered":"<p>Bu kadar hassas olma. Bir \u015feyleri kafanda kuruyorsun. Sadece \u015faka yap\u0131yordum! Onu kastetmedim! Bu c\u00fcmleler size de tan\u0131d\u0131k geliyor mu? Gaslighting, ki\u015finin alg\u0131lar\u0131n\u0131, duygular\u0131n\u0131 ve hat\u0131ralar\u0131n\u0131<span class=\"excerpt-hellip\"> [\u2026]<\/span><\/p>\n","protected":false},"featured_media":0,"template":"","meta":{"_monsterinsights_skip_tracking":false,"_monsterinsights_sitenote_active":false,"_monsterinsights_sitenote_note":"","_monsterinsights_sitenote_category":0},"product_brand":[],"product_cat":[12358,12357],"product_tag":[],"class_list":{"0":"post-773773","1":"product","2":"type-product","3":"status-publish","5":"product_cat-genel-psikoloji","6":"product_cat-psikoloji","7":"pa_cilt-ciltsiz","8":"pa_tur-kitap","9":"pa_yayinevi-timas-yayinlari","10":"pa_yazar-kate-abramson","12":"first","13":"instock","14":"sale","15":"shipping-taxable","16":"purchasable","17":"product-type-simple"},"_links":{"self":[{"href":"https:\/\/roveyayinevi.com.tr\/index.php\/wp-json\/wp\/v2\/product\/773773","targetHints":{"allow":["GET"]}}],"collection":[{"href":"https:\/\/roveyayinevi.com.tr\/index.php\/wp-json\/wp\/v2\/product"}],"about":[{"href":"https:\/\/roveyayinevi.com.tr\/index.php\/wp-json\/wp\/v2\/types\/product"}],"wp:attachment":[{"href":"https:\/\/roveyayinevi.com.tr\/index.php\/wp-json\/wp\/v2\/media?parent=773773"}],"wp:term":[{"taxonomy":"product_brand","embeddable":true,"href":"https:\/\/roveyayinevi.com.tr\/index.php\/wp-json\/wp\/v2\/product_brand?post=773773"},{"taxonomy":"product_cat","embeddable":true,"href":"https:\/\/roveyayinevi.com.tr\/index.php\/wp-json\/wp\/v2\/product_cat?post=773773"},{"taxonomy":"product_tag","embeddable":true,"href":"https:\/\/roveyayinevi.com.tr\/index.php\/wp-json\/wp\/v2\/product_tag?post=773773"}],"curies":[{"name":"wp","href":"https:\/\/api.w.org\/{rel}","templated":true}]}}