{"id":773772,"date":"2025-08-28T16:28:11","date_gmt":"2025-08-28T13:28:11","guid":{"rendered":"https:\/\/roveyayinevi.com.tr\/index.php\/urun\/gorunmez-otel\/"},"modified":"2026-04-15T03:39:56","modified_gmt":"2026-04-15T00:39:56","slug":"gorunmez-otel","status":"publish","type":"product","link":"https:\/\/roveyayinevi.com.tr\/index.php\/urun\/gorunmez-otel\/","title":{"rendered":"G\u00f6r\u00fcnmez Otel"},"content":{"rendered":"<p>Yewon r\u00fcyalar\u0131nda terk edilmi\u015f bir otel g\u00f6r\u00fcr: Sonsuz odaya a\u00e7\u0131lan sonsuz anahtar\u2026 Uyand\u0131\u011f\u0131nda kendi ger\u00e7ekli\u011findedir: G\u00fcney Kore\u2019de, do\u011fdu\u011fu k\u00fc\u00e7\u00fck kasabada kapana k\u0131s\u0131lm\u0131\u015f gen\u00e7 kad\u0131n, annesinin k\u00f6hne k\u00fcvette atalar\u0131n\u0131n kemiklerini y\u0131kamas\u0131n\u0131 izleyerek ge\u00e7irir g\u00fcnlerini. Her evde bu \u00e7\u00fcr\u00fcyen ve par\u00e7alanm\u0131\u015f kemikler vard\u0131r, hi\u00e7 bitmeyecekmi\u015f gibi g\u00f6r\u00fcnen sava\u015fta kaybettiklerinden kalanlard\u0131r bunlar, ge\u00e7mi\u015fin miras\u0131. \u015eimdi Yewon\u2019un erkek karde\u015fi Kuzey Kore s\u0131n\u0131r\u0131nda asker olarak g\u00f6rev yapmaktad\u0131r, k\u0131z karde\u015fi evlili\u011finde sorunlar ya\u015famaktad\u0131r ve sa\u011fl\u0131\u011f\u0131 k\u00f6t\u00fcye giden annesi daima onlar i\u00e7in endi\u015felenmektedir. Bir ba\u015f\u0131na, harap olmu\u015f bir otelin deh\u015fet verici r\u00fcyalar\u0131yla bo\u011fu\u015fan Yewon, k\u0131sa s\u00fcre sonra ge\u00e7mi\u015fini yeni yeni anlamaya ba\u015flad\u0131\u011f\u0131 \u00fclkenin ger\u00e7e\u011fiyle y\u00fczle\u015fecektir. Yeji Y. Ham\u2019dan, miras travmaya, aileye ve haf\u0131zaya odaklanan; \u00e7arp\u0131c\u0131 \u00fcslubu ve gotik gelene\u011fe yenilik\u00e7i dokunu\u015fuyla yetmi\u015f iki y\u0131ld\u0131r devam eden bir sava\u015fa dair sars\u0131c\u0131 bir spek\u00fclatif roman.   \u201cG\u00f6r\u00fcnmez Otel b\u00fcy\u00fck ve hayati sorularla ustaca hesapla\u015f\u0131yor: Kitlesel k\u00fclt\u00fcrel amneziye kap\u0131lmadan ya da alev alm\u0131\u015f d\u00fcnyaya g\u00f6zlerimizi kapatmadan nas\u0131l yeni yollar a\u00e7ar\u0131z? Bunu ger\u00e7ek\u00fcst\u00fc, s\u00fcr\u00fckleyici bir gerilimle yapmas\u0131 \u00e7ok daha ola\u011fan\u00fcst\u00fc. Bu kitap y\u0131llarca akl\u0131mdan \u00e7\u0131kmayacak.\u201d \u2014Kim Fu \u201cG\u00f6r\u00fcnmez Otel bizi sava\u015f\u0131n yaralar\u0131n\u0131n a\u00e7\u0131ld\u0131\u011f\u0131, kemiklerin birbirine ba\u011fland\u0131\u011f\u0131 ve aile ba\u011f\u0131n\u0131n bizi \u00f6zg\u00fcr k\u0131lacak tek anahtar olabilece\u011fi unutulmaz bir labirente hapsediyor. Yeji Y. Ham, bir aileyi ve bir \u00fclkeyi birbirine ba\u011flayan d\u00fc\u011f\u00fcmleri ke\u015ffetmek i\u00e7in tarih, keder ve sevgiyi \u00f6rerek \u0131\u015f\u0131lt\u0131l\u0131 ve b\u00fcy\u00fcleyici bir anlat\u0131 kaleme alm\u0131\u015f.\u201d \u2014Gerardo S\u00e1mano C\u00f3rdova<\/p>\n","protected":false},"excerpt":{"rendered":"<p>Yewon r\u00fcyalar\u0131nda terk edilmi\u015f bir otel g\u00f6r\u00fcr: Sonsuz odaya a\u00e7\u0131lan sonsuz anahtar\u2026 Uyand\u0131\u011f\u0131nda kendi ger\u00e7ekli\u011findedir: G\u00fcney Kore\u2019de, do\u011fdu\u011fu k\u00fc\u00e7\u00fck kasabada kapana k\u0131s\u0131lm\u0131\u015f gen\u00e7 kad\u0131n, annesinin k\u00f6hne<span class=\"excerpt-hellip\"> [\u2026]<\/span><\/p>\n","protected":false},"featured_media":0,"template":"","meta":{"_monsterinsights_skip_tracking":false,"_monsterinsights_sitenote_active":false,"_monsterinsights_sitenote_note":"","_monsterinsights_sitenote_category":0},"product_brand":[],"product_cat":[12291,12711],"product_tag":[],"class_list":{"0":"post-773772","1":"product","2":"type-product","3":"status-publish","5":"product_cat-edebiyat","6":"product_cat-roman-oyku","7":"pa_cilt-ciltsiz","8":"pa_tur-kitap","9":"pa_yayinevi-timas-yayinlari","10":"pa_yazar-yeji-y-ham","12":"first","13":"instock","14":"sale","15":"shipping-taxable","16":"purchasable","17":"product-type-simple"},"_links":{"self":[{"href":"https:\/\/roveyayinevi.com.tr\/index.php\/wp-json\/wp\/v2\/product\/773772","targetHints":{"allow":["GET"]}}],"collection":[{"href":"https:\/\/roveyayinevi.com.tr\/index.php\/wp-json\/wp\/v2\/product"}],"about":[{"href":"https:\/\/roveyayinevi.com.tr\/index.php\/wp-json\/wp\/v2\/types\/product"}],"wp:attachment":[{"href":"https:\/\/roveyayinevi.com.tr\/index.php\/wp-json\/wp\/v2\/media?parent=773772"}],"wp:term":[{"taxonomy":"product_brand","embeddable":true,"href":"https:\/\/roveyayinevi.com.tr\/index.php\/wp-json\/wp\/v2\/product_brand?post=773772"},{"taxonomy":"product_cat","embeddable":true,"href":"https:\/\/roveyayinevi.com.tr\/index.php\/wp-json\/wp\/v2\/product_cat?post=773772"},{"taxonomy":"product_tag","embeddable":true,"href":"https:\/\/roveyayinevi.com.tr\/index.php\/wp-json\/wp\/v2\/product_tag?post=773772"}],"curies":[{"name":"wp","href":"https:\/\/api.w.org\/{rel}","templated":true}]}}