{"id":773769,"date":"2025-08-28T16:28:06","date_gmt":"2025-08-28T13:28:06","guid":{"rendered":"https:\/\/roveyayinevi.com.tr\/index.php\/urun\/bu-yas-bitmez\/"},"modified":"2026-04-15T03:39:56","modified_gmt":"2026-04-15T00:39:56","slug":"bu-yas-bitmez","status":"publish","type":"product","link":"https:\/\/roveyayinevi.com.tr\/index.php\/urun\/bu-yas-bitmez\/","title":{"rendered":"Bu Yas Bitmez"},"content":{"rendered":"<p>\u201c2015\u20132016 Soka\u011fa \u00c7\u0131kma Yasaklar\u0131nda Hayatlar\u0131n\u0131 Kaybedenlerin Tan\u0131kl\u0131klar\u0131 Kitapla Bulu\u015ftu.\u201d 2015\u20132016 y\u0131llar\u0131nda \u015e\u0131rnak (Cizre, Silopi, Beyt\u00fc\u015f\u015febap), Diyarbak\u0131r (Sur), Hakk\u00e2ri (Y\u00fcksekova) ve Mardin (Nusaybin) ba\u015fta olmak \u00fczere ilan edilen soka\u011fa \u00e7\u0131kma yasaklar\u0131 s\u0131ras\u0131nda, \u00e7ok say\u0131da sivil ya\u015fam\u0131n\u0131 yitirmi\u015f, on binlerce insan evsiz kalm\u0131\u015f ya da yerinden edilmi\u015fti. Evini kaybedenlerin say\u0131s\u0131 100.000, ge\u00e7ici olarak yerinden edilenler 400.000 iken sivil kay\u0131plar\u0131n say\u0131s\u0131 bug\u00fcn bile h\u00e2l\u00e2 bilinmiyor. Gazeteci Serdar Korucu, uzun y\u0131llard\u0131r devam eden bu \u201csessizli\u011fe\u201d kar\u015f\u0131 \u00e7\u0131kan bir tutumla sahaya indi. \u0130nsan Haklar\u0131 Derne\u011fi\u2019yle birlikte 12 ailenin yak\u0131n\u0131yla y\u00fcz y\u00fcze g\u00f6r\u00fc\u015fmeler ger\u00e7ekle\u015ftirerek, \u201cBu Yas Bitmez\u201d kitab\u0131n\u0131 haz\u0131rlad\u0131. Bu \u00e7al\u0131\u015fma, T\u00fcrkiye yak\u0131n tarihinde \u201csessizlikle ge\u00e7i\u015ftirilen\u201d soka\u011fa \u00e7\u0131kma yasaklar\u0131nda ya\u015fanan ma\u011fduriyetleri g\u00f6r\u00fcn\u00fcr k\u0131l\u0131yor. Hakikat aray\u0131\u015f\u0131na samimi bir tan\u0131kl\u0131kla cevap vererek ac\u0131y\u0131 hafifletmeyi de\u011fil, adaletin gerekli\u011fine dikkat \u00e7ekiyor. 10 y\u0131l\u0131n\u0131 dolduran bu s\u00fcrecin ard\u0131ndan, h\u00e2l\u00e2 aranan faili me\u00e7hul diye an\u0131lan siyasi cinayetler ve kay\u0131plar i\u00e7in de ayn\u0131 zamanda bir \u00e7a\u011fr\u0131 niteli\u011fi ta\u015f\u0131yor. \u201cNeden bar\u0131\u015f olmal\u0131 ve nas\u0131l bir bar\u0131\u015f olmal\u0131\u201d sorular\u0131n\u0131n tart\u0131\u015f\u0131ld\u0131\u011f\u0131 bug\u00fcnlerde Kor Kitap etiketiyle yay\u0131mlanan \u201cBu Yas Bitmez\u201d, yaln\u0131zca bir \u201cyas kitab\u0131\u201d de\u011fil; kay\u0131plar\u0131n\u0131n ard\u0131ndan sessizlik i\u00e7inde b\u0131rak\u0131lan ailelerin sesi, adalet talebi ve haf\u0131za \u00e7al\u0131\u015fmas\u0131d\u0131r.<\/p>\n","protected":false},"excerpt":{"rendered":"<p>\u201c2015\u20132016 Soka\u011fa \u00c7\u0131kma Yasaklar\u0131nda Hayatlar\u0131n\u0131 Kaybedenlerin Tan\u0131kl\u0131klar\u0131 Kitapla Bulu\u015ftu.\u201d 2015\u20132016 y\u0131llar\u0131nda \u015e\u0131rnak (Cizre, Silopi, Beyt\u00fc\u015f\u015febap), Diyarbak\u0131r (Sur), Hakk\u00e2ri (Y\u00fcksekova) ve Mardin (Nusaybin) ba\u015fta olmak \u00fczere ilan<span class=\"excerpt-hellip\"> [\u2026]<\/span><\/p>\n","protected":false},"featured_media":0,"template":"","meta":{"_monsterinsights_skip_tracking":false,"_monsterinsights_sitenote_active":false,"_monsterinsights_sitenote_note":"","_monsterinsights_sitenote_category":0},"product_brand":[],"product_cat":[12337,14543],"product_tag":[],"class_list":{"0":"post-773769","1":"product","2":"type-product","3":"status-publish","5":"product_cat-politika-siyaset","6":"product_cat-turkiye-siyaseti-ve-politikasi","7":"pa_cilt-ciltsiz","8":"pa_tur-kitap","9":"pa_yayinevi-kor-kitap","10":"pa_yazar-serdar-korucu","12":"first","13":"instock","14":"sale","15":"shipping-taxable","16":"purchasable","17":"product-type-simple"},"_links":{"self":[{"href":"https:\/\/roveyayinevi.com.tr\/index.php\/wp-json\/wp\/v2\/product\/773769","targetHints":{"allow":["GET"]}}],"collection":[{"href":"https:\/\/roveyayinevi.com.tr\/index.php\/wp-json\/wp\/v2\/product"}],"about":[{"href":"https:\/\/roveyayinevi.com.tr\/index.php\/wp-json\/wp\/v2\/types\/product"}],"wp:attachment":[{"href":"https:\/\/roveyayinevi.com.tr\/index.php\/wp-json\/wp\/v2\/media?parent=773769"}],"wp:term":[{"taxonomy":"product_brand","embeddable":true,"href":"https:\/\/roveyayinevi.com.tr\/index.php\/wp-json\/wp\/v2\/product_brand?post=773769"},{"taxonomy":"product_cat","embeddable":true,"href":"https:\/\/roveyayinevi.com.tr\/index.php\/wp-json\/wp\/v2\/product_cat?post=773769"},{"taxonomy":"product_tag","embeddable":true,"href":"https:\/\/roveyayinevi.com.tr\/index.php\/wp-json\/wp\/v2\/product_tag?post=773769"}],"curies":[{"name":"wp","href":"https:\/\/api.w.org\/{rel}","templated":true}]}}