{"id":773764,"date":"2025-08-28T16:27:55","date_gmt":"2025-08-28T13:27:55","guid":{"rendered":"https:\/\/roveyayinevi.com.tr\/index.php\/urun\/sessiz-ciglik-6\/"},"modified":"2026-03-12T03:37:56","modified_gmt":"2026-03-12T00:37:56","slug":"sessiz-ciglik-6","status":"publish","type":"product","link":"https:\/\/roveyayinevi.com.tr\/index.php\/urun\/sessiz-ciglik-6\/","title":{"rendered":"Sessiz \u00c7\u0131\u011fl\u0131k"},"content":{"rendered":"<p>\u2026 Oysa \u00f6l\u00fcm de\u011fil, Sevgi kutsanmal\u0131 bu diyarlarda. Susturulan \u00e7\u0131\u011fl\u0131klar\u0131n sarmal\u0131nda G\u00f6zler bu\u011fulu, h\u0131\u00e7k\u0131r\u0131klar d\u00fc\u011f\u00fcml\u00fc Bo\u011fazda. \u0130syan; Damarlar\u0131mda dola\u015fan kan. Ve sessizlik deryas\u0131n\u0131n i\u00e7inde Fokurdayan volkan. Kas\u0131rgan\u0131n u\u011fultusunda G\u00f6kleri yar\u0131p, f\u0131rt\u0131na koparana kadar Biz kad\u0131nlar susmayaca\u011f\u0131z. G\u00fcr\u00fclt\u00fcde k\u0131z, Esaretten, \u00f6zg\u00fcrl\u00fck \u00d6l\u00fcmden, ya\u015fam\u0131 do\u011furana dek Biz kad\u0131nlar Art\u0131k susmayaca\u011f\u0131z\u2026 <\/p>\n","protected":false},"excerpt":{"rendered":"<p>\u2026 Oysa \u00f6l\u00fcm de\u011fil, Sevgi kutsanmal\u0131 bu diyarlarda. Susturulan \u00e7\u0131\u011fl\u0131klar\u0131n sarmal\u0131nda G\u00f6zler bu\u011fulu, h\u0131\u00e7k\u0131r\u0131klar d\u00fc\u011f\u00fcml\u00fc Bo\u011fazda. \u0130syan; Damarlar\u0131mda dola\u015fan kan. Ve sessizlik deryas\u0131n\u0131n i\u00e7inde Fokurdayan volkan.<span class=\"excerpt-hellip\"> [\u2026]<\/span><\/p>\n","protected":false},"featured_media":0,"template":"","meta":{"_monsterinsights_skip_tracking":false,"_monsterinsights_sitenote_active":false,"_monsterinsights_sitenote_note":"","_monsterinsights_sitenote_category":0},"product_brand":[],"product_cat":[12291,12509],"product_tag":[],"class_list":{"0":"post-773764","1":"product","2":"type-product","3":"status-publish","5":"product_cat-edebiyat","6":"product_cat-siir","7":"pa_cilt-ciltsiz","8":"pa_tur-kitap","9":"pa_yayinevi-kirmizi-cati-yayinlari","10":"pa_yazar-ayfer-senel-cavus","12":"first","13":"instock","14":"sale","15":"shipping-taxable","16":"purchasable","17":"product-type-simple"},"_links":{"self":[{"href":"https:\/\/roveyayinevi.com.tr\/index.php\/wp-json\/wp\/v2\/product\/773764","targetHints":{"allow":["GET"]}}],"collection":[{"href":"https:\/\/roveyayinevi.com.tr\/index.php\/wp-json\/wp\/v2\/product"}],"about":[{"href":"https:\/\/roveyayinevi.com.tr\/index.php\/wp-json\/wp\/v2\/types\/product"}],"wp:attachment":[{"href":"https:\/\/roveyayinevi.com.tr\/index.php\/wp-json\/wp\/v2\/media?parent=773764"}],"wp:term":[{"taxonomy":"product_brand","embeddable":true,"href":"https:\/\/roveyayinevi.com.tr\/index.php\/wp-json\/wp\/v2\/product_brand?post=773764"},{"taxonomy":"product_cat","embeddable":true,"href":"https:\/\/roveyayinevi.com.tr\/index.php\/wp-json\/wp\/v2\/product_cat?post=773764"},{"taxonomy":"product_tag","embeddable":true,"href":"https:\/\/roveyayinevi.com.tr\/index.php\/wp-json\/wp\/v2\/product_tag?post=773764"}],"curies":[{"name":"wp","href":"https:\/\/api.w.org\/{rel}","templated":true}]}}