{"id":773756,"date":"2025-08-28T16:27:36","date_gmt":"2025-08-28T13:27:36","guid":{"rendered":"https:\/\/roveyayinevi.com.tr\/index.php\/urun\/disk-dunya-06-ucube-kocakarilar\/"},"modified":"2026-04-11T03:39:42","modified_gmt":"2026-04-11T00:39:42","slug":"disk-dunya-06-ucube-kocakarilar","status":"publish","type":"product","link":"https:\/\/roveyayinevi.com.tr\/index.php\/urun\/disk-dunya-06-ucube-kocakarilar\/","title":{"rendered":"Disk D\u00fcnya 06: Ucube Kocakar\u0131lar"},"content":{"rendered":"<p>DiskD\u00fcnya serisinin alt\u0131nc\u0131 kitab\u0131 &#8220;Ucube Kocakar\u0131lar&#8221;da, krall\u0131k el de\u011fi\u015ftiriyor, taht\u0131n hakiki v\u00e2risi kay\u0131plara kar\u0131\u015f\u0131yor\u2026<\/p>\n","protected":false},"excerpt":{"rendered":"<p>DiskD\u00fcnya serisinin alt\u0131nc\u0131 kitab\u0131 &#8220;Ucube Kocakar\u0131lar&#8221;da, krall\u0131k el de\u011fi\u015ftiriyor, taht\u0131n hakiki v\u00e2risi kay\u0131plara kar\u0131\u015f\u0131yor\u2026<\/p>\n","protected":false},"featured_media":0,"template":"","meta":{"_monsterinsights_skip_tracking":false,"_monsterinsights_sitenote_active":false,"_monsterinsights_sitenote_note":"","_monsterinsights_sitenote_category":0},"product_brand":[],"product_cat":[12291,12711],"product_tag":[],"class_list":{"0":"post-773756","1":"product","2":"type-product","3":"status-publish","5":"product_cat-edebiyat","6":"product_cat-roman-oyku","7":"pa_cilt-ciltsiz","8":"pa_tur-kitap","9":"pa_yayinevi-delidolu","10":"pa_yazar-terry-pratchett","12":"first","13":"instock","14":"sale","15":"shipping-taxable","16":"purchasable","17":"product-type-simple"},"_links":{"self":[{"href":"https:\/\/roveyayinevi.com.tr\/index.php\/wp-json\/wp\/v2\/product\/773756","targetHints":{"allow":["GET"]}}],"collection":[{"href":"https:\/\/roveyayinevi.com.tr\/index.php\/wp-json\/wp\/v2\/product"}],"about":[{"href":"https:\/\/roveyayinevi.com.tr\/index.php\/wp-json\/wp\/v2\/types\/product"}],"wp:attachment":[{"href":"https:\/\/roveyayinevi.com.tr\/index.php\/wp-json\/wp\/v2\/media?parent=773756"}],"wp:term":[{"taxonomy":"product_brand","embeddable":true,"href":"https:\/\/roveyayinevi.com.tr\/index.php\/wp-json\/wp\/v2\/product_brand?post=773756"},{"taxonomy":"product_cat","embeddable":true,"href":"https:\/\/roveyayinevi.com.tr\/index.php\/wp-json\/wp\/v2\/product_cat?post=773756"},{"taxonomy":"product_tag","embeddable":true,"href":"https:\/\/roveyayinevi.com.tr\/index.php\/wp-json\/wp\/v2\/product_tag?post=773756"}],"curies":[{"name":"wp","href":"https:\/\/api.w.org\/{rel}","templated":true}]}}