{"id":773752,"date":"2025-08-28T16:27:28","date_gmt":"2025-08-28T13:27:28","guid":{"rendered":"https:\/\/roveyayinevi.com.tr\/index.php\/urun\/parcalar-halinde-hayatim\/"},"modified":"2026-04-15T03:39:55","modified_gmt":"2026-04-15T00:39:55","slug":"parcalar-halinde-hayatim","status":"publish","type":"product","link":"https:\/\/roveyayinevi.com.tr\/index.php\/urun\/parcalar-halinde-hayatim\/","title":{"rendered":"Par\u00e7alar Halinde Hayat\u0131m"},"content":{"rendered":"<p>Bauman her daim ya\u015fad\u0131\u011f\u0131m\u0131z \u00e7a\u011f\u0131 ve par\u00e7as\u0131 oldu\u011fumuz toplumu anlama \u00e7abam\u0131zda ufkumuzu alabildi\u011fine a\u00e7an bir sosyolog. Muazzam miktarda kitab\u0131, yorumlar\u0131 ve r\u00f6portajlar\u0131yla \u00f6lu\u0308mu\u0308ne dek insanlara \u0131\u015f\u0131k tutmaya \u00e7al\u0131\u015fm\u0131\u015f biri. En geni\u015f ve teorik du\u0308zlemden en dar ve pratik du\u0308zleme inebilen, aralar\u0131nda esnek bir \u015fekilde mekik dokuyan, sosyolojik sorular\u0131n cevaplar\u0131n\u0131 felsefe, edebiyat, teoloji ve daha bir dolu du\u0308\u015fu\u0308nsel disiplinle harmanlayan e\u015fsiz bir du\u0308\u015fu\u0308nu\u0308r. Y\u0131llard\u0131r dilimize de \u00e7evrilen bir dolu eseriyle okurlar\u0131n da zihinlerinde ve g\u00f6nu\u0308llerinde ayr\u0131 bir yere sahip olan Bauman, bu eseriyle belki ilk kez bizi ayr\u0131 bir yolculu\u011fa \u00e7\u0131kar\u0131yor. Ge\u00e7mi\u015ften bu yana teorik ve bilimsel \u00e7al\u0131\u015fmalar\u0131nda \u00f6znel deneyimlerine ve biyografisine \u00e7ok yer vermeyen Bauman, hayat\u0131n\u0131 par\u00e7alar halinde anlatmay\u0131 se\u00e7iyor. \u00c7ocukluk gu\u0308nlerini, Yahudi bir Polonyal\u0131 olarak u\u011frad\u0131\u011f\u0131 ayr\u0131mc\u0131l\u0131\u011f\u0131, Nazi Almanya\u2019s\u0131ndan ka\u00e7\u0131\u015f\u0131n\u0131 ve Sovyetler Birli\u011fi\u2019nde asker olu\u015funu, Polonya\u2019da akademik hayata kat\u0131l\u0131\u015f\u0131n\u0131, sansu\u0308rleri, bask\u0131lar\u0131 ve bu\u0308rokratik bo\u011fuculu\u011fu kendi deneyimleriyle anlat\u0131yor. B\u00f6ylece okurlara sosyoloji u\u0308zerine u\u0308retti\u011fi tu\u0308m du\u0308\u015fu\u0308nsel birikimi ilk kez biyografisi u\u0308zerinden okuma imk\u00e2n\u0131 veriyor. Par\u00e7alar Halinde Hayat\u0131m, Bauman\u2019\u0131n yap\u0131tlar\u0131n\u0131n ba\u015ftan okunmas\u0131na ve daha iyi anla\u015f\u0131lmas\u0131na katk\u0131 sunacak bir kitap. Yap\u0131tlar\u0131na ve hayat\u0131na a\u00e7\u0131lan olduk\u00e7a ki\u015fisel, yeni bir kap\u0131&#8230; <\/p>\n","protected":false},"excerpt":{"rendered":"<p>Bauman her daim ya\u015fad\u0131\u011f\u0131m\u0131z \u00e7a\u011f\u0131 ve par\u00e7as\u0131 oldu\u011fumuz toplumu anlama \u00e7abam\u0131zda ufkumuzu alabildi\u011fine a\u00e7an bir sosyolog. Muazzam miktarda kitab\u0131, yorumlar\u0131 ve r\u00f6portajlar\u0131yla \u00f6lu\u0308mu\u0308ne dek insanlara \u0131\u015f\u0131k<span class=\"excerpt-hellip\"> [\u2026]<\/span><\/p>\n","protected":false},"featured_media":0,"template":"","meta":{"_monsterinsights_skip_tracking":false,"_monsterinsights_sitenote_active":false,"_monsterinsights_sitenote_note":"","_monsterinsights_sitenote_category":0},"product_brand":[],"product_cat":[14009,12291],"product_tag":[],"class_list":{"0":"post-773752","1":"product","2":"type-product","3":"status-publish","5":"product_cat-biyografi-otobiyografi-edebiyat","6":"product_cat-edebiyat","7":"pa_cilt-ciltsiz","8":"pa_tur-kitap","9":"pa_yayinevi-ayrinti-yayinlari","10":"pa_yazar-zygmunt-bauman","12":"first","13":"instock","14":"sale","15":"shipping-taxable","16":"purchasable","17":"product-type-simple"},"_links":{"self":[{"href":"https:\/\/roveyayinevi.com.tr\/index.php\/wp-json\/wp\/v2\/product\/773752","targetHints":{"allow":["GET"]}}],"collection":[{"href":"https:\/\/roveyayinevi.com.tr\/index.php\/wp-json\/wp\/v2\/product"}],"about":[{"href":"https:\/\/roveyayinevi.com.tr\/index.php\/wp-json\/wp\/v2\/types\/product"}],"wp:attachment":[{"href":"https:\/\/roveyayinevi.com.tr\/index.php\/wp-json\/wp\/v2\/media?parent=773752"}],"wp:term":[{"taxonomy":"product_brand","embeddable":true,"href":"https:\/\/roveyayinevi.com.tr\/index.php\/wp-json\/wp\/v2\/product_brand?post=773752"},{"taxonomy":"product_cat","embeddable":true,"href":"https:\/\/roveyayinevi.com.tr\/index.php\/wp-json\/wp\/v2\/product_cat?post=773752"},{"taxonomy":"product_tag","embeddable":true,"href":"https:\/\/roveyayinevi.com.tr\/index.php\/wp-json\/wp\/v2\/product_tag?post=773752"}],"curies":[{"name":"wp","href":"https:\/\/api.w.org\/{rel}","templated":true}]}}