{"id":773750,"date":"2025-08-28T16:27:24","date_gmt":"2025-08-28T13:27:24","guid":{"rendered":"https:\/\/roveyayinevi.com.tr\/index.php\/urun\/baki-karanlik\/"},"modified":"2026-04-15T03:39:55","modified_gmt":"2026-04-15T00:39:55","slug":"baki-karanlik","status":"publish","type":"product","link":"https:\/\/roveyayinevi.com.tr\/index.php\/urun\/baki-karanlik\/","title":{"rendered":"Baki Karanl\u0131k"},"content":{"rendered":"<p>Glasgow\u2019un zorlu sokaklar\u0131nda adalet, karanl\u0131k g\u00f6lgelerin aras\u0131ndan su\u0308zu\u0308len ince bir \u0131\u015f\u0131k huzmesi gibidir. Cinayet Masas\u0131\u2019n\u0131n deneyimli dedektifi Jack Laidlaw, i\u015flenen vah\u015fi bir cinayetin ard\u0131ndaki s\u0131rlar\u0131 a\u00e7\u0131\u011fa \u00e7\u0131karmaya \u00e7al\u0131\u015f\u0131rken kendini \u015fehrin en tehlikeli isimleri aras\u0131nda, hilelerin ve ihanetlerin i\u00e7 i\u00e7e ge\u00e7ti\u011fi \u00f6lu\u0308mcu\u0308l bir oyunun ortas\u0131nda bulur. Bobby Carter\u2019\u0131n kanl\u0131 \u00f6lu\u0308mu\u0308, yaln\u0131zca iki su\u00e7 imparatorlu\u011funun \u00e7at\u0131\u015fmas\u0131n\u0131 tetiklemekle kalmaz, ayn\u0131 zamanda ailelerin ve dostluklar\u0131n par\u00e7alanmas\u0131na da neden olur. Laidlaw, cinayetin ard\u0131ndaki ger\u00e7e\u011fi ortaya \u00e7\u0131karmak i\u00e7in \u00e7\u0131kt\u0131\u011f\u0131 bu yolculukta, sokaklardaki ac\u0131mas\u0131z du\u0308\u015fmanlarla da kendi i\u00e7indeki karanl\u0131kla da yu\u0308zle\u015fmek zorundad\u0131r. Her ad\u0131mda belirsizli\u011fin hu\u0308ku\u0308m su\u0308rdu\u0308\u011fu\u0308, su\u00e7la adaletin aras\u0131ndaki \u00e7izginin giderek bulan\u0131kla\u015ft\u0131\u011f\u0131 bu kasvetli atmosferde Laidlaw\u2019un zek\u00e2s\u0131, i\u015fin i\u00e7inden \u00e7\u0131kmas\u0131n\u0131n tek yolu olacakt\u0131r. Ancak karanl\u0131\u011f\u0131n i\u00e7inde yu\u0308ru\u0308rken her yanl\u0131\u015f ad\u0131m\u0131n bedeli \u00f6lu\u0308mcu\u0308l olabilir. Baki Karanl\u0131k, ihanetin, intikam\u0131n ve \u00e7\u00f6zu\u0308lmesi zor bir cinayet sarmal\u0131n\u0131n ortas\u0131nda kalm\u0131\u015f bir dedektifin \u00e7arp\u0131c\u0131 \u00f6yku\u0308su\u0308nu\u0308 anlat\u0131yor. Su\u00e7 edebiyat\u0131n\u0131n karanl\u0131k k\u00f6\u015felerini aralayan bu su\u0308ru\u0308kleyici roman, okurlar\u0131 hem psikolojik hem de fiziksel gerilim dolu bir seru\u0308vene davet ediyor. <\/p>\n","protected":false},"excerpt":{"rendered":"<p>Glasgow\u2019un zorlu sokaklar\u0131nda adalet, karanl\u0131k g\u00f6lgelerin aras\u0131ndan su\u0308zu\u0308len ince bir \u0131\u015f\u0131k huzmesi gibidir. Cinayet Masas\u0131\u2019n\u0131n deneyimli dedektifi Jack Laidlaw, i\u015flenen vah\u015fi bir cinayetin ard\u0131ndaki s\u0131rlar\u0131 a\u00e7\u0131\u011fa<span class=\"excerpt-hellip\"> [\u2026]<\/span><\/p>\n","protected":false},"featured_media":0,"template":"","meta":{"_monsterinsights_skip_tracking":false,"_monsterinsights_sitenote_active":false,"_monsterinsights_sitenote_note":"","_monsterinsights_sitenote_category":0},"product_brand":[],"product_cat":[12291,12711],"product_tag":[],"class_list":{"0":"post-773750","1":"product","2":"type-product","3":"status-publish","5":"product_cat-edebiyat","6":"product_cat-roman-oyku","7":"pa_cilt-ciltsiz","8":"pa_tur-kitap","9":"pa_yayinevi-ayrinti-yayinlari","10":"pa_yazar-william-mcilvanney-ian-rankin","12":"first","13":"instock","14":"sale","15":"shipping-taxable","16":"purchasable","17":"product-type-simple"},"_links":{"self":[{"href":"https:\/\/roveyayinevi.com.tr\/index.php\/wp-json\/wp\/v2\/product\/773750","targetHints":{"allow":["GET"]}}],"collection":[{"href":"https:\/\/roveyayinevi.com.tr\/index.php\/wp-json\/wp\/v2\/product"}],"about":[{"href":"https:\/\/roveyayinevi.com.tr\/index.php\/wp-json\/wp\/v2\/types\/product"}],"wp:attachment":[{"href":"https:\/\/roveyayinevi.com.tr\/index.php\/wp-json\/wp\/v2\/media?parent=773750"}],"wp:term":[{"taxonomy":"product_brand","embeddable":true,"href":"https:\/\/roveyayinevi.com.tr\/index.php\/wp-json\/wp\/v2\/product_brand?post=773750"},{"taxonomy":"product_cat","embeddable":true,"href":"https:\/\/roveyayinevi.com.tr\/index.php\/wp-json\/wp\/v2\/product_cat?post=773750"},{"taxonomy":"product_tag","embeddable":true,"href":"https:\/\/roveyayinevi.com.tr\/index.php\/wp-json\/wp\/v2\/product_tag?post=773750"}],"curies":[{"name":"wp","href":"https:\/\/api.w.org\/{rel}","templated":true}]}}