{"id":773742,"date":"2025-08-28T16:27:04","date_gmt":"2025-08-28T13:27:04","guid":{"rendered":"https:\/\/roveyayinevi.com.tr\/index.php\/urun\/mir-2-ciltli\/"},"modified":"2026-04-15T03:39:55","modified_gmt":"2026-04-15T00:39:55","slug":"mir-2-ciltli","status":"publish","type":"product","link":"https:\/\/roveyayinevi.com.tr\/index.php\/urun\/mir-2-ciltli\/","title":{"rendered":"Mir 2 (Ciltli)"},"content":{"rendered":"<p>Kaderin ruh buldu\u011fu koca bir hik\u00e2yeyiz seninle. Derler ki; Yi\u011fit nam salar, diyar titrer imi\u015f, yi\u011fidi bir ceylan g\u00f6zl\u00fc yar usland\u0131r\u0131r imi\u015f. O yi\u011fidin nam sald\u0131\u011f\u0131 diyarlarda, bir sava\u015f alan\u0131nda ba\u015flam\u0131\u015ft\u0131 bizim hik\u00e2yemiz. Mir, koruyup kollamaya yeminli bir komutan, ben ise kendi korkular\u0131ndan ka\u00e7maya \u00e7al\u0131\u015fan bir yaral\u0131yd\u0131m. Ona kadar. Onun g\u00f6lgesinde de\u011fil, kalbinin tam ortas\u0131nda yer bulana kadar. Onu g\u00f6rd\u00fc\u011f\u00fcmde anlam\u0131\u015ft\u0131m. Bu hik\u00e2yenin sonuna ne bir zafer ne de yenilgi yaz\u0131lm\u0131\u015ft\u0131. Bizimkisi sadece bir kader yolculu\u011fuydu. K\u00f6kleri derinlere uzanan kaderle \u00f6r\u00fclm\u00fc\u015f bir ba\u011f\u0131n yolculu\u011fu. Orman\u0131n en vah\u015fisi aslan ile narin bir ceylan\u0131n yolculu\u011fu. \u201cBiz, Mir Aslan. Seninle ben\u2026 Bizden ba\u015fka kimsenin bizi anlayamayaca\u011f\u0131, bilemeyece\u011fi, kaderin ruh buldu\u011fu koca bir hik\u00e2yeyiz seninle.\u201d<\/p>\n","protected":false},"excerpt":{"rendered":"<p>Kaderin ruh buldu\u011fu koca bir hik\u00e2yeyiz seninle. Derler ki; Yi\u011fit nam salar, diyar titrer imi\u015f, yi\u011fidi bir ceylan g\u00f6zl\u00fc yar usland\u0131r\u0131r imi\u015f. O yi\u011fidin nam sald\u0131\u011f\u0131<span class=\"excerpt-hellip\"> [\u2026]<\/span><\/p>\n","protected":false},"featured_media":0,"template":"","meta":{"_monsterinsights_skip_tracking":false,"_monsterinsights_sitenote_active":false,"_monsterinsights_sitenote_note":"","_monsterinsights_sitenote_category":0},"product_brand":[],"product_cat":[12291,12711],"product_tag":[],"class_list":{"0":"post-773742","1":"product","2":"type-product","3":"status-publish","5":"product_cat-edebiyat","6":"product_cat-roman-oyku","7":"pa_cilt-ciltli","8":"pa_tur-kitap","9":"pa_yayinevi-guardian","10":"pa_yazar-humeyra","12":"first","13":"instock","14":"sale","15":"shipping-taxable","16":"purchasable","17":"product-type-simple"},"_links":{"self":[{"href":"https:\/\/roveyayinevi.com.tr\/index.php\/wp-json\/wp\/v2\/product\/773742","targetHints":{"allow":["GET"]}}],"collection":[{"href":"https:\/\/roveyayinevi.com.tr\/index.php\/wp-json\/wp\/v2\/product"}],"about":[{"href":"https:\/\/roveyayinevi.com.tr\/index.php\/wp-json\/wp\/v2\/types\/product"}],"wp:attachment":[{"href":"https:\/\/roveyayinevi.com.tr\/index.php\/wp-json\/wp\/v2\/media?parent=773742"}],"wp:term":[{"taxonomy":"product_brand","embeddable":true,"href":"https:\/\/roveyayinevi.com.tr\/index.php\/wp-json\/wp\/v2\/product_brand?post=773742"},{"taxonomy":"product_cat","embeddable":true,"href":"https:\/\/roveyayinevi.com.tr\/index.php\/wp-json\/wp\/v2\/product_cat?post=773742"},{"taxonomy":"product_tag","embeddable":true,"href":"https:\/\/roveyayinevi.com.tr\/index.php\/wp-json\/wp\/v2\/product_tag?post=773742"}],"curies":[{"name":"wp","href":"https:\/\/api.w.org\/{rel}","templated":true}]}}