{"id":773739,"date":"2025-08-28T16:26:58","date_gmt":"2025-08-28T13:26:58","guid":{"rendered":"https:\/\/roveyayinevi.com.tr\/index.php\/urun\/yanilginin-icadi\/"},"modified":"2025-10-21T11:46:23","modified_gmt":"2025-10-21T08:46:23","slug":"yanilginin-icadi","status":"publish","type":"product","link":"https:\/\/roveyayinevi.com.tr\/index.php\/urun\/yanilginin-icadi\/","title":{"rendered":"Yan\u0131lg\u0131n\u0131n \u0130cad\u0131"},"content":{"rendered":"<p>Canl\u0131l\u0131k, neyin m\u00fckemmel oldu\u011funa g\u00f6re de\u011fil, hangi \u00f6zelliklerin sonraki nesile aktar\u0131ld\u0131\u011f\u0131na g\u00f6re \u015fekillenir. Bizler, bu \u00e7a\u011fa ula\u015fmay\u0131 ba\u015farm\u0131\u015f genleri ta\u015f\u0131yoruz. \u0130\u00e7g\u00fcd\u00fclerimizin, d\u00fcrt\u00fclerimizin, tepkilerimizin, duygular\u0131m\u0131z\u0131n arkas\u0131nda biyolojik nedenler yat\u0131yor. Beynimiz, kendisini ortaya \u00e7\u0131kar\u0131p \u015fekillendirmi\u015f biyolojik ko\u015fullara g\u00f6re d\u00fc\u015f\u00fcn\u00fcyor. Sorun \u015fu ki; art\u0131k ayn\u0131 ko\u015fullarda ya\u015fam\u0131yoruz. Sahip oldu\u011fumuz sa\u011fl\u0131kl\u0131 bir beyin, tamamen olmas\u0131 gerekti\u011fi gibi \u00e7al\u0131\u015f\u0131rken; atalar\u0131n\u0131 tehdit eden korkular\u0131 tekrar ya\u015far, sa\u011fl\u0131\u011f\u0131 bozacak \u015feyler ister ve her veriyi strese bahane olarak kullan\u0131r. Rahatl\u0131kla zay\u0131fl\u0131\u011f\u0131, keyifle mutlulu\u011fu, d\u00fcrt\u00fclerle duygular\u0131, yasalarla varsay\u0131mlar\u0131 birbirine kar\u0131\u015ft\u0131r\u0131r. \u0130nsan, hayatta kalmaya odakl\u0131 biyolojik bir beyni kendi yaratt\u0131\u011f\u0131 mekanik d\u00fcnya d\u00fczeni i\u00e7in kullanan tek canl\u0131d\u0131r. Hayvanlarda olmay\u0131p da insanda olan \u015fey; yan\u0131lg\u0131d\u0131r<\/p>\n","protected":false},"excerpt":{"rendered":"<p>Canl\u0131l\u0131k, neyin m\u00fckemmel oldu\u011funa g\u00f6re de\u011fil, hangi \u00f6zelliklerin sonraki nesile aktar\u0131ld\u0131\u011f\u0131na g\u00f6re \u015fekillenir. Bizler, bu \u00e7a\u011fa ula\u015fmay\u0131 ba\u015farm\u0131\u015f genleri ta\u015f\u0131yoruz. \u0130\u00e7g\u00fcd\u00fclerimizin, d\u00fcrt\u00fclerimizin, tepkilerimizin, duygular\u0131m\u0131z\u0131n arkas\u0131nda biyolojik<span class=\"excerpt-hellip\"> [\u2026]<\/span><\/p>\n","protected":false},"featured_media":0,"template":"","meta":{"_monsterinsights_skip_tracking":false,"_monsterinsights_sitenote_active":false,"_monsterinsights_sitenote_note":"","_monsterinsights_sitenote_category":0},"product_brand":[],"product_cat":[13005],"product_tag":[],"class_list":{"0":"post-773739","1":"product","2":"type-product","3":"status-publish","5":"product_cat-bilim-muhendislik","6":"pa_cilt-ciltsiz","7":"pa_tur-kitap","8":"pa_yayinevi-bilge-kultur-sanat","9":"pa_yazar-abdullah-reha-nazli","11":"first","12":"instock","13":"sale","14":"shipping-taxable","15":"purchasable","16":"product-type-simple"},"_links":{"self":[{"href":"https:\/\/roveyayinevi.com.tr\/index.php\/wp-json\/wp\/v2\/product\/773739","targetHints":{"allow":["GET"]}}],"collection":[{"href":"https:\/\/roveyayinevi.com.tr\/index.php\/wp-json\/wp\/v2\/product"}],"about":[{"href":"https:\/\/roveyayinevi.com.tr\/index.php\/wp-json\/wp\/v2\/types\/product"}],"wp:attachment":[{"href":"https:\/\/roveyayinevi.com.tr\/index.php\/wp-json\/wp\/v2\/media?parent=773739"}],"wp:term":[{"taxonomy":"product_brand","embeddable":true,"href":"https:\/\/roveyayinevi.com.tr\/index.php\/wp-json\/wp\/v2\/product_brand?post=773739"},{"taxonomy":"product_cat","embeddable":true,"href":"https:\/\/roveyayinevi.com.tr\/index.php\/wp-json\/wp\/v2\/product_cat?post=773739"},{"taxonomy":"product_tag","embeddable":true,"href":"https:\/\/roveyayinevi.com.tr\/index.php\/wp-json\/wp\/v2\/product_tag?post=773739"}],"curies":[{"name":"wp","href":"https:\/\/api.w.org\/{rel}","templated":true}]}}