{"id":773736,"date":"2025-08-28T16:26:52","date_gmt":"2025-08-28T13:26:52","guid":{"rendered":"https:\/\/roveyayinevi.com.tr\/index.php\/urun\/disney-lilo-ve-stic\/"},"modified":"2026-03-23T03:31:42","modified_gmt":"2026-03-23T00:31:42","slug":"disney-lilo-ve-stic","status":"publish","type":"product","link":"https:\/\/roveyayinevi.com.tr\/index.php\/urun\/disney-lilo-ve-stic\/","title":{"rendered":"Disney Lilo ve Sti\u00e7"},"content":{"rendered":"<p>Lilo, Sti\u00e7\u2019i bar\u0131naktan sahiplendi\u011finde onun haylaz bir uzayl\u0131 oldu\u011funu bilmiyordu! \u0130ki arkada\u015f, farkl\u0131 olman\u0131n iyi yanlar\u0131n\u0131 ve ailenin, u\u011fruna sava\u015fmaya de\u011fer bir ba\u011f oldu\u011funu birlikte \u00f6\u011frenecek&#8230; Hem de uzayl\u0131lara kar\u015f\u0131 heyecan dolu bir macerayla!                         <\/p>\n","protected":false},"excerpt":{"rendered":"<p>Lilo, Sti\u00e7\u2019i bar\u0131naktan sahiplendi\u011finde onun haylaz bir uzayl\u0131 oldu\u011funu bilmiyordu! \u0130ki arkada\u015f, farkl\u0131 olman\u0131n iyi yanlar\u0131n\u0131 ve ailenin, u\u011fruna sava\u015fmaya de\u011fer bir ba\u011f oldu\u011funu birlikte \u00f6\u011frenecek&#8230;<span class=\"excerpt-hellip\"> [\u2026]<\/span><\/p>\n","protected":false},"featured_media":0,"template":"","meta":{"_monsterinsights_skip_tracking":false,"_monsterinsights_sitenote_active":false,"_monsterinsights_sitenote_note":"","_monsterinsights_sitenote_category":0},"product_brand":[],"product_cat":[12274,12284],"product_tag":[],"class_list":{"0":"post-773736","1":"product","2":"type-product","3":"status-publish","5":"product_cat-cocuk-ve-genclik-kitaplari","6":"product_cat-hikayeler","7":"pa_cilt-ciltsiz","8":"pa_tur-kitap","9":"pa_yayinevi-dogan-cocuk","10":"pa_yazar-kolektif","12":"first","13":"instock","14":"sale","15":"shipping-taxable","16":"purchasable","17":"product-type-simple"},"_links":{"self":[{"href":"https:\/\/roveyayinevi.com.tr\/index.php\/wp-json\/wp\/v2\/product\/773736","targetHints":{"allow":["GET"]}}],"collection":[{"href":"https:\/\/roveyayinevi.com.tr\/index.php\/wp-json\/wp\/v2\/product"}],"about":[{"href":"https:\/\/roveyayinevi.com.tr\/index.php\/wp-json\/wp\/v2\/types\/product"}],"wp:attachment":[{"href":"https:\/\/roveyayinevi.com.tr\/index.php\/wp-json\/wp\/v2\/media?parent=773736"}],"wp:term":[{"taxonomy":"product_brand","embeddable":true,"href":"https:\/\/roveyayinevi.com.tr\/index.php\/wp-json\/wp\/v2\/product_brand?post=773736"},{"taxonomy":"product_cat","embeddable":true,"href":"https:\/\/roveyayinevi.com.tr\/index.php\/wp-json\/wp\/v2\/product_cat?post=773736"},{"taxonomy":"product_tag","embeddable":true,"href":"https:\/\/roveyayinevi.com.tr\/index.php\/wp-json\/wp\/v2\/product_tag?post=773736"}],"curies":[{"name":"wp","href":"https:\/\/api.w.org\/{rel}","templated":true}]}}