{"id":773734,"date":"2025-08-28T16:26:48","date_gmt":"2025-08-28T13:26:48","guid":{"rendered":"https:\/\/roveyayinevi.com.tr\/index.php\/urun\/labubu-100-cikartmali-boyama-kitabi\/"},"modified":"2026-04-15T03:39:55","modified_gmt":"2026-04-15T00:39:55","slug":"labubu-100-cikartmali-boyama-kitabi","status":"publish","type":"product","link":"https:\/\/roveyayinevi.com.tr\/index.php\/urun\/labubu-100-cikartmali-boyama-kitabi\/","title":{"rendered":"Labubu &#8211; 100+ \u00c7\u0131kartmal\u0131 Boyama Kitab\u0131"},"content":{"rendered":"<p>Labubu\u2019nun tarz\u0131 bu! Kurallar\u0131 unut, diledi\u011fin gibi boya. \u00c7\u0131kartmalar\u0131 can\u0131n nereye isterse oraya yap\u0131\u015ft\u0131r. Kitab\u0131n sonunda seni bekleyen 7 haval\u0131 \u00e7anta s\u00fcs\u00fcn\u00fc kesik \u00e7izgilerden kes, deliklerinden ip ge\u00e7ir ve\u2026 \u0130\u015fte kar\u015f\u0131nda bir s\u00fcr\u00fc Labubu\u2019lu \u00e7anta s\u00fcs\u00fc! <\/p>\n","protected":false},"excerpt":{"rendered":"<p>Labubu\u2019nun tarz\u0131 bu! Kurallar\u0131 unut, diledi\u011fin gibi boya. \u00c7\u0131kartmalar\u0131 can\u0131n nereye isterse oraya yap\u0131\u015ft\u0131r. Kitab\u0131n sonunda seni bekleyen 7 haval\u0131 \u00e7anta s\u00fcs\u00fcn\u00fc kesik \u00e7izgilerden kes, deliklerinden<span class=\"excerpt-hellip\"> [\u2026]<\/span><\/p>\n","protected":false},"featured_media":0,"template":"","meta":{"_monsterinsights_skip_tracking":false,"_monsterinsights_sitenote_active":false,"_monsterinsights_sitenote_note":"","_monsterinsights_sitenote_category":0},"product_brand":[],"product_cat":[12644,12274],"product_tag":[],"class_list":{"0":"post-773734","1":"product","2":"type-product","3":"status-publish","5":"product_cat-boyama-kitaplari","6":"product_cat-cocuk-ve-genclik-kitaplari","7":"pa_cilt-ciltsiz","8":"pa_tur-kitap","9":"pa_yayinevi-dogan-cocuk","10":"pa_yazar-kolektif","12":"first","13":"instock","14":"sale","15":"shipping-taxable","16":"purchasable","17":"product-type-simple"},"_links":{"self":[{"href":"https:\/\/roveyayinevi.com.tr\/index.php\/wp-json\/wp\/v2\/product\/773734","targetHints":{"allow":["GET"]}}],"collection":[{"href":"https:\/\/roveyayinevi.com.tr\/index.php\/wp-json\/wp\/v2\/product"}],"about":[{"href":"https:\/\/roveyayinevi.com.tr\/index.php\/wp-json\/wp\/v2\/types\/product"}],"wp:attachment":[{"href":"https:\/\/roveyayinevi.com.tr\/index.php\/wp-json\/wp\/v2\/media?parent=773734"}],"wp:term":[{"taxonomy":"product_brand","embeddable":true,"href":"https:\/\/roveyayinevi.com.tr\/index.php\/wp-json\/wp\/v2\/product_brand?post=773734"},{"taxonomy":"product_cat","embeddable":true,"href":"https:\/\/roveyayinevi.com.tr\/index.php\/wp-json\/wp\/v2\/product_cat?post=773734"},{"taxonomy":"product_tag","embeddable":true,"href":"https:\/\/roveyayinevi.com.tr\/index.php\/wp-json\/wp\/v2\/product_tag?post=773734"}],"curies":[{"name":"wp","href":"https:\/\/api.w.org\/{rel}","templated":true}]}}