{"id":773732,"date":"2025-08-28T16:26:44","date_gmt":"2025-08-28T13:26:44","guid":{"rendered":"https:\/\/roveyayinevi.com.tr\/index.php\/urun\/mavi-labubu-cikartma-hediyeli-boyama-kitabi\/"},"modified":"2026-04-15T03:39:55","modified_gmt":"2026-04-15T00:39:55","slug":"mavi-labubu-cikartma-hediyeli-boyama-kitabi","status":"publish","type":"product","link":"https:\/\/roveyayinevi.com.tr\/index.php\/urun\/mavi-labubu-cikartma-hediyeli-boyama-kitabi\/","title":{"rendered":"Mavi Labubu \u2013  \u00c7\u0131kartma Hediyeli Boyama Kitab\u0131"},"content":{"rendered":"<p>Sak\u0131n \u015fa\u015f\u0131rma! Labubu bu durmaz yerinde!  Bazen boyanmay\u0131 bekler bazen renklerin pe\u015finden ko\u015far.  Ama en \u00e7ok da seninle e\u011flenmeyi sever.  Boya kalemlerinle hayal g\u00fcc\u00fcn\u00fc serbest b\u0131rak.  \u00c7\u0131kartmalar\u0131nla Labubu\u2019yu s\u00fcslemeyi de unutma! <\/p>\n","protected":false},"excerpt":{"rendered":"<p>Sak\u0131n \u015fa\u015f\u0131rma! Labubu bu durmaz yerinde! Bazen boyanmay\u0131 bekler bazen renklerin pe\u015finden ko\u015far. Ama en \u00e7ok da seninle e\u011flenmeyi sever. Boya kalemlerinle hayal g\u00fcc\u00fcn\u00fc serbest b\u0131rak.<span class=\"excerpt-hellip\"> [\u2026]<\/span><\/p>\n","protected":false},"featured_media":0,"template":"","meta":{"_monsterinsights_skip_tracking":false,"_monsterinsights_sitenote_active":false,"_monsterinsights_sitenote_note":"","_monsterinsights_sitenote_category":0},"product_brand":[],"product_cat":[12644,12274],"product_tag":[],"class_list":{"0":"post-773732","1":"product","2":"type-product","3":"status-publish","5":"product_cat-boyama-kitaplari","6":"product_cat-cocuk-ve-genclik-kitaplari","7":"pa_cilt-ciltsiz","8":"pa_tur-kitap","9":"pa_yayinevi-dogan-cocuk","10":"pa_yazar-kolektif","12":"first","13":"instock","14":"sale","15":"shipping-taxable","16":"purchasable","17":"product-type-simple"},"_links":{"self":[{"href":"https:\/\/roveyayinevi.com.tr\/index.php\/wp-json\/wp\/v2\/product\/773732","targetHints":{"allow":["GET"]}}],"collection":[{"href":"https:\/\/roveyayinevi.com.tr\/index.php\/wp-json\/wp\/v2\/product"}],"about":[{"href":"https:\/\/roveyayinevi.com.tr\/index.php\/wp-json\/wp\/v2\/types\/product"}],"wp:attachment":[{"href":"https:\/\/roveyayinevi.com.tr\/index.php\/wp-json\/wp\/v2\/media?parent=773732"}],"wp:term":[{"taxonomy":"product_brand","embeddable":true,"href":"https:\/\/roveyayinevi.com.tr\/index.php\/wp-json\/wp\/v2\/product_brand?post=773732"},{"taxonomy":"product_cat","embeddable":true,"href":"https:\/\/roveyayinevi.com.tr\/index.php\/wp-json\/wp\/v2\/product_cat?post=773732"},{"taxonomy":"product_tag","embeddable":true,"href":"https:\/\/roveyayinevi.com.tr\/index.php\/wp-json\/wp\/v2\/product_tag?post=773732"}],"curies":[{"name":"wp","href":"https:\/\/api.w.org\/{rel}","templated":true}]}}