{"id":773731,"date":"2025-08-28T16:26:43","date_gmt":"2025-08-28T13:26:43","guid":{"rendered":"https:\/\/roveyayinevi.com.tr\/index.php\/urun\/artik-sira-sende\/"},"modified":"2026-04-15T03:39:55","modified_gmt":"2026-04-15T00:39:55","slug":"artik-sira-sende","status":"publish","type":"product","link":"https:\/\/roveyayinevi.com.tr\/index.php\/urun\/artik-sira-sende\/","title":{"rendered":"Art\u0131k S\u0131ra Sende"},"content":{"rendered":"<p>Herkesi memnun etmeye \u00e7al\u0131\u015f\u0131rken kendinizi unuttuysan\u0131z, \u00f6z\u00fcn\u00fcze d\u00f6nme s\u0131ras\u0131 art\u0131k sizde\u2026   Sevilmek, onaylanmak ve kabul edilmek istemek insan olman\u0131n bir par\u00e7as\u0131. Ba\u015fkalar\u0131n\u0131 memnun etmek ve onlar\u0131n ihtiya\u00e7lar\u0131n\u0131 kar\u015f\u0131lamaya \u00e7al\u0131\u015fmak k\u0131ymetli bir \u00e7aba olsa da kendi ihtiya\u00e7lar\u0131m\u0131z\u0131 yok sayd\u0131\u011f\u0131m\u0131z anda bu, \u201cvermek\u201d ad\u0131 alt\u0131nda bir \u201calma\u201d d\u00f6ng\u00fcs\u00fcne d\u00f6n\u00fc\u015f\u00fcr. Ve \u00e7o\u011fu zaman, ger\u00e7ekten ihtiyac\u0131m\u0131z olan \u015feyi elde edemeyiz.   Psikoterapist Emma Reed Turrell, dan\u0131\u015fanlar\u0131n\u0131n deneyimlerinden yola \u00e7\u0131karak, insanlar\u0131 memnun etme davran\u0131\u015f\u0131n\u0131n alt\u0131nda yatan nedenleri g\u00f6zler \u00f6n\u00fcne seriyor ve i\u00e7inizdeki sese kulak vererek daha dengeli bir ya\u015fam s\u00fcrmenizi sa\u011flayacak ipu\u00e7lar\u0131 payla\u015f\u0131yor.   Art\u0131k S\u0131ra Sende, sessiz kalmak yerine sevilmemeyi g\u00f6ze almay\u0131, ka\u00e7\u0131nmak yerine kabullenmeyi ve ge\u00e7mi\u015fe saplan\u0131p kalmak yerine y\u00fcz\u00fcn\u00fcz\u00fc gelece\u011fe \u00e7evirmeyi \u00f6\u011fretecek. En \u00f6nemlisi, ba\u015fkalar\u0131n\u0131n y\u00fck\u00fcn\u00fc s\u0131rtlanmadan \u00f6nce bakman\u0131z gereken ki\u015finin kendiniz oldu\u011funu hat\u0131rlatacak.   \u201cE\u011fer s\u00fcrekli insanlar\u0131 memnun etmek i\u00e7in \u00e7abal\u0131yorsan\u0131z bu kitap hayat\u0131n\u0131z\u0131 de\u011fi\u015ftirecek.\u201d \u2013Elizabeth Day <\/p>\n","protected":false},"excerpt":{"rendered":"<p>Herkesi memnun etmeye \u00e7al\u0131\u015f\u0131rken kendinizi unuttuysan\u0131z, \u00f6z\u00fcn\u00fcze d\u00f6nme s\u0131ras\u0131 art\u0131k sizde\u2026 Sevilmek, onaylanmak ve kabul edilmek istemek insan olman\u0131n bir par\u00e7as\u0131. Ba\u015fkalar\u0131n\u0131 memnun etmek ve onlar\u0131n<span class=\"excerpt-hellip\"> [\u2026]<\/span><\/p>\n","protected":false},"featured_media":0,"template":"","meta":{"_monsterinsights_skip_tracking":false,"_monsterinsights_sitenote_active":false,"_monsterinsights_sitenote_note":"","_monsterinsights_sitenote_category":0},"product_brand":[],"product_cat":[12364,12376],"product_tag":[],"class_list":{"0":"post-773731","1":"product","2":"type-product","3":"status-publish","5":"product_cat-genel-konular","6":"product_cat-kisisel-gelisim","7":"pa_cilt-ciltsiz","8":"pa_tur-kitap","9":"pa_yayinevi-dogan-novus","10":"pa_yazar-emma-reed-turrell","12":"first","13":"instock","14":"sale","15":"shipping-taxable","16":"purchasable","17":"product-type-simple"},"_links":{"self":[{"href":"https:\/\/roveyayinevi.com.tr\/index.php\/wp-json\/wp\/v2\/product\/773731","targetHints":{"allow":["GET"]}}],"collection":[{"href":"https:\/\/roveyayinevi.com.tr\/index.php\/wp-json\/wp\/v2\/product"}],"about":[{"href":"https:\/\/roveyayinevi.com.tr\/index.php\/wp-json\/wp\/v2\/types\/product"}],"wp:attachment":[{"href":"https:\/\/roveyayinevi.com.tr\/index.php\/wp-json\/wp\/v2\/media?parent=773731"}],"wp:term":[{"taxonomy":"product_brand","embeddable":true,"href":"https:\/\/roveyayinevi.com.tr\/index.php\/wp-json\/wp\/v2\/product_brand?post=773731"},{"taxonomy":"product_cat","embeddable":true,"href":"https:\/\/roveyayinevi.com.tr\/index.php\/wp-json\/wp\/v2\/product_cat?post=773731"},{"taxonomy":"product_tag","embeddable":true,"href":"https:\/\/roveyayinevi.com.tr\/index.php\/wp-json\/wp\/v2\/product_tag?post=773731"}],"curies":[{"name":"wp","href":"https:\/\/api.w.org\/{rel}","templated":true}]}}