{"id":773725,"date":"2025-08-28T16:26:29","date_gmt":"2025-08-28T13:26:29","guid":{"rendered":"https:\/\/roveyayinevi.com.tr\/index.php\/urun\/duzenli-kazanc-borsa-ve-finans-piyasalarinda\/"},"modified":"2026-01-30T04:12:48","modified_gmt":"2026-01-30T01:12:48","slug":"duzenli-kazanc-borsa-ve-finans-piyasalarinda","status":"publish","type":"product","link":"https:\/\/roveyayinevi.com.tr\/index.php\/urun\/duzenli-kazanc-borsa-ve-finans-piyasalarinda\/","title":{"rendered":"D\u00fczenli Kazan\u00e7 Borsa ve Finans Piyasalar\u0131nda"},"content":{"rendered":"<p>Borsa, bir oyun de\u011fildir oynanmaz.  Bir oyun oynad\u0131\u011f\u0131n\u0131zda, oyun bitip ekranda game over yazd\u0131\u011f\u0131nda, elinizdeki oyun aletini b\u0131rak\u0131p kendi hayat\u0131n\u0131zda d\u00f6nebilirsiniz. Ama borsaya bir oyun olarak bakarsan\u0131z, ekranda game over yazd\u0131\u011f\u0131nda geri d\u00f6necek bir hayat\u0131n\u0131z olmayabilir. Alm\u0131\u015f oldu\u011funuz riskin b\u00fcy\u00fckl\u00fc\u011f\u00fcn\u00fc ancak bu \u015fekilde anlatabilirim size. Bu nedenle borsaya bir oyun gibi de\u011fil, \u00e7ok ciddiye al\u0131nmas\u0131 gereken bir yat\u0131r\u0131m arac\u0131 olarak bakmak gerekiyor.  Peki neden bunu dilimizde borsa oynuyoruz \u015feklinde ifade ediyoruz? Bazen &#8220;hay\u0131r borsa oyun de\u011fil oynanmaz&#8221; tepkisini verdi\u011fimde insanlar, &#8220;Yahu biz \u00f6ylesine kulland\u0131k bu kelimeyi&#8221; diyorlar. Ama asl\u0131nda i\u015fin ger\u00e7e\u011fi \u00f6yle de\u011fil. A\u011fz\u0131m\u0131zdan \u00e7\u0131kan c\u00fcmleler bizim psikolojimizi ve bak\u0131\u015f a\u00e7\u0131m\u0131z\u0131 yans\u0131t\u0131r.  <\/p>\n","protected":false},"excerpt":{"rendered":"<p>Borsa, bir oyun de\u011fildir oynanmaz. Bir oyun oynad\u0131\u011f\u0131n\u0131zda, oyun bitip ekranda game over yazd\u0131\u011f\u0131nda, elinizdeki oyun aletini b\u0131rak\u0131p kendi hayat\u0131n\u0131zda d\u00f6nebilirsiniz. Ama borsaya bir oyun olarak<span class=\"excerpt-hellip\"> [\u2026]<\/span><\/p>\n","protected":false},"featured_media":0,"template":"","meta":{"_monsterinsights_skip_tracking":false,"_monsterinsights_sitenote_active":false,"_monsterinsights_sitenote_note":"","_monsterinsights_sitenote_category":0},"product_brand":[],"product_cat":[17249,13043],"product_tag":[],"class_list":{"0":"post-773725","1":"product","2":"type-product","3":"status-publish","5":"product_cat-borsa-finans","6":"product_cat-ekonomi","7":"pa_cilt-ciltsiz","8":"pa_tur-kitap","9":"pa_yayinevi-vova-yayinlari","10":"pa_yazar-ali-yildirim","12":"first","13":"instock","14":"sale","15":"shipping-taxable","16":"purchasable","17":"product-type-simple"},"_links":{"self":[{"href":"https:\/\/roveyayinevi.com.tr\/index.php\/wp-json\/wp\/v2\/product\/773725","targetHints":{"allow":["GET"]}}],"collection":[{"href":"https:\/\/roveyayinevi.com.tr\/index.php\/wp-json\/wp\/v2\/product"}],"about":[{"href":"https:\/\/roveyayinevi.com.tr\/index.php\/wp-json\/wp\/v2\/types\/product"}],"wp:attachment":[{"href":"https:\/\/roveyayinevi.com.tr\/index.php\/wp-json\/wp\/v2\/media?parent=773725"}],"wp:term":[{"taxonomy":"product_brand","embeddable":true,"href":"https:\/\/roveyayinevi.com.tr\/index.php\/wp-json\/wp\/v2\/product_brand?post=773725"},{"taxonomy":"product_cat","embeddable":true,"href":"https:\/\/roveyayinevi.com.tr\/index.php\/wp-json\/wp\/v2\/product_cat?post=773725"},{"taxonomy":"product_tag","embeddable":true,"href":"https:\/\/roveyayinevi.com.tr\/index.php\/wp-json\/wp\/v2\/product_tag?post=773725"}],"curies":[{"name":"wp","href":"https:\/\/api.w.org\/{rel}","templated":true}]}}