{"id":773723,"date":"2025-08-28T16:26:24","date_gmt":"2025-08-28T13:26:24","guid":{"rendered":"https:\/\/roveyayinevi.com.tr\/index.php\/urun\/h-o-t-hayat-ofke-tuzak\/"},"modified":"2026-04-15T03:39:55","modified_gmt":"2026-04-15T00:39:55","slug":"h-o-t-hayat-ofke-tuzak","status":"publish","type":"product","link":"https:\/\/roveyayinevi.com.tr\/index.php\/urun\/h-o-t-hayat-ofke-tuzak\/","title":{"rendered":"H.\u00d6.T &#8211; Hayat \u00d6fke Tuzak"},"content":{"rendered":"<p>1970\u2019li y\u0131llar\u0131n sonu\u2026 T\u00fcrkiye&#8217;nin gen\u00e7li\u011fi idealleri u\u011fruna ikiye b\u00f6l\u00fcnm\u00fc\u015f. Fakat s\u00f6z konusu dostluk olunca idealler nas\u0131l evrilir. \u0130\u015fte onun hik\u00e2yesi. Zara\u2019dan Ankara\u2019ya uzanan bir yol\u2026 Sevgilisine kavu\u015fmak i\u00e7in yola \u00e7\u0131kan bir delikanl\u0131n\u0131n, b\u00fcy\u00fck \u015fehirde ayakta kalma m\u00fccadelesi\u2026 Y\u00fcre\u011fi sevdayla dolu, s\u0131rt\u0131nda ge\u00e7mi\u015fin y\u00fck\u00fcyle Ankara\u2019n\u0131n karma\u015fas\u0131nda \u00e7are arayan gen\u00e7 bir adam. Ta\u015fran\u0131n sessizli\u011finden kopup gelen bu yolcu, Ankara\u2019da hem hayata hem kendine tutunmaya \u00e7al\u0131\u015f\u0131yor. Yaln\u0131zl\u0131kla, yoksullukla, yabanc\u0131l\u0131kla s\u0131nan\u0131yor. Ama sadece ac\u0131yla de\u011fil, dostlukla da tan\u0131\u015f\u0131yor. Hayat\u0131n zorluklar\u0131na \u00f6fkeyle direniyor. Sevdi\u011fi kad\u0131na, hayal etti\u011fi gelece\u011fe ve kendi yerini bulma arzusuna tutunarak y\u00fcr\u00fcyor. G\u00fcc\u00fcn\u00fc bazen bir arkada\u015f\u0131n omuz vermesinden, bazen sokaklarda yank\u0131lanan bir ezgiden al\u0131yor. H\u00d6T: Hayat, \u00d6fke, Tuzak. <\/p>\n","protected":false},"excerpt":{"rendered":"<p>1970\u2019li y\u0131llar\u0131n sonu\u2026 T\u00fcrkiye&#8217;nin gen\u00e7li\u011fi idealleri u\u011fruna ikiye b\u00f6l\u00fcnm\u00fc\u015f. Fakat s\u00f6z konusu dostluk olunca idealler nas\u0131l evrilir. \u0130\u015fte onun hik\u00e2yesi. Zara\u2019dan Ankara\u2019ya uzanan bir yol\u2026 Sevgilisine<span class=\"excerpt-hellip\"> [\u2026]<\/span><\/p>\n","protected":false},"featured_media":0,"template":"","meta":{"_monsterinsights_skip_tracking":false,"_monsterinsights_sitenote_active":false,"_monsterinsights_sitenote_note":"","_monsterinsights_sitenote_category":0},"product_brand":[],"product_cat":[12291,12711],"product_tag":[],"class_list":{"0":"post-773723","1":"product","2":"type-product","3":"status-publish","5":"product_cat-edebiyat","6":"product_cat-roman-oyku","7":"pa_cilt-ciltsiz","8":"pa_tur-kitap","9":"pa_yayinevi-servet-yayinevi","10":"pa_yazar-ismail-sevim","12":"first","13":"instock","14":"sale","15":"shipping-taxable","16":"purchasable","17":"product-type-simple"},"_links":{"self":[{"href":"https:\/\/roveyayinevi.com.tr\/index.php\/wp-json\/wp\/v2\/product\/773723","targetHints":{"allow":["GET"]}}],"collection":[{"href":"https:\/\/roveyayinevi.com.tr\/index.php\/wp-json\/wp\/v2\/product"}],"about":[{"href":"https:\/\/roveyayinevi.com.tr\/index.php\/wp-json\/wp\/v2\/types\/product"}],"wp:attachment":[{"href":"https:\/\/roveyayinevi.com.tr\/index.php\/wp-json\/wp\/v2\/media?parent=773723"}],"wp:term":[{"taxonomy":"product_brand","embeddable":true,"href":"https:\/\/roveyayinevi.com.tr\/index.php\/wp-json\/wp\/v2\/product_brand?post=773723"},{"taxonomy":"product_cat","embeddable":true,"href":"https:\/\/roveyayinevi.com.tr\/index.php\/wp-json\/wp\/v2\/product_cat?post=773723"},{"taxonomy":"product_tag","embeddable":true,"href":"https:\/\/roveyayinevi.com.tr\/index.php\/wp-json\/wp\/v2\/product_tag?post=773723"}],"curies":[{"name":"wp","href":"https:\/\/api.w.org\/{rel}","templated":true}]}}