{"id":773718,"date":"2025-08-28T16:26:13","date_gmt":"2025-08-28T13:26:13","guid":{"rendered":"https:\/\/roveyayinevi.com.tr\/index.php\/urun\/japonca-ve-altay-dilleri\/"},"modified":"2026-04-15T03:39:54","modified_gmt":"2026-04-15T00:39:54","slug":"japonca-ve-altay-dilleri","status":"publish","type":"product","link":"https:\/\/roveyayinevi.com.tr\/index.php\/urun\/japonca-ve-altay-dilleri\/","title":{"rendered":"Japonca ve Altay Dilleri"},"content":{"rendered":"<p>Japoncan\u0131n d\u00fcnyadaki \u00f6b\u00fcr diller ya da dil aileleri ile akrabal\u0131\u011f\u0131 konusunda \u015fimdiye kadar pek \u00e7ok teori ileri s\u00fcr\u00fclm\u00fc\u015ft\u00fcr. Shiro Hattori\u2019nin de vaktiyle belirtmi\u015f oldu\u011fu gibi, Japonca hemen hemen d\u00fcnyada konu\u015fulan b\u00fct\u00fcn dillerle kar\u015f\u0131la\u015ft\u0131r\u0131lm\u0131\u015ft\u0131r. Japoncan\u0131n soyca akraba oldu\u011fu ileri s\u00fcr\u00fclen diller aras\u0131nda Aynu, Eskimo ve Aleut dilleri ile, \u00c7ince, Burma dili, Tibet\u00e7e, Mon-Hmer dili, Korece, Ural dilleri, Altay dilleri, Malay-Polinezya dilleri, Fars\u00e7a, Grek\u00e7e, \u0130rce ya da \u0130rlanda dili, Bask\u00e7a ve S\u00fcmerce gibi birbirinden farkl\u0131 pek \u00e7ok dil ve dil ailesi bulunur. Son olarak da Japoncan\u0131n G\u00fcney Hindistan\u2019da konu\u015fulan Dravid dillerinden biri olan Tamilce ile akraba oldu\u011fu teorisi ileri s\u00fcr\u00fclm\u00fc\u015ft\u00fcr. \u0130lk bask\u0131s\u0131ndan farkl\u0131 olarak bu bask\u0131da yazar\u0131n konuyla ilgili iki \u0130ngilizce makalesinin T\u00fcrk\u00e7e \u00e7evirisi de yer almaktad\u0131r. <\/p>\n","protected":false},"excerpt":{"rendered":"<p>Japoncan\u0131n d\u00fcnyadaki \u00f6b\u00fcr diller ya da dil aileleri ile akrabal\u0131\u011f\u0131 konusunda \u015fimdiye kadar pek \u00e7ok teori ileri s\u00fcr\u00fclm\u00fc\u015ft\u00fcr. Shiro Hattori\u2019nin de vaktiyle belirtmi\u015f oldu\u011fu gibi, Japonca<span class=\"excerpt-hellip\"> [\u2026]<\/span><\/p>\n","protected":false},"featured_media":0,"template":"","meta":{"_monsterinsights_skip_tracking":false,"_monsterinsights_sitenote_active":false,"_monsterinsights_sitenote_note":"","_monsterinsights_sitenote_category":0},"product_brand":[],"product_cat":[13072,12291],"product_tag":[],"class_list":{"0":"post-773718","1":"product","2":"type-product","3":"status-publish","5":"product_cat-arastirma-inceleme-referans","6":"product_cat-edebiyat","7":"pa_cilt-ciltsiz","8":"pa_tur-kitap","9":"pa_yayinevi-bilgesu-yayincilik","10":"pa_yazar-talat-tekin","12":"first","13":"instock","14":"sale","15":"shipping-taxable","16":"purchasable","17":"product-type-simple"},"_links":{"self":[{"href":"https:\/\/roveyayinevi.com.tr\/index.php\/wp-json\/wp\/v2\/product\/773718","targetHints":{"allow":["GET"]}}],"collection":[{"href":"https:\/\/roveyayinevi.com.tr\/index.php\/wp-json\/wp\/v2\/product"}],"about":[{"href":"https:\/\/roveyayinevi.com.tr\/index.php\/wp-json\/wp\/v2\/types\/product"}],"wp:attachment":[{"href":"https:\/\/roveyayinevi.com.tr\/index.php\/wp-json\/wp\/v2\/media?parent=773718"}],"wp:term":[{"taxonomy":"product_brand","embeddable":true,"href":"https:\/\/roveyayinevi.com.tr\/index.php\/wp-json\/wp\/v2\/product_brand?post=773718"},{"taxonomy":"product_cat","embeddable":true,"href":"https:\/\/roveyayinevi.com.tr\/index.php\/wp-json\/wp\/v2\/product_cat?post=773718"},{"taxonomy":"product_tag","embeddable":true,"href":"https:\/\/roveyayinevi.com.tr\/index.php\/wp-json\/wp\/v2\/product_tag?post=773718"}],"curies":[{"name":"wp","href":"https:\/\/api.w.org\/{rel}","templated":true}]}}